{"id":1005,"date":"2025-12-30T06:17:06","date_gmt":"2025-12-30T06:17:06","guid":{"rendered":"https:\/\/custompapertubeboxes.com\/?post_type=product&#038;p=1005"},"modified":"2025-12-30T06:22:02","modified_gmt":"2025-12-30T06:22:02","slug":"eco-friendly-customized-kraft-paper-round-cardboard-tube-packaging-with-window","status":"publish","type":"product","link":"https:\/\/custompapertubeboxes.com\/de\/eco-friendly-customized-kraft-paper-round-cardboard-tube-packaging-with-window\/","title":{"rendered":"Umweltfreundliche kundenindividuelle Kraftpapier-Rundkarton-Verpackung mit Fenster"},"content":{"rendered":"<p>diese umweltfreundliche, individuell gestaltete, runde kartonh\u00fclse aus kraftpapier wurde f\u00fcr marken entwickelt, die sowohl Wert auf pr\u00e4sentation als auch auf nachhaltigkeit legen. sie besteht aus 800 g\/m\u00b2 festem papier und ist mit 125 g\/m\u00b2 kraftpapier ausgekleidet. sie bietet einen soliden schutz in einer kompakten gr\u00f6\u00dfe von 6 \u00d7 9 cm. das eingebaute fenster sorgt f\u00fcr eine praktische Note, da das produkt deutlich sichtbar ist, ohne dass die schachtel ge\u00f6ffnet werden muss. durch die matte kaschierung, den offsetdruck und die optionale hei\u00dffolienpr\u00e4gung f\u00fchlt sich die h\u00fclse nat\u00fcrlich und dennoch edel an. sie ist eine durchdachte verpackungswahl f\u00fcr kleine produkte, geschenke und einzelhandelsartikel, die ein sauberes, ehrliches aussehen verdienen.<\/p>","protected":false},"excerpt":{"rendered":"<p>diese runde kraftpapierh\u00fclse mit durchsichtigem fenster vereint nachhaltigkeit und sichtbarkeit. sie besteht aus festem papier mit matter oberfl\u00e4che und sch\u00fctzt die produkte, w\u00e4hrend die kunden sehen k\u00f6nnen, was sich darin befindet.<\/p>","protected":false},"featured_media":1006,"template":"","meta":{"_gspb_post_css":""},"product_brand":[],"product_cat":[27],"product_tag":[637,429,385,638,635,636],"class_list":{"0":"post-1005","1":"product","2":"type-product","3":"status-publish","4":"has-post-thumbnail","6":"product_cat-kraft-paper-tubes","7":"product_tag-custom-kraft-tube","8":"product_tag-eco-friendly-paper-tube","9":"product_tag-kraft-paper-tube-packaging","10":"product_tag-recyclable-tube-packaging","11":"product_tag-round-cardboard-tube-box","12":"product_tag-window-paper-tube-box","14":"first","15":"instock","16":"shipping-taxable","17":"product-type-simple"},"_links":{"self":[{"href":"https:\/\/custompapertubeboxes.com\/de\/wp-json\/wp\/v2\/product\/1005","targetHints":{"allow":["GET"]}}],"collection":[{"href":"https:\/\/custompapertubeboxes.com\/de\/wp-json\/wp\/v2\/product"}],"about":[{"href":"https:\/\/custompapertubeboxes.com\/de\/wp-json\/wp\/v2\/types\/product"}],"wp:featuredmedia":[{"embeddable":true,"href":"https:\/\/custompapertubeboxes.com\/de\/wp-json\/wp\/v2\/media\/1006"}],"wp:attachment":[{"href":"https:\/\/custompapertubeboxes.com\/de\/wp-json\/wp\/v2\/media?parent=1005"}],"wp:term":[{"taxonomy":"product_brand","embeddable":true,"href":"https:\/\/custompapertubeboxes.com\/de\/wp-json\/wp\/v2\/product_brand?post=1005"},{"taxonomy":"product_cat","embeddable":true,"href":"https:\/\/custompapertubeboxes.com\/de\/wp-json\/wp\/v2\/product_cat?post=1005"},{"taxonomy":"product_tag","embeddable":true,"href":"https:\/\/custompapertubeboxes.com\/de\/wp-json\/wp\/v2\/product_tag?post=1005"}],"curies":[{"name":"wp","href":"https:\/\/api.w.org\/{rel}","templated":true}]}}