{"id":1038,"date":"2025-12-30T06:37:30","date_gmt":"2025-12-30T06:37:30","guid":{"rendered":"https:\/\/custompapertubeboxes.com\/?post_type=product&#038;p=1038"},"modified":"2025-12-30T06:37:31","modified_gmt":"2025-12-30T06:37:31","slug":"aluminum-foil-easy-peel-off-lid-food-grade-tea-coffee-lemon-slice-paper-canister-packaging","status":"publish","type":"product","link":"https:\/\/custompapertubeboxes.com\/de\/aluminum-foil-easy-peel-off-lid-food-grade-tea-coffee-lemon-slice-paper-canister-packaging\/","title":{"rendered":"Aluminiumfolie Easy Peel Off Deckel Lebensmittelqualit\u00e4t Tee Kaffee Zitrone Slice Papier Kanister Verpackung"},"content":{"rendered":"<p>diese aluminiumfolienverpackung mit leicht abziehbarem deckel wurde f\u00fcr lebensmittelprodukte entwickelt, die sowohl gesch\u00fctzt als auch pr\u00e4sentiert werden m\u00fcssen. der kanister besteht aus 800 g\/m\u00b2 festem papier mit einer 125 g\/m\u00b2 kunstpapiereinlage und bietet stabilit\u00e4t in einer kompakten gr\u00f6\u00dfe von 4 \u00d7 12 cm. der deckel aus lebensmittelgeeigneter aluminiumfolie versiegelt die frische und l\u00e4sst sich sauber \u00f6ffnen, was ihn praktisch f\u00fcr den t\u00e4glichen gebrauch macht. die matte kaschierung macht die oberfl\u00e4che weich, w\u00e4hrend offsetdruck und hei\u00dffolienpr\u00e4gung subtile branding-details hinzuf\u00fcgen. diese verpackung ist ideal f\u00fcr tee, kaffee, gew\u00fcrze oder getrocknete zitrusfr\u00fcchte und wirkt zuverl\u00e4ssig, durchdacht und regalfertig.<\/p>","protected":false},"excerpt":{"rendered":"<p>Dieser Papierbeh\u00e4lter mit einem leicht abziehbaren Deckel aus Aluminiumfolie h\u00e4lt Tee, Kaffee und Zitronenscheiben frisch und gesch\u00fctzt. Er ist robust, lebensmittelecht und hat eine glatte, matte Oberfl\u00e4che f\u00fcr ein edles Aussehen.<\/p>","protected":false},"featured_media":1040,"template":"","meta":{"_gspb_post_css":""},"product_brand":[],"product_cat":[20,23],"product_tag":[660,659,469,168,661,658],"class_list":{"0":"post-1038","1":"product","2":"type-product","3":"status-publish","4":"has-post-thumbnail","6":"product_cat-food-paper-tubes","7":"product_cat-food-supplement-paper-tubes","8":"product_tag-aluminum-foil-lid-tube","9":"product_tag-coffee-paper-canister","10":"product_tag-custom-paper-canister","11":"product_tag-food-grade-paper-canister","12":"product_tag-round-food-packaging","13":"product_tag-tea-paper-tube-packaging","15":"first","16":"instock","17":"shipping-taxable","18":"product-type-simple"},"_links":{"self":[{"href":"https:\/\/custompapertubeboxes.com\/de\/wp-json\/wp\/v2\/product\/1038","targetHints":{"allow":["GET"]}}],"collection":[{"href":"https:\/\/custompapertubeboxes.com\/de\/wp-json\/wp\/v2\/product"}],"about":[{"href":"https:\/\/custompapertubeboxes.com\/de\/wp-json\/wp\/v2\/types\/product"}],"wp:featuredmedia":[{"embeddable":true,"href":"https:\/\/custompapertubeboxes.com\/de\/wp-json\/wp\/v2\/media\/1040"}],"wp:attachment":[{"href":"https:\/\/custompapertubeboxes.com\/de\/wp-json\/wp\/v2\/media?parent=1038"}],"wp:term":[{"taxonomy":"product_brand","embeddable":true,"href":"https:\/\/custompapertubeboxes.com\/de\/wp-json\/wp\/v2\/product_brand?post=1038"},{"taxonomy":"product_cat","embeddable":true,"href":"https:\/\/custompapertubeboxes.com\/de\/wp-json\/wp\/v2\/product_cat?post=1038"},{"taxonomy":"product_tag","embeddable":true,"href":"https:\/\/custompapertubeboxes.com\/de\/wp-json\/wp\/v2\/product_tag?post=1038"}],"curies":[{"name":"wp","href":"https:\/\/api.w.org\/{rel}","templated":true}]}}