{"id":1105,"date":"2025-12-30T07:20:52","date_gmt":"2025-12-30T07:20:52","guid":{"rendered":"https:\/\/custompapertubeboxes.com\/?post_type=product&#038;p=1105"},"modified":"2025-12-30T07:20:52","modified_gmt":"2025-12-30T07:20:52","slug":"popular-high-quality-paper-tube-packaging-cardboard-cylinder-boxes-for-e-liquid-bottle","status":"publish","type":"product","link":"https:\/\/custompapertubeboxes.com\/de\/popular-high-quality-paper-tube-packaging-cardboard-cylinder-boxes-for-e-liquid-bottle\/","title":{"rendered":"Beliebte hochwertige Papierrohrverpackungen, Kartonzylinderboxen f\u00fcr E-Liquid-Flaschen"},"content":{"rendered":"<p>Diese beliebte, hochwertige Papierr\u00f6hre wurde entwickelt, damit sich E-Liquid-Flaschen in der Hand sicherer, sauberer und hochwertiger anf\u00fchlen. Die R\u00f6hre besteht aus 800 g\/m\u00b2 festem Papier und ist mit 125 g\/m\u00b2 Kunstdruckpapier umwickelt, so dass sie formstabil ist und sich wunderbar bedrucken l\u00e4sst. Die Gr\u00f6\u00dfe von 4\u00d713 cm passt auf die meisten schlanken Dropper- und Vape-Liquid-Flaschen und hilft dabei, Klappern und Regalsch\u00e4den zu vermeiden. Der Offsetdruck sorgt f\u00fcr gestochen scharfe Grafiken, die Hei\u00dffolienpr\u00e4gung setzt auff\u00e4llige Akzente und die matte Laminierung gl\u00e4ttet die Oberfl\u00e4che und macht sie kratzfest. F\u00fcgen Sie individuelle Farben, Warnhinweise oder Chargendetails hinzu, um Ihre Marke zu unterstreichen und die \u00dcbersicht \u00fcber die Produktlinien zu behalten.<\/p>","protected":false},"excerpt":{"rendered":"<p>Elegante 4\u00d713 cm gro\u00dfe Zylinderbox aus Karton f\u00fcr E-Liquid-Flaschen. Die stabile Papierkonstruktion sch\u00fctzt beim Transport, w\u00e4hrend der Offsetdruck, die Folienpr\u00e4gung und die matte Laminierung f\u00fcr ein auff\u00e4lliges, einzelhandelsgerechtes Finish sorgen.<\/p>","protected":false},"featured_media":1111,"template":"","meta":{"_gspb_post_css":""},"product_brand":[],"product_cat":[19],"product_tag":[403,692,691,693,550,69],"class_list":{"0":"post-1105","1":"product","2":"type-product","3":"status-publish","4":"has-post-thumbnail","6":"product_cat-essential-oil-paper-tubes","7":"product_tag-cardboard-cylinder-box","8":"product_tag-custom-vape-tube-box","9":"product_tag-e-liquid-bottle-packaging","10":"product_tag-foil-stamped-paper-tube","11":"product_tag-matte-laminated-tube-packaging","12":"product_tag-paper-tube-packaging","14":"first","15":"instock","16":"shipping-taxable","17":"product-type-simple"},"_links":{"self":[{"href":"https:\/\/custompapertubeboxes.com\/de\/wp-json\/wp\/v2\/product\/1105","targetHints":{"allow":["GET"]}}],"collection":[{"href":"https:\/\/custompapertubeboxes.com\/de\/wp-json\/wp\/v2\/product"}],"about":[{"href":"https:\/\/custompapertubeboxes.com\/de\/wp-json\/wp\/v2\/types\/product"}],"wp:featuredmedia":[{"embeddable":true,"href":"https:\/\/custompapertubeboxes.com\/de\/wp-json\/wp\/v2\/media\/1111"}],"wp:attachment":[{"href":"https:\/\/custompapertubeboxes.com\/de\/wp-json\/wp\/v2\/media?parent=1105"}],"wp:term":[{"taxonomy":"product_brand","embeddable":true,"href":"https:\/\/custompapertubeboxes.com\/de\/wp-json\/wp\/v2\/product_brand?post=1105"},{"taxonomy":"product_cat","embeddable":true,"href":"https:\/\/custompapertubeboxes.com\/de\/wp-json\/wp\/v2\/product_cat?post=1105"},{"taxonomy":"product_tag","embeddable":true,"href":"https:\/\/custompapertubeboxes.com\/de\/wp-json\/wp\/v2\/product_tag?post=1105"}],"curies":[{"name":"wp","href":"https:\/\/api.w.org\/{rel}","templated":true}]}}