{"id":1154,"date":"2025-12-30T07:48:17","date_gmt":"2025-12-30T07:48:17","guid":{"rendered":"https:\/\/custompapertubeboxes.com\/?post_type=product&#038;p=1154"},"modified":"2025-12-30T07:48:18","modified_gmt":"2025-12-30T07:48:18","slug":"custom-essential-oil-cardboard-packaging-cylinder-boxes-essential-oil-cardboard-container","status":"publish","type":"product","link":"https:\/\/custompapertubeboxes.com\/de\/custom-essential-oil-cardboard-packaging-cylinder-boxes-essential-oil-cardboard-container\/","title":{"rendered":"Benutzerdefinierte \u00e4therisches \u00d6l Karton Verpackung Zylinder Boxen, \u00e4therisches \u00d6l Karton Container"},"content":{"rendered":"<p>diese kundenspezifische kartonverpackung f\u00fcr \u00e4therische \u00f6le sch\u00fctzt kleine glasfl\u00e4schchen und verleiht ihrer marke das gef\u00fchl, dass sie beabsichtigt ist. der kern aus 800 g\/m\u00b2 festem papier verleiht dem rohr eine hohe druckfestigkeit, und die umh\u00fcllung aus 125 g\/m\u00b2 kunstpapier schafft eine glatte oberfl\u00e4che f\u00fcr einen scharfen offsetdruck. Mit einer Gr\u00f6\u00dfe von 5\u00d711 cm passt sie in viele Fl\u00e4schchen mit \u00e4therischen \u00d6len und Serum und hilft, Bewegungen und Pr\u00e4sentationssch\u00e4den zu vermeiden. Die Hei\u00dffolienpr\u00e4gung verleiht Logos oder Siegeln ein sauberes metallisches Highlight, und die matte Laminierung macht das Finish weicher und widersteht Kratzern und Fingerabdr\u00fccken.<\/p>","protected":false},"excerpt":{"rendered":"<p>Hochwertiger 5\u00d711 cm gro\u00dfer Zylinderkarton f\u00fcr \u00e4therische \u00d6le und Tropfflaschen. Stabile Papierw\u00e4nde, scharfer Offsetdruck, Folienakzente und matte Laminierung f\u00fcr ein elegantes, modernes Aussehen.<\/p>","protected":false},"featured_media":1156,"template":"","meta":{"_gspb_post_css":""},"product_brand":[],"product_cat":[19],"product_tag":[717,718,716,707,307,357],"class_list":{"0":"post-1154","1":"product","2":"type-product","3":"status-publish","4":"has-post-thumbnail","6":"product_cat-essential-oil-paper-tubes","7":"product_tag-custom-cardboard-tube-packaging","8":"product_tag-dropper-bottle-tube-box","9":"product_tag-essential-oil-cylinder-box","10":"product_tag-foil-stamped-tube-box","11":"product_tag-matte-laminated-packaging","12":"product_tag-rigid-paper-tube-box","14":"first","15":"instock","16":"shipping-taxable","17":"product-type-simple"},"_links":{"self":[{"href":"https:\/\/custompapertubeboxes.com\/de\/wp-json\/wp\/v2\/product\/1154","targetHints":{"allow":["GET"]}}],"collection":[{"href":"https:\/\/custompapertubeboxes.com\/de\/wp-json\/wp\/v2\/product"}],"about":[{"href":"https:\/\/custompapertubeboxes.com\/de\/wp-json\/wp\/v2\/types\/product"}],"wp:featuredmedia":[{"embeddable":true,"href":"https:\/\/custompapertubeboxes.com\/de\/wp-json\/wp\/v2\/media\/1156"}],"wp:attachment":[{"href":"https:\/\/custompapertubeboxes.com\/de\/wp-json\/wp\/v2\/media?parent=1154"}],"wp:term":[{"taxonomy":"product_brand","embeddable":true,"href":"https:\/\/custompapertubeboxes.com\/de\/wp-json\/wp\/v2\/product_brand?post=1154"},{"taxonomy":"product_cat","embeddable":true,"href":"https:\/\/custompapertubeboxes.com\/de\/wp-json\/wp\/v2\/product_cat?post=1154"},{"taxonomy":"product_tag","embeddable":true,"href":"https:\/\/custompapertubeboxes.com\/de\/wp-json\/wp\/v2\/product_tag?post=1154"}],"curies":[{"name":"wp","href":"https:\/\/api.w.org\/{rel}","templated":true}]}}