{"id":1518,"date":"2025-12-31T01:38:00","date_gmt":"2025-12-31T01:38:00","guid":{"rendered":"https:\/\/custompapertubeboxes.com\/?post_type=product&#038;p=1518"},"modified":"2025-12-31T01:38:01","modified_gmt":"2025-12-31T01:38:01","slug":"kraft-paper-tube-packaging-with-silk-handle-natural-brown-cardboard-cylinder-boxes","status":"publish","type":"product","link":"https:\/\/custompapertubeboxes.com\/de\/kraft-paper-tube-packaging-with-silk-handle-natural-brown-cardboard-cylinder-boxes\/","title":{"rendered":"Kraftpapier-R\u00f6hrenverpackungen mit Seidengriff, naturbraune Karton-Zylinderboxen"},"content":{"rendered":"<p>kraftpapierh\u00fclsen mit seidengriff, naturbraune kartonzylinderboxen verleihen premium-produkten einen warmen, umweltfreundlichen look. der kern aus 800 g\/m\u00b2 festem papier macht die h\u00fclse stabil und bruchfest, w\u00e4hrend die umh\u00fcllung aus 125 g\/m\u00b2 kunstpapier eine saubere oberfl\u00e4che f\u00fcr einen scharfen offsetdruck bietet. F\u00fcgen Sie eine Hei\u00dffolienpr\u00e4gung hinzu, um Ihr Logo mit einem subtilen Glanz zu versehen, und veredeln Sie sie dann mit einer matten Laminierung f\u00fcr eine weiche Haptik, die Kratzer und Fingerabdr\u00fccke verbirgt. Die Gr\u00f6\u00dfe von 8*10 cm eignet sich gut f\u00fcr Kerzen, Kosmetika, Tee oder Geschenksets. Ein Zuggriff aus Seide sorgt f\u00fcr ein sanftes und befriedigendes \u00d6ffnen und bietet einen kleinen \u201cGeschenkmoment\u201d ohne zus\u00e4tzlichen Abfall.<\/p>","protected":false},"excerpt":{"rendered":"<p>naturbraune Kraftpapierh\u00fclse mit Seidengriff zum leichten \u00d6ffnen. Hergestellt aus 800gsm festem Papier + 125gsm Kunstdruckpapier, im Offsetverfahren mit Foliendetails bedruckt und matt laminiert. 8*10 cm.<\/p>","protected":false},"featured_media":1525,"template":"","meta":{"_gspb_post_css":""},"product_brand":[],"product_cat":[27],"product_tag":[754,367,385,307,874,252],"class_list":{"0":"post-1518","1":"product","2":"type-product","3":"status-publish","4":"has-post-thumbnail","6":"product_cat-kraft-paper-tubes","7":"product_tag-custom-printed-kraft-tube","8":"product_tag-hot-foil-stamping-tube","9":"product_tag-kraft-paper-tube-packaging","10":"product_tag-matte-laminated-packaging","11":"product_tag-natural-brown-cylinder-box","12":"product_tag-silk-handle-tube-box","14":"first","15":"instock","16":"shipping-taxable","17":"product-type-simple"},"_links":{"self":[{"href":"https:\/\/custompapertubeboxes.com\/de\/wp-json\/wp\/v2\/product\/1518","targetHints":{"allow":["GET"]}}],"collection":[{"href":"https:\/\/custompapertubeboxes.com\/de\/wp-json\/wp\/v2\/product"}],"about":[{"href":"https:\/\/custompapertubeboxes.com\/de\/wp-json\/wp\/v2\/types\/product"}],"wp:featuredmedia":[{"embeddable":true,"href":"https:\/\/custompapertubeboxes.com\/de\/wp-json\/wp\/v2\/media\/1525"}],"wp:attachment":[{"href":"https:\/\/custompapertubeboxes.com\/de\/wp-json\/wp\/v2\/media?parent=1518"}],"wp:term":[{"taxonomy":"product_brand","embeddable":true,"href":"https:\/\/custompapertubeboxes.com\/de\/wp-json\/wp\/v2\/product_brand?post=1518"},{"taxonomy":"product_cat","embeddable":true,"href":"https:\/\/custompapertubeboxes.com\/de\/wp-json\/wp\/v2\/product_cat?post=1518"},{"taxonomy":"product_tag","embeddable":true,"href":"https:\/\/custompapertubeboxes.com\/de\/wp-json\/wp\/v2\/product_tag?post=1518"}],"curies":[{"name":"wp","href":"https:\/\/api.w.org\/{rel}","templated":true}]}}