{"id":1541,"date":"2025-12-31T01:45:37","date_gmt":"2025-12-31T01:45:37","guid":{"rendered":"https:\/\/custompapertubeboxes.com\/?post_type=product&#038;p=1541"},"modified":"2025-12-31T01:45:38","modified_gmt":"2025-12-31T01:45:38","slug":"custom-soap-paper-tube-boxes-recycled-soap-round-cardboard-tube-packaging","status":"publish","type":"product","link":"https:\/\/custompapertubeboxes.com\/de\/custom-soap-paper-tube-boxes-recycled-soap-round-cardboard-tube-packaging\/","title":{"rendered":"Kundenspezifische Seifenpapierschachteln, recycelte runde Seifenverpackungen aus Pappe"},"content":{"rendered":"<p>Individuelle Seifenpapierschachteln, runde Verpackungen aus recyceltem Seifenkarton, verbinden Eleganz mit Nachhaltigkeit. Das 800 g\/m\u00b2 starke Papier sorgt f\u00fcr Langlebigkeit, w\u00e4hrend 125 g\/m\u00b2 Kunstdruckpapier die Schachtel in eine glatte Oberfl\u00e4che f\u00fcr gestochen scharfen Offsetdruck h\u00fcllt. Die Hei\u00dffolienpr\u00e4gung verleiht Logos und Produktnamen einen raffinierten Touch, w\u00e4hrend die matte Laminierung f\u00fcr eine weiche, hochwertige Haptik sorgt und verschlei\u00dffest ist. Die Gr\u00f6\u00dfe von 7*11 cm eignet sich perfekt f\u00fcr Seifen, Badesalze oder nat\u00fcrliche Hautpflegeprodukte. Diese umweltbewusste und \u00e4sthetisch ansprechende Verpackungsoption ist ideal f\u00fcr Einzelhandelsregale, Geschenksets und Abo-Boxen.<\/p>","protected":false},"excerpt":{"rendered":"<p>individuelle seifenverpackung mit einer rohrleitung aus recyceltem karton, einem starren kern von 800 g\/m\u00b2 und kunstpapier von 125 g\/m\u00b2. im offsetdruck mit hei\u00dffolienakzenten bedruckt und mit einer matten kaschierung versehen. gr\u00f6\u00dfe 7*11 cm.<\/p>","protected":false},"featured_media":1542,"template":"","meta":{"_gspb_post_css":""},"product_brand":[],"product_cat":[15],"product_tag":[882,883,367,428,632,881],"class_list":{"0":"post-1541","1":"product","2":"type-product","3":"status-publish","4":"has-post-thumbnail","6":"product_cat-cosmetics-paper-tubes","7":"product_tag-custom-soap-packaging","8":"product_tag-eco-friendly-soap-box","9":"product_tag-hot-foil-stamping-tube","10":"product_tag-matte-laminated-tube","11":"product_tag-round-cardboard-tube","12":"product_tag-soap-paper-tube","14":"first","15":"instock","16":"shipping-taxable","17":"product-type-simple"},"_links":{"self":[{"href":"https:\/\/custompapertubeboxes.com\/de\/wp-json\/wp\/v2\/product\/1541","targetHints":{"allow":["GET"]}}],"collection":[{"href":"https:\/\/custompapertubeboxes.com\/de\/wp-json\/wp\/v2\/product"}],"about":[{"href":"https:\/\/custompapertubeboxes.com\/de\/wp-json\/wp\/v2\/types\/product"}],"wp:featuredmedia":[{"embeddable":true,"href":"https:\/\/custompapertubeboxes.com\/de\/wp-json\/wp\/v2\/media\/1542"}],"wp:attachment":[{"href":"https:\/\/custompapertubeboxes.com\/de\/wp-json\/wp\/v2\/media?parent=1541"}],"wp:term":[{"taxonomy":"product_brand","embeddable":true,"href":"https:\/\/custompapertubeboxes.com\/de\/wp-json\/wp\/v2\/product_brand?post=1541"},{"taxonomy":"product_cat","embeddable":true,"href":"https:\/\/custompapertubeboxes.com\/de\/wp-json\/wp\/v2\/product_cat?post=1541"},{"taxonomy":"product_tag","embeddable":true,"href":"https:\/\/custompapertubeboxes.com\/de\/wp-json\/wp\/v2\/product_tag?post=1541"}],"curies":[{"name":"wp","href":"https:\/\/api.w.org\/{rel}","templated":true}]}}