{"id":1614,"date":"2025-12-31T02:19:26","date_gmt":"2025-12-31T02:19:26","guid":{"rendered":"https:\/\/custompapertubeboxes.com\/?post_type=product&#038;p=1614"},"modified":"2025-12-31T02:19:26","modified_gmt":"2025-12-31T02:19:26","slug":"easy-peel-off-lid-paper-cans-food-grade-round-paper-cans-with-easy-open-lid","status":"publish","type":"product","link":"https:\/\/custompapertubeboxes.com\/de\/easy-peel-off-lid-paper-cans-food-grade-round-paper-cans-with-easy-open-lid\/","title":{"rendered":"Easy Peel Off Lid Papierdosen, Lebensmittelqualit\u00e4t Runde Papierdosen mit Easy Open Deckel"},"content":{"rendered":"<p>Diese Pappdosen mit leicht abziehbarem Deckel sind eine einfache und sichere L\u00f6sung f\u00fcr die Verpackung von Lebensmitteln und Getr\u00e4nken, die sowohl praktisch als auch stilvoll ist. Sie werden aus 800 g\/m\u00b2 festem Papier hergestellt und bieten Festigkeit und Stabilit\u00e4t, damit Ihr Produkt unversehrt bleibt. Das 125 g\/m\u00b2 starke Kunstdruckpapier erm\u00f6glicht einen lebendigen Offsetdruck, w\u00e4hrend die Hei\u00dffolienpr\u00e4gung eine hochwertige Note verleiht. Der leicht abnehmbare Deckel macht die Dose benutzerfreundlich und erm\u00f6glicht einen schnellen Zugriff. Diese Dosen sind mit einem matten Laminat f\u00fcr zus\u00e4tzlichen Schutz und einer glatten Textur versehen und machen die Verpackung von Chai, Gew\u00fcrzen und anderen Lebensmitteln sowohl funktional als auch optisch ansprechend.<\/p>","protected":false},"excerpt":{"rendered":"<p>Diese runden, lebensmittelechten Papierdosen (5\u00d710 cm) haben einen abziehbaren Deckel zum einfachen \u00d6ffnen. Mit 800 g\/m\u00b2 festem Papier und einer matten Oberfl\u00e4che bieten sie sowohl Haltbarkeit als auch Eleganz.<\/p>","protected":false},"featured_media":1620,"template":"","meta":{"_gspb_post_css":""},"product_brand":[],"product_cat":[20,21],"product_tag":[916,915,446,914,43,202],"class_list":{"0":"post-1614","1":"product","2":"type-product","3":"status-publish","4":"has-post-thumbnail","6":"product_cat-food-paper-tubes","7":"product_cat-protein-powder-paper-tubes","8":"product_tag-chai-packaging","9":"product_tag-easy-open-lid","10":"product_tag-food-grade-paper-cans","11":"product_tag-peel-off-lid-paper-cans","12":"product_tag-rigid-paper-canister","13":"product_tag-round-paper-packaging","15":"first","16":"instock","17":"shipping-taxable","18":"product-type-simple"},"_links":{"self":[{"href":"https:\/\/custompapertubeboxes.com\/de\/wp-json\/wp\/v2\/product\/1614","targetHints":{"allow":["GET"]}}],"collection":[{"href":"https:\/\/custompapertubeboxes.com\/de\/wp-json\/wp\/v2\/product"}],"about":[{"href":"https:\/\/custompapertubeboxes.com\/de\/wp-json\/wp\/v2\/types\/product"}],"wp:featuredmedia":[{"embeddable":true,"href":"https:\/\/custompapertubeboxes.com\/de\/wp-json\/wp\/v2\/media\/1620"}],"wp:attachment":[{"href":"https:\/\/custompapertubeboxes.com\/de\/wp-json\/wp\/v2\/media?parent=1614"}],"wp:term":[{"taxonomy":"product_brand","embeddable":true,"href":"https:\/\/custompapertubeboxes.com\/de\/wp-json\/wp\/v2\/product_brand?post=1614"},{"taxonomy":"product_cat","embeddable":true,"href":"https:\/\/custompapertubeboxes.com\/de\/wp-json\/wp\/v2\/product_cat?post=1614"},{"taxonomy":"product_tag","embeddable":true,"href":"https:\/\/custompapertubeboxes.com\/de\/wp-json\/wp\/v2\/product_tag?post=1614"}],"curies":[{"name":"wp","href":"https:\/\/api.w.org\/{rel}","templated":true}]}}