{"id":1665,"date":"2025-12-31T03:21:45","date_gmt":"2025-12-31T03:21:45","guid":{"rendered":"https:\/\/custompapertubeboxes.com\/?post_type=product&#038;p=1665"},"modified":"2025-12-31T03:21:45","modified_gmt":"2025-12-31T03:21:45","slug":"aluminum-foil-tea-paper-tube-packaging-cardboard-cylinder-container-with-metal-lid","status":"publish","type":"product","link":"https:\/\/custompapertubeboxes.com\/de\/aluminum-foil-tea-paper-tube-packaging-cardboard-cylinder-container-with-metal-lid\/","title":{"rendered":"Aluminium-Folie Tee-Papier-R\u00f6hre Verpackung Karton-Zylinder-Beh\u00e4lter mit Metalldeckel"},"content":{"rendered":"<p>die aluminiumfolien-teepapierh\u00fclsenverpackung h\u00e4lt tee frisch und sieht im regal ruhig und hochwertig aus. der 5\u00d713 cm gro\u00dfe kartonzylinder besteht aus 800 g\/m\u00b2 festem papier f\u00fcr einen stabilen k\u00f6rper und ist dann mit 125 g\/m\u00b2 kunstpapier f\u00fcr glatte, detaillierte grafiken umwickelt. im inneren sorgt eine aluminiumfolie daf\u00fcr, dass feuchtigkeit und ger\u00fcche nicht so schnell \u00fcbertragen werden, und sch\u00fctzt so aroma und geschmack. Der aufgesetzte Metalldeckel sorgt f\u00fcr einen guten Verschluss und unterst\u00fctzt den wiederholten Gebrauch, so dass die Kunden die Verpackung auf dem Tresen aufbewahren, anstatt sie wegzuwerfen. Der Offsetdruck sorgt f\u00fcr saubere Texte und Muster, die Hei\u00dffolienpr\u00e4gung hebt das Branding hervor und die matte Laminierung reduziert Kratzer. ideal f\u00fcr lose Bl\u00e4tter, Beutel oder Mischungen.<\/p>","protected":false},"excerpt":{"rendered":"<p>5\u00d713 cm gro\u00dfe Teepapierh\u00fclse mit Metalldeckel und Alufolienauskleidung. Hergestellt aus festem Papier (800 g\/m\u00b2), eingewickelt in Kunstdruckpapier (125 g\/m\u00b2), Offsetdruck, Folienpr\u00e4gung, mattiert.<\/p>","protected":false},"featured_media":1672,"template":"","meta":{"_gspb_post_css":""},"product_brand":[],"product_cat":[20,22],"product_tag":[169,838,822,493,934,658],"class_list":{"0":"post-1665","1":"product","2":"type-product","3":"status-publish","4":"has-post-thumbnail","6":"product_cat-food-paper-tubes","7":"product_cat-tea-paper-tubes","8":"product_tag-aluminum-foil-lined-tube","9":"product_tag-cardboard-cylinder-container","10":"product_tag-hot-foil-stamped-packaging","11":"product_tag-matte-laminated-tube-box","12":"product_tag-metal-lid-tea-canister","13":"product_tag-tea-paper-tube-packaging","15":"first","16":"instock","17":"shipping-taxable","18":"product-type-simple"},"_links":{"self":[{"href":"https:\/\/custompapertubeboxes.com\/de\/wp-json\/wp\/v2\/product\/1665","targetHints":{"allow":["GET"]}}],"collection":[{"href":"https:\/\/custompapertubeboxes.com\/de\/wp-json\/wp\/v2\/product"}],"about":[{"href":"https:\/\/custompapertubeboxes.com\/de\/wp-json\/wp\/v2\/types\/product"}],"wp:featuredmedia":[{"embeddable":true,"href":"https:\/\/custompapertubeboxes.com\/de\/wp-json\/wp\/v2\/media\/1672"}],"wp:attachment":[{"href":"https:\/\/custompapertubeboxes.com\/de\/wp-json\/wp\/v2\/media?parent=1665"}],"wp:term":[{"taxonomy":"product_brand","embeddable":true,"href":"https:\/\/custompapertubeboxes.com\/de\/wp-json\/wp\/v2\/product_brand?post=1665"},{"taxonomy":"product_cat","embeddable":true,"href":"https:\/\/custompapertubeboxes.com\/de\/wp-json\/wp\/v2\/product_cat?post=1665"},{"taxonomy":"product_tag","embeddable":true,"href":"https:\/\/custompapertubeboxes.com\/de\/wp-json\/wp\/v2\/product_tag?post=1665"}],"curies":[{"name":"wp","href":"https:\/\/api.w.org\/{rel}","templated":true}]}}