{"id":1695,"date":"2025-12-31T03:34:20","date_gmt":"2025-12-31T03:34:20","guid":{"rendered":"https:\/\/custompapertubeboxes.com\/?post_type=product&#038;p=1695"},"modified":"2025-12-31T03:34:20","modified_gmt":"2025-12-31T03:34:20","slug":"matt-white-cardboard-tube-box-cylinder-packaging-with-clear-window-on-the-cap","status":"publish","type":"product","link":"https:\/\/custompapertubeboxes.com\/de\/matt-white-cardboard-tube-box-cylinder-packaging-with-clear-window-on-the-cap\/","title":{"rendered":"Mattwei\u00dfe Pappr\u00f6hrenschachtel Zylinderverpackung mit Klarsichtfenster auf dem Deckel"},"content":{"rendered":"<p>die mattwei\u00dfe kartonr\u00f6hren-zylinderverpackung mit klarsichtfenster auf dem deckel bietet ein klares, modernes aussehen und pr\u00e4sentiert ihr produkt. die 8\u00d72 cm gro\u00dfe r\u00f6hre ist aus stabilem 800 g\/m\u00b2-papier gefertigt und mit 125 g\/m\u00b2-kunstdruckpapier umwickelt und bietet sowohl schutz als auch stil. der deckel mit klarsichtfenster erm\u00f6glicht eine gute sichtbarkeit ihres produkts und eignet sich daher perfekt f\u00fcr displays. der offsetdruck sorgt f\u00fcr ein gestochen scharfes design, w\u00e4hrend die hei\u00dffolienpr\u00e4gung einen Hauch von eleganz hinzuf\u00fcgt. durch die matte kaschierung f\u00fchlt sich die r\u00f6hre hochwertig an und bietet gleichzeitig eine lange haltbarkeit und ein gl\u00e4nzendes aussehen. ideal f\u00fcr kosmetikartikel, kleine geschenke oder luxusartikel.<\/p>","protected":false},"excerpt":{"rendered":"<p>8\u00d72 cm gro\u00dfe, mattwei\u00dfe R\u00f6hrenschachtel aus Karton mit Klarsichtdeckel, hergestellt aus 800 g\/m\u00b2 festem Papier und 125 g\/m\u00b2 Kunstdruckpapier. Offsetdruck mit Folienpr\u00e4gung, veredelt mit matter Laminierung.<\/p>","protected":false},"featured_media":1697,"template":"","meta":{"_gspb_post_css":""},"product_brand":[],"product_cat":[20,23],"product_tag":[225,944,946,822,930,945],"class_list":{"0":"post-1695","1":"product","2":"type-product","3":"status-publish","4":"has-post-thumbnail","6":"product_cat-food-paper-tubes","7":"product_cat-food-supplement-paper-tubes","8":"product_tag-cardboard-tube-packaging","9":"product_tag-clear-window-cap","10":"product_tag-cylinder-packaging","11":"product_tag-hot-foil-stamped-packaging","12":"product_tag-offset-printed-tube","13":"product_tag-white-tube-box","15":"first","16":"instock","17":"shipping-taxable","18":"product-type-simple"},"_links":{"self":[{"href":"https:\/\/custompapertubeboxes.com\/de\/wp-json\/wp\/v2\/product\/1695","targetHints":{"allow":["GET"]}}],"collection":[{"href":"https:\/\/custompapertubeboxes.com\/de\/wp-json\/wp\/v2\/product"}],"about":[{"href":"https:\/\/custompapertubeboxes.com\/de\/wp-json\/wp\/v2\/types\/product"}],"wp:featuredmedia":[{"embeddable":true,"href":"https:\/\/custompapertubeboxes.com\/de\/wp-json\/wp\/v2\/media\/1697"}],"wp:attachment":[{"href":"https:\/\/custompapertubeboxes.com\/de\/wp-json\/wp\/v2\/media?parent=1695"}],"wp:term":[{"taxonomy":"product_brand","embeddable":true,"href":"https:\/\/custompapertubeboxes.com\/de\/wp-json\/wp\/v2\/product_brand?post=1695"},{"taxonomy":"product_cat","embeddable":true,"href":"https:\/\/custompapertubeboxes.com\/de\/wp-json\/wp\/v2\/product_cat?post=1695"},{"taxonomy":"product_tag","embeddable":true,"href":"https:\/\/custompapertubeboxes.com\/de\/wp-json\/wp\/v2\/product_tag?post=1695"}],"curies":[{"name":"wp","href":"https:\/\/api.w.org\/{rel}","templated":true}]}}