{"id":1710,"date":"2025-12-31T03:40:43","date_gmt":"2025-12-31T03:40:43","guid":{"rendered":"https:\/\/custompapertubeboxes.com\/?post_type=product&#038;p=1710"},"modified":"2025-12-31T03:40:43","modified_gmt":"2025-12-31T03:40:43","slug":"new-design-custom-earbuds-paper-tube-boxes-headphone-cardboard-cylinder-boxes","status":"publish","type":"product","link":"https:\/\/custompapertubeboxes.com\/de\/new-design-custom-earbuds-paper-tube-boxes-headphone-cardboard-cylinder-boxes\/","title":{"rendered":"Neues Design benutzerdefinierte Ohrh\u00f6rer Papierrohr Boxen Kopfh\u00f6rer Karton Zylinder Boxen"},"content":{"rendered":"<p>neu gestaltete, kundenspezifische ohrh\u00f6rer-papierh\u00fclsenboxen kopfh\u00f6rer-zylinderboxen aus karton verleihen kleinen technikprodukten ein sauberes, hochwertiges unboxing. der 5\u00d710 cm gro\u00dfe zylinder besteht aus 800 g\/m\u00b2 festem papier, so dass er beim transport stabil bleibt und sich im regal ordentlich stapeln l\u00e4sst. eine 125 g\/m\u00b2 starke kunstpapierumh\u00fcllung schafft eine glatte oberfl\u00e4che f\u00fcr kr\u00e4ftige farben und feinen text, w\u00e4hrend der offsetdruck f\u00fcr scharfe details sorgt. F\u00fcgen Sie eine Hei\u00dffolienpr\u00e4gung hinzu, um Ihr Logo oder Ihre wichtigsten Daten hervorzuheben, und veredeln Sie die Verpackung mit einer matten Laminierung, um Fingerabdr\u00fccke zu verbergen. Ideal f\u00fcr Ohrh\u00f6rer, Mini-Kopfh\u00f6rer, Ladekabel und Zubeh\u00f6r.<\/p>","protected":false},"excerpt":{"rendered":"<p>neue design 5\u00d710 cm ohrst\u00f6psel papierr\u00f6hrenbox aus 800 g\/qm steifem papier mit 125 g\/qm kunstfolie. offsetdruck mit hei\u00dffolienakzenten, mit matter kaschierung f\u00fcr eine glatte haptik.<\/p>","protected":false},"featured_media":1717,"template":"","meta":{"_gspb_post_css":""},"product_brand":[],"product_cat":[31],"product_tag":[487,950,951,933,428,952],"class_list":{"0":"post-1710","1":"product","2":"type-product","3":"status-publish","4":"has-post-thumbnail","6":"product_cat-consumer-electronics-packaging","7":"product_tag-custom-paper-tube-box","8":"product_tag-earbuds-packaging-tube","9":"product_tag-headphone-cylinder-box","10":"product_tag-hot-foil-stamped-box","11":"product_tag-matte-laminated-tube","12":"product_tag-rigid-cardboard-tube-packaging","14":"first","15":"instock","16":"shipping-taxable","17":"product-type-simple"},"_links":{"self":[{"href":"https:\/\/custompapertubeboxes.com\/de\/wp-json\/wp\/v2\/product\/1710","targetHints":{"allow":["GET"]}}],"collection":[{"href":"https:\/\/custompapertubeboxes.com\/de\/wp-json\/wp\/v2\/product"}],"about":[{"href":"https:\/\/custompapertubeboxes.com\/de\/wp-json\/wp\/v2\/types\/product"}],"wp:featuredmedia":[{"embeddable":true,"href":"https:\/\/custompapertubeboxes.com\/de\/wp-json\/wp\/v2\/media\/1717"}],"wp:attachment":[{"href":"https:\/\/custompapertubeboxes.com\/de\/wp-json\/wp\/v2\/media?parent=1710"}],"wp:term":[{"taxonomy":"product_brand","embeddable":true,"href":"https:\/\/custompapertubeboxes.com\/de\/wp-json\/wp\/v2\/product_brand?post=1710"},{"taxonomy":"product_cat","embeddable":true,"href":"https:\/\/custompapertubeboxes.com\/de\/wp-json\/wp\/v2\/product_cat?post=1710"},{"taxonomy":"product_tag","embeddable":true,"href":"https:\/\/custompapertubeboxes.com\/de\/wp-json\/wp\/v2\/product_tag?post=1710"}],"curies":[{"name":"wp","href":"https:\/\/api.w.org\/{rel}","templated":true}]}}