{"id":1740,"date":"2025-12-31T03:51:33","date_gmt":"2025-12-31T03:51:33","guid":{"rendered":"https:\/\/custompapertubeboxes.com\/?post_type=product&#038;p=1740"},"modified":"2025-12-31T03:51:33","modified_gmt":"2025-12-31T03:51:33","slug":"custom-hydration-powder-packaging-round-cardboard-canister-empty-paper-tube-box","status":"publish","type":"product","link":"https:\/\/custompapertubeboxes.com\/de\/custom-hydration-powder-packaging-round-cardboard-canister-empty-paper-tube-box\/","title":{"rendered":"Benutzerdefinierte Hydratation Pulver Verpackung Runde Karton Kanister leeres Papier Rohr Box"},"content":{"rendered":"<p>die individuelle verpackung f\u00fcr hydratationspulver in einem runden kanister aus karton mit leerer papierh\u00fclse ist f\u00fcr eine elegante und funktionale aufbewahrung konzipiert. die 10\u00d714 cm gro\u00dfe h\u00fclse aus 800 g\/m\u00b2 festem papier bietet einen stabilen schutz bei gleichzeitig sauberem, minimalistischem aussehen. das 125 g\/m\u00b2 starke kunstpapier sorgt f\u00fcr einen glatten, lebendigen druck mit scharfen details, der durch offsetdruck erm\u00f6glicht wird. Die Hei\u00dffolienpr\u00e4gung verleiht Logos oder Texten einen subtilen Glanz, und die matte Laminierung verleiht der Verpackung einen glatten, hochwertigen Touch und sch\u00fctzt das Design vor Verschmutzungen. Die Tube ist perfekt f\u00fcr Hydratationspulver, Nahrungserg\u00e4nzungsmittel und Lifestyle-Produkte und ist sowohl praktisch als auch elegant.<\/p>","protected":false},"excerpt":{"rendered":"<p>Individuelle Verpackung f\u00fcr Hydratationspulver im Format 10\u00d714 cm in einem runden Kartonbeh\u00e4lter. Hergestellt aus festem Papier (800 g\/m\u00b2) und Kunstdruckpapier (125 g\/m\u00b2), im Offsetdruck mit Hei\u00dffolienpr\u00e4gung bedruckt und mit matter Laminierung versehen.<\/p>","protected":false},"featured_media":1741,"template":"","meta":{"_gspb_post_css":""},"product_brand":[],"product_cat":[23,20],"product_tag":[962,963,822,961,493,437],"class_list":{"0":"post-1740","1":"product","2":"type-product","3":"status-publish","4":"has-post-thumbnail","6":"product_cat-food-supplement-paper-tubes","7":"product_cat-food-paper-tubes","8":"product_tag-cardboard-canister-tube","9":"product_tag-custom-packaging-tube","10":"product_tag-hot-foil-stamped-packaging","11":"product_tag-hydration-powder-packaging","12":"product_tag-matte-laminated-tube-box","13":"product_tag-round-paper-tube-box","15":"first","16":"instock","17":"shipping-taxable","18":"product-type-simple"},"_links":{"self":[{"href":"https:\/\/custompapertubeboxes.com\/de\/wp-json\/wp\/v2\/product\/1740","targetHints":{"allow":["GET"]}}],"collection":[{"href":"https:\/\/custompapertubeboxes.com\/de\/wp-json\/wp\/v2\/product"}],"about":[{"href":"https:\/\/custompapertubeboxes.com\/de\/wp-json\/wp\/v2\/types\/product"}],"wp:featuredmedia":[{"embeddable":true,"href":"https:\/\/custompapertubeboxes.com\/de\/wp-json\/wp\/v2\/media\/1741"}],"wp:attachment":[{"href":"https:\/\/custompapertubeboxes.com\/de\/wp-json\/wp\/v2\/media?parent=1740"}],"wp:term":[{"taxonomy":"product_brand","embeddable":true,"href":"https:\/\/custompapertubeboxes.com\/de\/wp-json\/wp\/v2\/product_brand?post=1740"},{"taxonomy":"product_cat","embeddable":true,"href":"https:\/\/custompapertubeboxes.com\/de\/wp-json\/wp\/v2\/product_cat?post=1740"},{"taxonomy":"product_tag","embeddable":true,"href":"https:\/\/custompapertubeboxes.com\/de\/wp-json\/wp\/v2\/product_tag?post=1740"}],"curies":[{"name":"wp","href":"https:\/\/api.w.org\/{rel}","templated":true}]}}