{"id":1747,"date":"2025-12-31T03:54:24","date_gmt":"2025-12-31T03:54:24","guid":{"rendered":"https:\/\/custompapertubeboxes.com\/?post_type=product&#038;p=1747"},"modified":"2025-12-31T03:54:24","modified_gmt":"2025-12-31T03:54:24","slug":"custom-cbd-lip-balm-deodorant-container-cardboard-cylinder-paper-tube-packaging","status":"publish","type":"product","link":"https:\/\/custompapertubeboxes.com\/de\/custom-cbd-lip-balm-deodorant-container-cardboard-cylinder-paper-tube-packaging\/","title":{"rendered":"Benutzerdefinierte CBD Lippenbalsam Deodorant Container Karton Zylinder Papier Rohr Verpackung"},"content":{"rendered":"<p>die individuell gestaltete cbd-lippenbalsam-deodorant-verpackung in zylinderform aus karton ist die perfekte mischung aus stil und funktion f\u00fcr kosmetische produkte. die 9\u00d710 cm gro\u00dfe h\u00fclse besteht aus strapazierf\u00e4higem 800 g\/m\u00b2-papier und ist in 125 g\/m\u00b2-kunstdruckpapier eingewickelt. so ist ihr produkt gesch\u00fctzt und f\u00e4llt im regal auf. Der Offsetdruck f\u00e4ngt lebendige Designs ein, w\u00e4hrend die Hei\u00dffolienpr\u00e4gung Ihr Logo mit einem Premium-Touch aufwertet. Die matte Laminierung bietet eine glatte, anspruchsvolle Haptik und hilft, Fingerabdr\u00fccke zu reduzieren. Perfekt f\u00fcr CBD-Lippenbalsam, Deodorants und andere Hautpflegeprodukte ist diese Tube eine hochwertige, umweltfreundliche L\u00f6sung.<\/p>","protected":false},"excerpt":{"rendered":"<p>9\u00d710 cm kundenspezifische cbd lippenbalsam deodorant verpackung. hergestellt aus 800 g\/qm festem papier mit 125 g\/qm kunstpapier. offsetdruck mit hei\u00dffoliendetails, fertig mit matter laminierung.<\/p>","protected":false},"featured_media":1754,"template":"","meta":{"_gspb_post_css":""},"product_brand":[],"product_cat":[15],"product_tag":[51,964,966,965,274,247],"class_list":{"0":"post-1747","1":"product","2":"type-product","3":"status-publish","4":"has-post-thumbnail","6":"product_cat-cosmetics-paper-tubes","7":"product_tag-cardboard-tube-box","8":"product_tag-cbd-lip-balm-tube","9":"product_tag-custom-cbd-packaging","10":"product_tag-deodorant-container-packaging","11":"product_tag-hot-foil-stamped-tube","12":"product_tag-matte-laminated-paper-tube","14":"first","15":"instock","16":"shipping-taxable","17":"product-type-simple"},"_links":{"self":[{"href":"https:\/\/custompapertubeboxes.com\/de\/wp-json\/wp\/v2\/product\/1747","targetHints":{"allow":["GET"]}}],"collection":[{"href":"https:\/\/custompapertubeboxes.com\/de\/wp-json\/wp\/v2\/product"}],"about":[{"href":"https:\/\/custompapertubeboxes.com\/de\/wp-json\/wp\/v2\/types\/product"}],"wp:featuredmedia":[{"embeddable":true,"href":"https:\/\/custompapertubeboxes.com\/de\/wp-json\/wp\/v2\/media\/1754"}],"wp:attachment":[{"href":"https:\/\/custompapertubeboxes.com\/de\/wp-json\/wp\/v2\/media?parent=1747"}],"wp:term":[{"taxonomy":"product_brand","embeddable":true,"href":"https:\/\/custompapertubeboxes.com\/de\/wp-json\/wp\/v2\/product_brand?post=1747"},{"taxonomy":"product_cat","embeddable":true,"href":"https:\/\/custompapertubeboxes.com\/de\/wp-json\/wp\/v2\/product_cat?post=1747"},{"taxonomy":"product_tag","embeddable":true,"href":"https:\/\/custompapertubeboxes.com\/de\/wp-json\/wp\/v2\/product_tag?post=1747"}],"curies":[{"name":"wp","href":"https:\/\/api.w.org\/{rel}","templated":true}]}}