{"id":1770,"date":"2025-12-31T06:00:24","date_gmt":"2025-12-31T06:00:24","guid":{"rendered":"https:\/\/custompapertubeboxes.com\/?post_type=product&#038;p=1770"},"modified":"2025-12-31T06:00:25","modified_gmt":"2025-12-31T06:00:25","slug":"textured-paper-tube-boxes-cardboard-round-box-paper-cans-for-masque-packaging","status":"publish","type":"product","link":"https:\/\/custompapertubeboxes.com\/de\/textured-paper-tube-boxes-cardboard-round-box-paper-cans-for-masque-packaging\/","title":{"rendered":"Strukturierte Papierr\u00f6hrchen Schachteln Karton Rund Schachtel Papierdosen f\u00fcr Maskenverpackungen"},"content":{"rendered":"<p>Diese strukturierte Papierr\u00f6hrendose wurde f\u00fcr Maskenverpackungen entwickelt, die sich ruhig, sauber und hochwertig anf\u00fchlen sollen. Sie sch\u00fctzt die Dose und wertet sie schon beim \u00d6ffnen auf. Der Kern aus 800 g\/m\u00b2 festem Papier ist resistent gegen Druckstellen, w\u00e4hrend 125 g\/m\u00b2 Kunstdruckpapier mit einem scharfen Offsetdruck und einer pr\u00e4zisen Hei\u00dffolienpr\u00e4gung f\u00fcr ein raffiniertes Highlight sorgt. Die matte Laminierung sorgt f\u00fcr eine weiche Haptik und verhindert Kratzer w\u00e4hrend der Auslage und des Versands. Die runde Dose mit den Ma\u00dfen 8\u00d712 cm l\u00e4sst sich gut verschlie\u00dfen und leicht \u00f6ffnen, so dass die Kunden sie zur Aufbewahrung wiederverwenden k\u00f6nnen. ideal f\u00fcr Haarmasken, Gesichtsmasken und Spa-Geschenksets.<\/p>","protected":false},"excerpt":{"rendered":"<p>matt laminierte, runde Papierdose mit strukturierter Umh\u00fcllung und Goldfoliendetails, hergestellt aus festem Karton (800 g\/m\u00b2). Passt genau in Maskengl\u00e4ser (8\u00d712 cm) und f\u00fchlt sich an wie ein Premium-Salon.<\/p>","protected":false},"featured_media":1777,"template":"","meta":{"_gspb_post_css":""},"product_brand":[],"product_cat":[15],"product_tag":[975,198,625,974,493,973],"class_list":{"0":"post-1770","1":"product","2":"type-product","3":"status-publish","4":"has-post-thumbnail","6":"product_cat-cosmetics-paper-tubes","7":"product_tag-8x12cm-paper-tube","8":"product_tag-cardboard-cylinder-packaging","9":"product_tag-hot-foil-stamping-packaging","10":"product_tag-masque-packaging-round-can","11":"product_tag-matte-laminated-tube-box","12":"product_tag-textured-paper-tube-box","14":"first","15":"instock","16":"shipping-taxable","17":"product-type-simple"},"_links":{"self":[{"href":"https:\/\/custompapertubeboxes.com\/de\/wp-json\/wp\/v2\/product\/1770","targetHints":{"allow":["GET"]}}],"collection":[{"href":"https:\/\/custompapertubeboxes.com\/de\/wp-json\/wp\/v2\/product"}],"about":[{"href":"https:\/\/custompapertubeboxes.com\/de\/wp-json\/wp\/v2\/types\/product"}],"wp:featuredmedia":[{"embeddable":true,"href":"https:\/\/custompapertubeboxes.com\/de\/wp-json\/wp\/v2\/media\/1777"}],"wp:attachment":[{"href":"https:\/\/custompapertubeboxes.com\/de\/wp-json\/wp\/v2\/media?parent=1770"}],"wp:term":[{"taxonomy":"product_brand","embeddable":true,"href":"https:\/\/custompapertubeboxes.com\/de\/wp-json\/wp\/v2\/product_brand?post=1770"},{"taxonomy":"product_cat","embeddable":true,"href":"https:\/\/custompapertubeboxes.com\/de\/wp-json\/wp\/v2\/product_cat?post=1770"},{"taxonomy":"product_tag","embeddable":true,"href":"https:\/\/custompapertubeboxes.com\/de\/wp-json\/wp\/v2\/product_tag?post=1770"}],"curies":[{"name":"wp","href":"https:\/\/api.w.org\/{rel}","templated":true}]}}