{"id":1778,"date":"2025-12-31T06:03:10","date_gmt":"2025-12-31T06:03:10","guid":{"rendered":"https:\/\/custompapertubeboxes.com\/?post_type=product&#038;p=1778"},"modified":"2025-12-31T06:03:11","modified_gmt":"2025-12-31T06:03:11","slug":"aluminum-foil-easy-peel-off-lid-cbd-paper-tube-packaging-paper-cans-paper-canister","status":"publish","type":"product","link":"https:\/\/custompapertubeboxes.com\/de\/aluminum-foil-easy-peel-off-lid-cbd-paper-tube-packaging-paper-cans-paper-canister\/","title":{"rendered":"Aluminiumfolie Leicht abziehbarer Deckel CBD Papiertube Verpackung Papierdosen Papierdose"},"content":{"rendered":"<p>diese cbd-papierh\u00fclse wurde f\u00fcr produkte entwickelt, die sowohl im regal ansprechend als auch gesch\u00fctzt sein m\u00fcssen. der 800 g\/m\u00b2 starke papierk\u00f6rper beh\u00e4lt beim versand seine form, w\u00e4hrend 125 g\/m\u00b2 kunstpapier einen scharfen offsetdruck und eine optionale hei\u00dffolienpr\u00e4gung f\u00fcr ein sauberes, hochwertiges aussehen erm\u00f6glicht. Im Inneren sorgt ein Deckel aus Aluminiumfolie, der sich leicht abziehen l\u00e4sst, f\u00fcr ein f\u00e4lschungssicheres Siegel und bewahrt die Frische. Die Kappe l\u00e4sst sich f\u00fcr den t\u00e4glichen Gebrauch fest verschlie\u00dfen. Die matte Laminierung sch\u00fctzt vor Kratzern und Fingerabdr\u00fccken, so dass die Verpackung fotogen bleibt. Mit einer Gr\u00f6\u00dfe von 6\u00d710 cm ist sie ideal f\u00fcr Gummib\u00e4rchen, Pfefferminzbonbons, Kapseln oder kleine Nahrungserg\u00e4nzungsmittel. Sie ist wiederverwendbar und leicht zu \u00f6ffnen.<\/p>","protected":false},"excerpt":{"rendered":"<p>kompakte, matte papierdose f\u00fcr cbd gummis, mit einem 800gsm starren kern und einer gr\u00f6\u00dfe von 6\u00d710 cm. mit einem leicht abziehbaren alufolienverschluss und einem eng anliegenden deckel f\u00fcr frischhaltung und reise.<\/p>","protected":false},"featured_media":1785,"template":"","meta":{"_gspb_post_css":""},"product_brand":[],"product_cat":[20,23],"product_tag":[980,977,976,978,609,979],"class_list":{"0":"post-1778","1":"product","2":"type-product","3":"status-publish","4":"has-post-thumbnail","6":"product_cat-food-paper-tubes","7":"product_cat-food-supplement-paper-tubes","8":"product_tag-6x10cm-paper-canister","9":"product_tag-aluminum-foil-peel-lid-canister","10":"product_tag-cbd-paper-tube-packaging","11":"product_tag-gummies-paper-can","12":"product_tag-matte-laminated-cylinder-packaging","13":"product_tag-rigid-cardboard-tube-box","15":"first","16":"instock","17":"shipping-taxable","18":"product-type-simple"},"_links":{"self":[{"href":"https:\/\/custompapertubeboxes.com\/de\/wp-json\/wp\/v2\/product\/1778","targetHints":{"allow":["GET"]}}],"collection":[{"href":"https:\/\/custompapertubeboxes.com\/de\/wp-json\/wp\/v2\/product"}],"about":[{"href":"https:\/\/custompapertubeboxes.com\/de\/wp-json\/wp\/v2\/types\/product"}],"wp:featuredmedia":[{"embeddable":true,"href":"https:\/\/custompapertubeboxes.com\/de\/wp-json\/wp\/v2\/media\/1785"}],"wp:attachment":[{"href":"https:\/\/custompapertubeboxes.com\/de\/wp-json\/wp\/v2\/media?parent=1778"}],"wp:term":[{"taxonomy":"product_brand","embeddable":true,"href":"https:\/\/custompapertubeboxes.com\/de\/wp-json\/wp\/v2\/product_brand?post=1778"},{"taxonomy":"product_cat","embeddable":true,"href":"https:\/\/custompapertubeboxes.com\/de\/wp-json\/wp\/v2\/product_cat?post=1778"},{"taxonomy":"product_tag","embeddable":true,"href":"https:\/\/custompapertubeboxes.com\/de\/wp-json\/wp\/v2\/product_tag?post=1778"}],"curies":[{"name":"wp","href":"https:\/\/api.w.org\/{rel}","templated":true}]}}