{"id":1869,"date":"2025-12-31T06:50:53","date_gmt":"2025-12-31T06:50:53","guid":{"rendered":"https:\/\/custompapertubeboxes.com\/?post_type=product&#038;p=1869"},"modified":"2026-01-29T09:12:49","modified_gmt":"2026-01-29T09:12:49","slug":"customized-paper-tube-packaging-for-hair-band-with-clear-window-and-silk-handle","status":"publish","type":"product","link":"https:\/\/custompapertubeboxes.com\/de\/customized-paper-tube-packaging-for-hair-band-with-clear-window-and-silk-handle\/","title":{"rendered":"Kundenspezifische Papierrohrverpackung f\u00fcr Haarb\u00e4nder mit Klarsichtfenster und Seidengriff"},"content":{"rendered":"<p>die ma\u00dfgefertigten, lebensmittelechten, mit Wei\u00dfblech \u00fcberzogenen kraftpapierschachteln f\u00fcr teeverpackungen kombinieren eine warme kraftpapierstruktur mit einem knackigen metalldeckel, um den geschmack zu sch\u00fctzen. der wei\u00dfblechdeckel schlie\u00dft mit einem beruhigenden klick und hilft dabei, feuchtigkeit, licht und ger\u00fcche abzuhalten. Aus 800 g\/m\u00b2 festem Papier hergestellt und in 125 g\/m\u00b2 Kunstdruckpapier eingewickelt, liegt jede H\u00fclse stabil in der Hand und l\u00e4sst sich ordentlich stapeln. Die Gr\u00f6\u00dfe von 8\u00d712 cm ist ideal f\u00fcr 20 Teebeutel oder lose Bl\u00e4tter. Die Dekoration erfolgt durch Offsetdruck und Hei\u00dffolienpr\u00e4gung, die mit einer matten Laminierung f\u00fcr einen weichen, hochwertigen Touch abgeschlossen wird.<\/p>","protected":false},"excerpt":{"rendered":"<p>Die \u00d6ko-Kraftpapierh\u00fclse mit lebensmittelechtem Wei\u00dfblechdeckel h\u00e4lt den Tee trocken und aromatisch. 8\u00d712 cm, 800 g\/qm fester Kern, 125 g\/qm Kunstdruckpapier, matt laminiert, Offset + Folie. Passgenau f\u00fcr lose Bl\u00e4tter\/Beutel.<\/p>","protected":false},"featured_media":1870,"template":"","meta":{"_gspb_post_css":""},"product_brand":[],"product_cat":[28],"product_tag":[1032,1031,580,1033,794,84],"class_list":{"0":"post-1869","1":"product","2":"type-product","3":"status-publish","4":"has-post-thumbnail","6":"product_cat-apparel-paper-tubes","7":"product_tag-custom-printed-box","8":"product_tag-food-grade-container","9":"product_tag-kraft-paper-tube","10":"product_tag-matte-laminating","11":"product_tag-tea-packaging","12":"product_tag-tinplate-lid","14":"first","15":"instock","16":"shipping-taxable","17":"product-type-simple"},"_links":{"self":[{"href":"https:\/\/custompapertubeboxes.com\/de\/wp-json\/wp\/v2\/product\/1869","targetHints":{"allow":["GET"]}}],"collection":[{"href":"https:\/\/custompapertubeboxes.com\/de\/wp-json\/wp\/v2\/product"}],"about":[{"href":"https:\/\/custompapertubeboxes.com\/de\/wp-json\/wp\/v2\/types\/product"}],"wp:featuredmedia":[{"embeddable":true,"href":"https:\/\/custompapertubeboxes.com\/de\/wp-json\/wp\/v2\/media\/1870"}],"wp:attachment":[{"href":"https:\/\/custompapertubeboxes.com\/de\/wp-json\/wp\/v2\/media?parent=1869"}],"wp:term":[{"taxonomy":"product_brand","embeddable":true,"href":"https:\/\/custompapertubeboxes.com\/de\/wp-json\/wp\/v2\/product_brand?post=1869"},{"taxonomy":"product_cat","embeddable":true,"href":"https:\/\/custompapertubeboxes.com\/de\/wp-json\/wp\/v2\/product_cat?post=1869"},{"taxonomy":"product_tag","embeddable":true,"href":"https:\/\/custompapertubeboxes.com\/de\/wp-json\/wp\/v2\/product_tag?post=1869"}],"curies":[{"name":"wp","href":"https:\/\/api.w.org\/{rel}","templated":true}]}}