{"id":1876,"date":"2025-12-31T06:53:18","date_gmt":"2025-12-31T06:53:18","guid":{"rendered":"https:\/\/custompapertubeboxes.com\/?post_type=product&#038;p=1876"},"modified":"2025-12-31T07:40:00","modified_gmt":"2025-12-31T07:40:00","slug":"custom-food-grade-metal-tinplate-cover-kraft-paper-tube-boxes-for-tea-packaging","status":"publish","type":"product","link":"https:\/\/custompapertubeboxes.com\/de\/custom-food-grade-metal-tinplate-cover-kraft-paper-tube-boxes-for-tea-packaging\/","title":{"rendered":"Benutzerdefinierte Lebensmittelqualit\u00e4t Metall Wei\u00dfblech Abdeckung Kraft Papier Tube Boxen f\u00fcr Tee Verpackung"},"content":{"rendered":"<p>die ma\u00dfgefertigten, lebensmittelechten, metallischen, wei\u00dfblechgedeckten kraftpapierschachteln f\u00fcr teeverpackungen kombinieren eine warme krafttextur mit einem knackigen metalldeckel, um den geschmack zu sch\u00fctzen. der wei\u00dfblechdeckel schlie\u00dft mit einem beruhigenden klick und hilft, feuchtigkeit, licht und ger\u00fcche zu vermeiden. Aus 800 g\/m\u00b2 festem Papier hergestellt und in 125 g\/m\u00b2 Kunstdruckpapier eingewickelt, liegt jede H\u00fclse stabil in der Hand und l\u00e4sst sich ordentlich stapeln. Die Gr\u00f6\u00dfe betr\u00e4gt 6\u00d715 cm, ideal f\u00fcr 20 Teebeutel oder lose Bl\u00e4tter. Die Dekoration erfolgt im Offsetdruck und mit Hei\u00dffolienpr\u00e4gung, die mit einer matten Laminierung f\u00fcr einen weichen, hochwertigen Touch abgeschlossen wird.<\/p>","protected":false},"excerpt":{"rendered":"<p>Die \u00d6ko-Kraftpapierh\u00fclse mit lebensmittelechtem Wei\u00dfblechdeckel h\u00e4lt Tee trocken und aromatisch. 6\u00d715 cm, 800 g\/qm fester Kern, 125 g\/qm Kunstdruckpapier, matt kaschiert, Offset + Folie. passgenau f\u00fcr lose Bl\u00e4tter\/Beutel.<\/p>","protected":false},"featured_media":1882,"template":"","meta":{"_gspb_post_css":""},"product_brand":[],"product_cat":[20,22],"product_tag":[1032,1031,580,1033,794,84],"class_list":{"0":"post-1876","1":"product","2":"type-product","3":"status-publish","4":"has-post-thumbnail","6":"product_cat-food-paper-tubes","7":"product_cat-tea-paper-tubes","8":"product_tag-custom-printed-box","9":"product_tag-food-grade-container","10":"product_tag-kraft-paper-tube","11":"product_tag-matte-laminating","12":"product_tag-tea-packaging","13":"product_tag-tinplate-lid","15":"first","16":"instock","17":"shipping-taxable","18":"product-type-simple"},"_links":{"self":[{"href":"https:\/\/custompapertubeboxes.com\/de\/wp-json\/wp\/v2\/product\/1876","targetHints":{"allow":["GET"]}}],"collection":[{"href":"https:\/\/custompapertubeboxes.com\/de\/wp-json\/wp\/v2\/product"}],"about":[{"href":"https:\/\/custompapertubeboxes.com\/de\/wp-json\/wp\/v2\/types\/product"}],"wp:featuredmedia":[{"embeddable":true,"href":"https:\/\/custompapertubeboxes.com\/de\/wp-json\/wp\/v2\/media\/1882"}],"wp:attachment":[{"href":"https:\/\/custompapertubeboxes.com\/de\/wp-json\/wp\/v2\/media?parent=1876"}],"wp:term":[{"taxonomy":"product_brand","embeddable":true,"href":"https:\/\/custompapertubeboxes.com\/de\/wp-json\/wp\/v2\/product_brand?post=1876"},{"taxonomy":"product_cat","embeddable":true,"href":"https:\/\/custompapertubeboxes.com\/de\/wp-json\/wp\/v2\/product_cat?post=1876"},{"taxonomy":"product_tag","embeddable":true,"href":"https:\/\/custompapertubeboxes.com\/de\/wp-json\/wp\/v2\/product_tag?post=1876"}],"curies":[{"name":"wp","href":"https:\/\/api.w.org\/{rel}","templated":true}]}}