{"id":199,"date":"2025-12-27T10:56:42","date_gmt":"2025-12-27T10:56:42","guid":{"rendered":"https:\/\/custompapertubeboxes.com\/?post_type=product&#038;p=199"},"modified":"2025-12-29T07:39:14","modified_gmt":"2025-12-29T07:39:14","slug":"custom-logo-whisky-champagne-bottle-paper-round-tube-package","status":"publish","type":"product","link":"https:\/\/custompapertubeboxes.com\/de\/custom-logo-whisky-champagne-bottle-paper-round-tube-package\/","title":{"rendered":"Benutzerdefinierte Logo Whisky Champagner Flasche Papier Runde Rohr Paket"},"content":{"rendered":"<p>die runde papierh\u00fclse mit individuellem logo f\u00fcr whisky- und champagnerflaschen sch\u00fctzt eine einzelne flasche und verleiht ihr gleichzeitig das gef\u00fchl, etwas ganz Besonderes zu sein. ein Kern aus 800 g\/m\u00b2 festem papier verleiht der h\u00fclse stabilit\u00e4t, umh\u00fcllt von glattem 125 g\/m\u00b2 kunstpapier f\u00fcr sauberen offsetdruck. F\u00fcgen Sie eine Hei\u00dffolienpr\u00e4gung f\u00fcr einen raffinierten Logoblitz hinzu und versiegeln Sie sie dann mit einer matten Laminierung, um Kratzern und Fingerabdr\u00fccken zu widerstehen. Das Format 8\u00d716 cm passt f\u00fcr viele Standard-Spirituosen- und Sektflaschen, und der eng anliegende Deckel h\u00e4lt alles w\u00e4hrend des Versands, des Verschenkens und der Auslage im Einzelhandel stabil. W\u00e4hlen Sie Farben, Innenausstattung und Endkappen, um die Geschichte Ihrer Marke perfekt abzubilden.<\/p>","protected":false},"excerpt":{"rendered":"<p>Individuelle Logo-Whisky-Champagnerflaschen-Papier-Rundrohr-Verpackung aus 800 g\/m\u00b2 festem Karton mit 125 g\/m\u00b2 Kunstdruckpapier, Offsetdruck, Hei\u00dffolienakzenten und matter Laminierung in einer schlanken Gr\u00f6\u00dfe von 8\u00d716 cm.<\/p>","protected":false},"featured_media":202,"template":"","meta":{"_gspb_post_css":""},"product_brand":[],"product_cat":[20,26],"product_tag":[338,341,110,340,69,339],"class_list":{"0":"post-199","1":"product","2":"type-product","3":"status-publish","4":"has-post-thumbnail","6":"product_cat-food-paper-tubes","7":"product_cat-spirits-wine-paper-tubes","8":"product_tag-bottle-paper-tube-box","9":"product_tag-custom-logo-packaging","10":"product_tag-hot-foil-stamping","11":"product_tag-matte-lamination","12":"product_tag-paper-tube-packaging","13":"product_tag-rigid-paper-cylinder","15":"first","16":"instock","17":"shipping-taxable","18":"product-type-simple"},"_links":{"self":[{"href":"https:\/\/custompapertubeboxes.com\/de\/wp-json\/wp\/v2\/product\/199","targetHints":{"allow":["GET"]}}],"collection":[{"href":"https:\/\/custompapertubeboxes.com\/de\/wp-json\/wp\/v2\/product"}],"about":[{"href":"https:\/\/custompapertubeboxes.com\/de\/wp-json\/wp\/v2\/types\/product"}],"wp:featuredmedia":[{"embeddable":true,"href":"https:\/\/custompapertubeboxes.com\/de\/wp-json\/wp\/v2\/media\/202"}],"wp:attachment":[{"href":"https:\/\/custompapertubeboxes.com\/de\/wp-json\/wp\/v2\/media?parent=199"}],"wp:term":[{"taxonomy":"product_brand","embeddable":true,"href":"https:\/\/custompapertubeboxes.com\/de\/wp-json\/wp\/v2\/product_brand?post=199"},{"taxonomy":"product_cat","embeddable":true,"href":"https:\/\/custompapertubeboxes.com\/de\/wp-json\/wp\/v2\/product_cat?post=199"},{"taxonomy":"product_tag","embeddable":true,"href":"https:\/\/custompapertubeboxes.com\/de\/wp-json\/wp\/v2\/product_tag?post=199"}],"curies":[{"name":"wp","href":"https:\/\/api.w.org\/{rel}","templated":true}]}}