{"id":208,"date":"2025-12-27T12:30:23","date_gmt":"2025-12-27T12:30:23","guid":{"rendered":"https:\/\/custompapertubeboxes.com\/?post_type=product&#038;p=208"},"modified":"2025-12-29T07:36:32","modified_gmt":"2025-12-29T07:36:32","slug":"child-resistant-paper-tube-box-handmade-child-resistant-paper-box-tubes","status":"publish","type":"product","link":"https:\/\/custompapertubeboxes.com\/de\/child-resistant-paper-tube-box-handmade-child-resistant-paper-box-tubes\/","title":{"rendered":"Kindersichere Papierr\u00f6hrenbox, Handgemachte kindersichere Papierr\u00f6hrenbox"},"content":{"rendered":"<p>kindersichere papierh\u00fclsenbox, handgefertigte kindersichere papierh\u00fclsenboxen verleihen kleinformatigen produkten ein hochwertiges, vorschriftsm\u00e4\u00dfiges gef\u00fchl. der 4\u00d712 cm gro\u00dfe zylinder besteht aus 800 g\/m\u00b2 festem papier und ist mit glattem 125 g\/m\u00b2 kunstdruckpapier umwickelt, das f\u00fcr scharfe kanten und ein solides handgef\u00fchl sorgt. ein druckknopfverschluss hilft, den zugriff f\u00fcr kinder zu begrenzen, w\u00e4hrend er f\u00fcr erwachsene einfach zu bedienen ist. Der Offsetdruck sorgt f\u00fcr saubere Logos und Warnhinweise, und die Hei\u00dffolienpr\u00e4gung f\u00fcgt einen raffinierten metallischen Akzent hinzu. Die matte Laminierung reduziert Blendeffekte, erh\u00f6ht die Kratzfestigkeit und liegt weich in der Hand.<\/p>","protected":false},"excerpt":{"rendered":"<p>eine schlanke, kindersichere Tube mit Druckknopf aus 800 g\/m\u00b2 festem Papier und 125 g\/m\u00b2 Kunstdruckpapier. matt laminiert, mit Folienpr\u00e4gung und Offsetdruck f\u00fcr eine saubere Wirkung im Regal.<\/p>","protected":false},"featured_media":210,"template":"","meta":{"_gspb_post_css":""},"product_brand":[],"product_cat":[29],"product_tag":[335,72,334,274,337,336],"class_list":{"0":"post-208","1":"product","2":"type-product","3":"status-publish","4":"has-post-thumbnail","6":"product_cat-child-resistant-paper-tubes","7":"product_tag-800gsm-rigid-paper-packaging","8":"product_tag-child-resistant-paper-tube","9":"product_tag-handmade-paper-tube-box","10":"product_tag-hot-foil-stamped-tube","11":"product_tag-matte-laminated-paper-cylinder","12":"product_tag-offset-printed-tube-packaging","14":"first","15":"instock","16":"shipping-taxable","17":"product-type-simple"},"_links":{"self":[{"href":"https:\/\/custompapertubeboxes.com\/de\/wp-json\/wp\/v2\/product\/208","targetHints":{"allow":["GET"]}}],"collection":[{"href":"https:\/\/custompapertubeboxes.com\/de\/wp-json\/wp\/v2\/product"}],"about":[{"href":"https:\/\/custompapertubeboxes.com\/de\/wp-json\/wp\/v2\/types\/product"}],"wp:featuredmedia":[{"embeddable":true,"href":"https:\/\/custompapertubeboxes.com\/de\/wp-json\/wp\/v2\/media\/210"}],"wp:attachment":[{"href":"https:\/\/custompapertubeboxes.com\/de\/wp-json\/wp\/v2\/media?parent=208"}],"wp:term":[{"taxonomy":"product_brand","embeddable":true,"href":"https:\/\/custompapertubeboxes.com\/de\/wp-json\/wp\/v2\/product_brand?post=208"},{"taxonomy":"product_cat","embeddable":true,"href":"https:\/\/custompapertubeboxes.com\/de\/wp-json\/wp\/v2\/product_cat?post=208"},{"taxonomy":"product_tag","embeddable":true,"href":"https:\/\/custompapertubeboxes.com\/de\/wp-json\/wp\/v2\/product_tag?post=208"}],"curies":[{"name":"wp","href":"https:\/\/api.w.org\/{rel}","templated":true}]}}