{"id":215,"date":"2025-12-27T12:42:45","date_gmt":"2025-12-27T12:42:45","guid":{"rendered":"https:\/\/custompapertubeboxes.com\/?post_type=product&#038;p=215"},"modified":"2025-12-29T07:34:05","modified_gmt":"2025-12-29T07:34:05","slug":"child-resistant-paper-tube-box-for-concentrate-jar-packaging","status":"publish","type":"product","link":"https:\/\/custompapertubeboxes.com\/de\/child-resistant-paper-tube-box-for-concentrate-jar-packaging\/","title":{"rendered":"Kindersichere Papierschachtel f\u00fcr Konzentratverpackungen"},"content":{"rendered":"<p>Die kindersichere Pappr\u00f6hrenschachtel f\u00fcr Konzentratdosen ist f\u00fcr Marken konzipiert, die Sicherheit und Stil in einer Verpackung ben\u00f6tigen. Der starre Pappk\u00f6rper ist bruchsicher, w\u00e4hrend der Druckknopfverschluss die Erwartungen an die Kindersicherheit erf\u00fcllt. Im Inneren h\u00e4lt eine ma\u00dfgefertigte Schaumstoffeinlage die Dose stabil, reduziert Klappern und sch\u00fctzt das Glas w\u00e4hrend des Versands und der Handhabung im Einzelhandel. Der mattschwarze Look mit hochwertigem Druck sorgt f\u00fcr einen erstklassigen, modernen Auftritt im Regal. W\u00e4hlen Sie Ihr Design, Ihre Oberfl\u00e4chen und den Ausschnitt des Einsatzes passend zu Ihrer Glasgr\u00f6\u00dfe aus und sorgen Sie f\u00fcr ein sauberes Auspackerlebnis, an das sich Ihre Kunden erinnern.<\/p>","protected":false},"excerpt":{"rendered":"<p>6\u00d710 cm gro\u00dfe, kindersichere Papierh\u00fclse mit Druckknopfverschluss und weicher Schaumstoffhalterung. Die saubere schwarze Oberfl\u00e4che und der scharfe Druck sorgen daf\u00fcr, dass die Konzentratdosen gesch\u00fctzt und regalf\u00e4hig sind.<\/p>","protected":false},"featured_media":228,"template":"","meta":{"_gspb_post_css":""},"product_brand":[],"product_cat":[29],"product_tag":[72,331,246,182,332,333],"class_list":{"0":"post-215","1":"product","2":"type-product","3":"status-publish","4":"has-post-thumbnail","6":"product_cat-child-resistant-paper-tubes","7":"product_tag-child-resistant-paper-tube","8":"product_tag-concentrate-jar-packaging","9":"product_tag-custom-printed-tube-box","10":"product_tag-foam-insert-packaging","11":"product_tag-rigid-cardboard-cylinder","12":"product_tag-wholesale-paper-tube","14":"first","15":"instock","16":"shipping-taxable","17":"product-type-simple"},"_links":{"self":[{"href":"https:\/\/custompapertubeboxes.com\/de\/wp-json\/wp\/v2\/product\/215","targetHints":{"allow":["GET"]}}],"collection":[{"href":"https:\/\/custompapertubeboxes.com\/de\/wp-json\/wp\/v2\/product"}],"about":[{"href":"https:\/\/custompapertubeboxes.com\/de\/wp-json\/wp\/v2\/types\/product"}],"wp:featuredmedia":[{"embeddable":true,"href":"https:\/\/custompapertubeboxes.com\/de\/wp-json\/wp\/v2\/media\/228"}],"wp:attachment":[{"href":"https:\/\/custompapertubeboxes.com\/de\/wp-json\/wp\/v2\/media?parent=215"}],"wp:term":[{"taxonomy":"product_brand","embeddable":true,"href":"https:\/\/custompapertubeboxes.com\/de\/wp-json\/wp\/v2\/product_brand?post=215"},{"taxonomy":"product_cat","embeddable":true,"href":"https:\/\/custompapertubeboxes.com\/de\/wp-json\/wp\/v2\/product_cat?post=215"},{"taxonomy":"product_tag","embeddable":true,"href":"https:\/\/custompapertubeboxes.com\/de\/wp-json\/wp\/v2\/product_tag?post=215"}],"curies":[{"name":"wp","href":"https:\/\/api.w.org\/{rel}","templated":true}]}}