{"id":253,"date":"2025-12-27T13:14:42","date_gmt":"2025-12-27T13:14:42","guid":{"rendered":"https:\/\/custompapertubeboxes.com\/?post_type=product&#038;p=253"},"modified":"2025-12-29T07:26:02","modified_gmt":"2025-12-29T07:26:02","slug":"food-grade-biodegradable-cbd-cannabis-gummies-paper-tube-box","status":"publish","type":"product","link":"https:\/\/custompapertubeboxes.com\/de\/food-grade-biodegradable-cbd-cannabis-gummies-paper-tube-box\/","title":{"rendered":"Lebensmittelqualit\u00e4t Biologisch abbaubare CBD Cannabis Gummies Papierr\u00f6hre Box"},"content":{"rendered":"<p>diese papierh\u00fclse wurde f\u00fcr moderne essbare marken entwickelt und sch\u00fctzt gummis von der verpackung bis zum \u00f6ffnen. der k\u00f6rper besteht aus biologisch abbaubarem karton und einer lebensmittelvertr\u00e4glichen wachspapierbeschichtung zur reduzierung von fettflecken und zur geruchskontrolle. eine gl\u00e4nzende kaschierung verleiht hellen grafiken einen sauberen glanz und verbessert die abriebfestigkeit beim transport. ein kindersicherer deckel sorgt f\u00fcr praktische sicherheit im einzelhandel. passen sie gr\u00f6\u00dfe, druck und verarbeitung an und f\u00fcgen sie eine innere schale oder einen beutel f\u00fcr zus\u00e4tzliche frische hinzu. ohne zus\u00e4tzliche kunststoffteile zu verwenden.<\/p>","protected":false},"excerpt":{"rendered":"<p>biologisch abbaubare, lebensmittelechte papierh\u00fclse f\u00fcr cbd\/cannabis gummis. die innenseite ist mit wachspapier beschichtet, um \u00f6l und geruch zu binden, die gl\u00e4nzende kaschierung sorgt f\u00fcr einen besseren halt im regal, und der kindersichere deckel bietet zus\u00e4tzliche sicherheit.<\/p>","protected":false},"featured_media":258,"template":"","meta":{"_gspb_post_css":""},"product_brand":[],"product_cat":[30],"product_tag":[316,315,72,319,318,317],"class_list":{"0":"post-253","1":"product","2":"type-product","3":"status-publish","4":"has-post-thumbnail","6":"product_cat-cannabis-paper-tubes","7":"product_tag-biodegradable-food-grade-packaging","8":"product_tag-cbd-gummy-paper-tube-box","9":"product_tag-child-resistant-paper-tube","10":"product_tag-custom-printed-gummy-tube","11":"product_tag-glossy-laminated-tube-packaging","12":"product_tag-wax-coated-inner-liner-tube","14":"first","15":"instock","16":"shipping-taxable","17":"product-type-simple"},"_links":{"self":[{"href":"https:\/\/custompapertubeboxes.com\/de\/wp-json\/wp\/v2\/product\/253","targetHints":{"allow":["GET"]}}],"collection":[{"href":"https:\/\/custompapertubeboxes.com\/de\/wp-json\/wp\/v2\/product"}],"about":[{"href":"https:\/\/custompapertubeboxes.com\/de\/wp-json\/wp\/v2\/types\/product"}],"wp:featuredmedia":[{"embeddable":true,"href":"https:\/\/custompapertubeboxes.com\/de\/wp-json\/wp\/v2\/media\/258"}],"wp:attachment":[{"href":"https:\/\/custompapertubeboxes.com\/de\/wp-json\/wp\/v2\/media?parent=253"}],"wp:term":[{"taxonomy":"product_brand","embeddable":true,"href":"https:\/\/custompapertubeboxes.com\/de\/wp-json\/wp\/v2\/product_brand?post=253"},{"taxonomy":"product_cat","embeddable":true,"href":"https:\/\/custompapertubeboxes.com\/de\/wp-json\/wp\/v2\/product_cat?post=253"},{"taxonomy":"product_tag","embeddable":true,"href":"https:\/\/custompapertubeboxes.com\/de\/wp-json\/wp\/v2\/product_tag?post=253"}],"curies":[{"name":"wp","href":"https:\/\/api.w.org\/{rel}","templated":true}]}}