{"id":371,"date":"2025-12-29T02:24:04","date_gmt":"2025-12-29T02:24:04","guid":{"rendered":"https:\/\/custompapertubeboxes.com\/?post_type=product&#038;p=371"},"modified":"2025-12-29T07:06:49","modified_gmt":"2025-12-29T07:06:49","slug":"wholesale-custom-chocolate-truffles-paper-tube-packaging-box","status":"publish","type":"product","link":"https:\/\/custompapertubeboxes.com\/de\/wholesale-custom-chocolate-truffles-paper-tube-packaging-box\/","title":{"rendered":"Gro\u00dfhandel benutzerdefinierte Schokolade Tr\u00fcffel Papier Tube Verpackung Box"},"content":{"rendered":"<p>diese gro\u00dfhandelsspezifische schokoladentr\u00fcffel-verpackungsschachtel aus papier ist f\u00fcr s\u00fc\u00dfigkeiten gemacht, die einen besseren ersten eindruck verdienen. sie besteht aus lebensmittelgeeigneten materialien und ist sicher f\u00fcr s\u00fc\u00dfwaren und stark genug, um empfindliche tr\u00fcffel vor dem zerdr\u00fccken w\u00e4hrend des transports zu sch\u00fctzen. die flache kantenstruktur h\u00e4lt den deckel und den boden ausgerichtet, so dass die schachtel sauber schlie\u00dft und sich gut in einzelhandelsdisplays stapeln l\u00e4sst. eine strukturierte papierh\u00fclle sorgt f\u00fcr griffigkeit und ein hochwertiges gef\u00fchl - als ob man ein kleines geschenk und nicht nur einen beh\u00e4lter \u00f6ffnen w\u00fcrde. durchmesser, h\u00f6he und innere schalen lassen sich an die anzahl der sortimente, einlagen und markenanforderungen anpassen. mit folienpr\u00e4gung oder punktueller uv-bestrahlung k\u00f6nnen sie ein unverwechselbares finish erzielen und farblich auf saisonale kollektionen abgestimmt werden. ideal f\u00fcr tr\u00fcffel, macarons, kekse und luxuri\u00f6se snack-sets.<\/p>","protected":false},"excerpt":{"rendered":"<p>R\u00f6hrenschachtel aus lebensmittelechtem Papier f\u00fcr Schokoladentr\u00fcffel, mit flacher Kante f\u00fcr einen sauberen Sitz. Die strukturierte Papierh\u00fclle f\u00fchlt sich hochwertig an, und dank individueller Gr\u00f6\u00dfen k\u00f6nnen Sie einzelne Schichten oder ganze Geschenksortimente verpacken.<\/p>","protected":false},"featured_media":375,"template":"","meta":{"_gspb_post_css":""},"product_brand":[],"product_cat":[20],"product_tag":[277,281,280,279,278,282],"class_list":{"0":"post-371","1":"product","2":"type-product","3":"status-publish","4":"has-post-thumbnail","6":"product_cat-food-paper-tubes","7":"product_tag-chocolate-truffles-packaging-box","8":"product_tag-custom-size-truffle-box","9":"product_tag-flat-edge-round-box","10":"product_tag-food-grade-paper-packaging","11":"product_tag-paper-tube-gift-box","12":"product_tag-textured-paper-round-box","14":"first","15":"instock","16":"shipping-taxable","17":"product-type-simple"},"_links":{"self":[{"href":"https:\/\/custompapertubeboxes.com\/de\/wp-json\/wp\/v2\/product\/371","targetHints":{"allow":["GET"]}}],"collection":[{"href":"https:\/\/custompapertubeboxes.com\/de\/wp-json\/wp\/v2\/product"}],"about":[{"href":"https:\/\/custompapertubeboxes.com\/de\/wp-json\/wp\/v2\/types\/product"}],"wp:featuredmedia":[{"embeddable":true,"href":"https:\/\/custompapertubeboxes.com\/de\/wp-json\/wp\/v2\/media\/375"}],"wp:attachment":[{"href":"https:\/\/custompapertubeboxes.com\/de\/wp-json\/wp\/v2\/media?parent=371"}],"wp:term":[{"taxonomy":"product_brand","embeddable":true,"href":"https:\/\/custompapertubeboxes.com\/de\/wp-json\/wp\/v2\/product_brand?post=371"},{"taxonomy":"product_cat","embeddable":true,"href":"https:\/\/custompapertubeboxes.com\/de\/wp-json\/wp\/v2\/product_cat?post=371"},{"taxonomy":"product_tag","embeddable":true,"href":"https:\/\/custompapertubeboxes.com\/de\/wp-json\/wp\/v2\/product_tag?post=371"}],"curies":[{"name":"wp","href":"https:\/\/api.w.org\/{rel}","templated":true}]}}