{"id":458,"date":"2025-12-29T03:39:42","date_gmt":"2025-12-29T03:39:42","guid":{"rendered":"https:\/\/custompapertubeboxes.com\/?post_type=product&#038;p=458"},"modified":"2025-12-29T06:42:21","modified_gmt":"2025-12-29T06:42:21","slug":"custom-printed-cardboard-paper-round-box-with-rope-handle","status":"publish","type":"product","link":"https:\/\/custompapertubeboxes.com\/de\/custom-printed-cardboard-paper-round-box-with-rope-handle\/","title":{"rendered":"Individuell bedruckte runde Pappschachtel mit Seilgriff"},"content":{"rendered":"<p>Diese individuell bedruckte runde Pappschachtel ist wie geschaffen f\u00fcr Geschenke, die sich vom ersten Moment an besonders anf\u00fchlen. Der R\u00f6hrenk\u00f6rper mit gro\u00dfem Fassungsverm\u00f6gen fasst mehr Produkte, ohne sich auszuw\u00f6lben, w\u00e4hrend der Seilgriff die Schachtel zu einem einfachen Transportmittel f\u00fcr Feste, B\u00e4ckereisets oder Einzelhandelsb\u00fcndel macht. Der Offsetdruck sorgt f\u00fcr feine Linien und satte Farben, selbst auf detaillierten Vorlagen, und die gl\u00e4nzende Laminierung sorgt f\u00fcr Glanz und Abriebfestigkeit w\u00e4hrend des Versands und der Handhabung. Passen Sie Durchmesser, H\u00f6he und Einsatzoptionen an Ihr Produkt an. F\u00fcgen Sie Folienpr\u00e4gung, Pr\u00e4gung oder Spot-UV hinzu, um Ihr Logo hervorzuheben.<\/p>","protected":false},"excerpt":{"rendered":"<p>Die runde Papierschachtel mit gro\u00dfem Fassungsverm\u00f6gen hat einen Seilgriff f\u00fcr den einfachen Transport. Die stabile Papph\u00fclse, die gl\u00e4nzende Laminierung und der Offsetdruck sorgen f\u00fcr scharfe Details und ein hochwertiges Erscheinungsbild des Geschenks f\u00fcr Feste und den Einzelhandel.<\/p>","protected":false},"featured_media":459,"template":"","meta":{"_gspb_post_css":""},"product_brand":[],"product_cat":[20],"product_tag":[213,212,216,217,215,214],"class_list":{"0":"post-458","1":"product","2":"type-product","3":"status-publish","4":"has-post-thumbnail","6":"product_cat-food-paper-tubes","7":"product_tag-cardboard-paper-tube-packaging","8":"product_tag-custom-printed-round-box","9":"product_tag-glossy-laminated-tube","10":"product_tag-large-capacity-round-canister","11":"product_tag-offset-printing-box","12":"product_tag-rope-handle-gift-box","14":"first","15":"instock","16":"shipping-taxable","17":"product-type-simple"},"_links":{"self":[{"href":"https:\/\/custompapertubeboxes.com\/de\/wp-json\/wp\/v2\/product\/458","targetHints":{"allow":["GET"]}}],"collection":[{"href":"https:\/\/custompapertubeboxes.com\/de\/wp-json\/wp\/v2\/product"}],"about":[{"href":"https:\/\/custompapertubeboxes.com\/de\/wp-json\/wp\/v2\/types\/product"}],"wp:featuredmedia":[{"embeddable":true,"href":"https:\/\/custompapertubeboxes.com\/de\/wp-json\/wp\/v2\/media\/459"}],"wp:attachment":[{"href":"https:\/\/custompapertubeboxes.com\/de\/wp-json\/wp\/v2\/media?parent=458"}],"wp:term":[{"taxonomy":"product_brand","embeddable":true,"href":"https:\/\/custompapertubeboxes.com\/de\/wp-json\/wp\/v2\/product_brand?post=458"},{"taxonomy":"product_cat","embeddable":true,"href":"https:\/\/custompapertubeboxes.com\/de\/wp-json\/wp\/v2\/product_cat?post=458"},{"taxonomy":"product_tag","embeddable":true,"href":"https:\/\/custompapertubeboxes.com\/de\/wp-json\/wp\/v2\/product_tag?post=458"}],"curies":[{"name":"wp","href":"https:\/\/api.w.org\/{rel}","templated":true}]}}