{"id":490,"date":"2025-12-29T03:54:50","date_gmt":"2025-12-29T03:54:50","guid":{"rendered":"https:\/\/custompapertubeboxes.com\/?post_type=product&#038;p=490"},"modified":"2025-12-29T06:03:08","modified_gmt":"2025-12-29T06:03:08","slug":"airtight-composite-hot-chocolate-powder-paper-tube-packaging","status":"publish","type":"product","link":"https:\/\/custompapertubeboxes.com\/de\/airtight-composite-hot-chocolate-powder-paper-tube-packaging\/","title":{"rendered":"Luftdichte Verbundverpackung f\u00fcr hei\u00dfe Schokoladenpulver in Papierr\u00f6hren"},"content":{"rendered":"<p>luftdichte schokoladenpulver-papierr\u00f6hrenverpackungen aus verbundmaterial verbinden funktionalit\u00e4t mit raffiniertem design. aus lebensmittelgeeigneten materialien hergestellt, gew\u00e4hrleistet dieser verbundpapierbeh\u00e4lter einen sicheren kontakt mit pulverf\u00f6rmigen getr\u00e4nken und bewahrt dabei aroma und frische. die luftdichte struktur sch\u00fctzt den inhalt vor feuchtigkeit und luft und verl\u00e4ngert so auf nat\u00fcrliche weise die haltbarkeit. die glatte oberfl\u00e4che und der saubere druck erh\u00f6hen die attraktivit\u00e4t im regal und machen sie ideal f\u00fcr premium-kakao, getr\u00e4nkemischungen und geschenksammlungen. vollst\u00e4ndig recycelbar und mit dem Gedanken an nachhaltigkeit hergestellt, bietet diese papierr\u00f6hrenverpackung eine moderne alternative zu kunststoffbeh\u00e4ltern, die sowohl umweltverantwortung als auch ein angenehmes, hochwertiges konsumerlebnis bietet.<\/p>","protected":false},"excerpt":{"rendered":"<p>Diese luftdicht verschlie\u00dfbare Tube aus Papierverbundstoff sch\u00fctzt das hei\u00dfe Schokoladenpulver und bietet gleichzeitig ein weiches, hochwertiges Aussehen unter Verwendung lebensmittelechter, nachhaltiger Materialien.<\/p>","protected":false},"featured_media":491,"template":"","meta":{"_gspb_post_css":""},"product_brand":[],"product_cat":[20,23],"product_tag":[195,194,104,193,69,196],"class_list":{"0":"post-490","1":"product","2":"type-product","3":"status-publish","4":"has-post-thumbnail","6":"product_cat-food-paper-tubes","7":"product_cat-food-supplement-paper-tubes","8":"product_tag-airtight-paper-canister","9":"product_tag-composite-paper-tube","10":"product_tag-food-grade-packaging","11":"product_tag-hot-chocolate-canister","12":"product_tag-paper-tube-packaging","13":"product_tag-recyclable-paper-box","15":"first","16":"instock","17":"shipping-taxable","18":"product-type-simple"},"_links":{"self":[{"href":"https:\/\/custompapertubeboxes.com\/de\/wp-json\/wp\/v2\/product\/490","targetHints":{"allow":["GET"]}}],"collection":[{"href":"https:\/\/custompapertubeboxes.com\/de\/wp-json\/wp\/v2\/product"}],"about":[{"href":"https:\/\/custompapertubeboxes.com\/de\/wp-json\/wp\/v2\/types\/product"}],"wp:featuredmedia":[{"embeddable":true,"href":"https:\/\/custompapertubeboxes.com\/de\/wp-json\/wp\/v2\/media\/491"}],"wp:attachment":[{"href":"https:\/\/custompapertubeboxes.com\/de\/wp-json\/wp\/v2\/media?parent=490"}],"wp:term":[{"taxonomy":"product_brand","embeddable":true,"href":"https:\/\/custompapertubeboxes.com\/de\/wp-json\/wp\/v2\/product_brand?post=490"},{"taxonomy":"product_cat","embeddable":true,"href":"https:\/\/custompapertubeboxes.com\/de\/wp-json\/wp\/v2\/product_cat?post=490"},{"taxonomy":"product_tag","embeddable":true,"href":"https:\/\/custompapertubeboxes.com\/de\/wp-json\/wp\/v2\/product_tag?post=490"}],"curies":[{"name":"wp","href":"https:\/\/api.w.org\/{rel}","templated":true}]}}