{"id":495,"date":"2025-12-29T04:07:20","date_gmt":"2025-12-29T04:07:20","guid":{"rendered":"https:\/\/custompapertubeboxes.com\/?post_type=product&#038;p=495"},"modified":"2025-12-29T04:07:21","modified_gmt":"2025-12-29T04:07:21","slug":"eco-friendly-cardboard-whiskey-wine-bottle-cylinder-boxes","status":"publish","type":"product","link":"https:\/\/custompapertubeboxes.com\/de\/eco-friendly-cardboard-whiskey-wine-bottle-cylinder-boxes\/","title":{"rendered":"Umweltfreundliche Whiskey-Weinflaschen-Zylinder-Boxen aus Karton"},"content":{"rendered":"<p>Die umweltfreundlichen Whiskey-Weinflaschen-Zylinderkartons aus Pappe wurden entwickelt, um sowohl die Pr\u00e4sentation als auch den Schutz zu verbessern. Inspiriert von der raffinierten Optik von Premium-Weinverpackungen ist jeder Karton in strukturiertes Papier eingewickelt, das sich angenehm anf\u00fchlt und elegant aussieht. Die goldene Hei\u00dffolienpr\u00e4gung verleiht einen subtilen Hauch von Luxus und macht die Verpackung ideal f\u00fcr Geschenke und den gehobenen Einzelhandel. Der verst\u00e4rkte Metalldeckel und -boden erh\u00f6ht die Haltbarkeit und h\u00e4lt die Flasche w\u00e4hrend der Lagerung und des Transports sicher.<\/p>","protected":false},"excerpt":{"rendered":"<p>Diese umweltfreundlichen Karton-Zylinderboxen f\u00fcr Premium-Weine und -Spirituosen zeichnen sich durch strukturiertes Papier, eine elegante Hei\u00dffolienpr\u00e4gung in Gold und robuste Metalldeckel und -b\u00f6den f\u00fcr raffinierten Schutz aus.<\/p>","protected":false},"featured_media":496,"template":"","meta":{"_gspb_post_css":""},"product_brand":[],"product_cat":[20,26],"product_tag":[51,39,192,191,190],"class_list":{"0":"post-495","1":"product","2":"type-product","3":"status-publish","4":"has-post-thumbnail","6":"product_cat-food-paper-tubes","7":"product_cat-spirits-wine-paper-tubes","8":"product_tag-cardboard-tube-box","9":"product_tag-eco-friendly-packaging","10":"product_tag-luxury-wine-packaging","11":"product_tag-whiskey-cylinder-box","12":"product_tag-wine-bottle-packaging","14":"first","15":"instock","16":"shipping-taxable","17":"product-type-simple"},"_links":{"self":[{"href":"https:\/\/custompapertubeboxes.com\/de\/wp-json\/wp\/v2\/product\/495","targetHints":{"allow":["GET"]}}],"collection":[{"href":"https:\/\/custompapertubeboxes.com\/de\/wp-json\/wp\/v2\/product"}],"about":[{"href":"https:\/\/custompapertubeboxes.com\/de\/wp-json\/wp\/v2\/types\/product"}],"wp:featuredmedia":[{"embeddable":true,"href":"https:\/\/custompapertubeboxes.com\/de\/wp-json\/wp\/v2\/media\/496"}],"wp:attachment":[{"href":"https:\/\/custompapertubeboxes.com\/de\/wp-json\/wp\/v2\/media?parent=495"}],"wp:term":[{"taxonomy":"product_brand","embeddable":true,"href":"https:\/\/custompapertubeboxes.com\/de\/wp-json\/wp\/v2\/product_brand?post=495"},{"taxonomy":"product_cat","embeddable":true,"href":"https:\/\/custompapertubeboxes.com\/de\/wp-json\/wp\/v2\/product_cat?post=495"},{"taxonomy":"product_tag","embeddable":true,"href":"https:\/\/custompapertubeboxes.com\/de\/wp-json\/wp\/v2\/product_tag?post=495"}],"curies":[{"name":"wp","href":"https:\/\/api.w.org\/{rel}","templated":true}]}}