{"id":568,"date":"2025-12-29T08:24:45","date_gmt":"2025-12-29T08:24:45","guid":{"rendered":"https:\/\/custompapertubeboxes.com\/?post_type=product&#038;p=568"},"modified":"2025-12-29T08:24:45","modified_gmt":"2025-12-29T08:24:45","slug":"custom-printing-groin-powder-paper-tube-boxes-packaging","status":"publish","type":"product","link":"https:\/\/custompapertubeboxes.com\/de\/custom-printing-groin-powder-paper-tube-boxes-packaging\/","title":{"rendered":"Benutzerdefinierte Druck Rinne Pulver Papier Tube Boxen Verpackung"},"content":{"rendered":"<p>custom printing groin powder paper tube boxes sind verpackungen f\u00fcr produkte, die einen ordentlichen, gesch\u00fctzten und alltagstauglichen beh\u00e4lter ben\u00f6tigen. die stabilen kartonw\u00e4nde sorgen daf\u00fcr, dass die tube ihre form w\u00e4hrend des versandes und der handhabung im regal beibeh\u00e4lt, w\u00e4hrend der metalldeckel und -boden f\u00fcr zus\u00e4tzliche festigkeit und ein beruhigendes siegelgef\u00fchl sorgen. Der Offsetdruck sorgt f\u00fcr gestochen scharfen Text und saubere Grafiken, und die matte Laminierung mildert Blendeffekte und macht sie unempfindlich gegen Kratzer und Fingerabdr\u00fccke. Die runde Form liegt gut in der Hand, l\u00e4sst sich leicht \u00f6ffnen und sieht hochwertig aus, ohne zu sehr aufdringlich zu sein. Sie ist ideal f\u00fcr K\u00f6rperpuder und K\u00f6rperpflegeprodukte, die auf Vertrauen, Sauberkeit und ein einheitliches Markenimage angewiesen sind.<\/p>","protected":false},"excerpt":{"rendered":"<p>Die individuell bedruckten Schachteln aus Pulverpapier bestehen aus stabilem Karton mit Metalldeckel und -boden, die im Offsetverfahren bedruckt und matt laminiert werden, um ein sauberes Aussehen und soliden Schutz zu gew\u00e4hrleisten.<\/p>","protected":false},"featured_media":570,"template":"","meta":{"_gspb_post_css":""},"product_brand":[],"product_cat":[15],"product_tag":[380,379,382,381,383,384],"class_list":{"0":"post-568","1":"product","2":"type-product","3":"status-publish","4":"has-post-thumbnail","6":"product_cat-cosmetics-paper-tubes","7":"product_tag-custom-printed-cardboard-canister","8":"product_tag-groin-powder-paper-tube-box","9":"product_tag-matte-lamination-cylinder-box","10":"product_tag-metal-lid-paper-tube-packaging","11":"product_tag-offset-printing-tube-packaging","12":"product_tag-sturdy-paper-tube-box-wholesale","14":"first","15":"instock","16":"shipping-taxable","17":"product-type-simple"},"_links":{"self":[{"href":"https:\/\/custompapertubeboxes.com\/de\/wp-json\/wp\/v2\/product\/568","targetHints":{"allow":["GET"]}}],"collection":[{"href":"https:\/\/custompapertubeboxes.com\/de\/wp-json\/wp\/v2\/product"}],"about":[{"href":"https:\/\/custompapertubeboxes.com\/de\/wp-json\/wp\/v2\/types\/product"}],"wp:featuredmedia":[{"embeddable":true,"href":"https:\/\/custompapertubeboxes.com\/de\/wp-json\/wp\/v2\/media\/570"}],"wp:attachment":[{"href":"https:\/\/custompapertubeboxes.com\/de\/wp-json\/wp\/v2\/media?parent=568"}],"wp:term":[{"taxonomy":"product_brand","embeddable":true,"href":"https:\/\/custompapertubeboxes.com\/de\/wp-json\/wp\/v2\/product_brand?post=568"},{"taxonomy":"product_cat","embeddable":true,"href":"https:\/\/custompapertubeboxes.com\/de\/wp-json\/wp\/v2\/product_cat?post=568"},{"taxonomy":"product_tag","embeddable":true,"href":"https:\/\/custompapertubeboxes.com\/de\/wp-json\/wp\/v2\/product_tag?post=568"}],"curies":[{"name":"wp","href":"https:\/\/api.w.org\/{rel}","templated":true}]}}