{"id":585,"date":"2025-12-29T08:37:16","date_gmt":"2025-12-29T08:37:16","guid":{"rendered":"https:\/\/custompapertubeboxes.com\/?post_type=product&#038;p=585"},"modified":"2025-12-29T08:37:16","modified_gmt":"2025-12-29T08:37:16","slug":"wholesale-luxury-custom-serum-bottle-paper-tube-packaging","status":"publish","type":"product","link":"https:\/\/custompapertubeboxes.com\/de\/wholesale-luxury-custom-serum-bottle-paper-tube-packaging\/","title":{"rendered":"Gro\u00dfhandel Luxus benutzerdefinierte Serum Flasche Papier Rohr Verpackung"},"content":{"rendered":"<p>Die starre, sch\u00fctzende R\u00f6hre widersteht Beulen und Kratzern, und der Schaumstoffhalter im Inneren h\u00e4lt das Serum in der Mitte, so dass es w\u00e4hrend des Versands nicht klappert. Die rosa-goldene Farbpalette wirkt weich und modern, w\u00e4hrend die Hei\u00dffolienpr\u00e4gung Ihr Logo und die wichtigsten Details zum Strahlen bringt. Sie eignet sich hervorragend f\u00fcr Seren, \u00d6le und kleine Kosmetikflaschen in Sets oder Einzelverpackungen. Passen Sie Gr\u00f6\u00dfe, Form des Einsatzes, Druck und Oberfl\u00e4chen an Ihre Markenbotschaft an.<\/p>","protected":false},"excerpt":{"rendered":"<p>weiche, ros\u00e9goldene papierh\u00fclse zum schutz von serumflaschen mit einem kuscheligen schaumstoffhalter im inneren. das hei\u00dffolien-branding sorgt f\u00fcr ein hochwertiges finish, ideal f\u00fcr regale im einzelhandel und zum verschenken.<\/p>","protected":false},"featured_media":587,"template":"","meta":{"_gspb_post_css":""},"product_brand":[],"product_cat":[15],"product_tag":[394,367,392,393,391,395],"class_list":{"0":"post-585","1":"product","2":"type-product","3":"status-publish","4":"has-post-thumbnail","6":"product_cat-cosmetics-paper-tubes","7":"product_tag-foam-insert-tube-box","8":"product_tag-hot-foil-stamping-tube","9":"product_tag-luxury-cosmetic-packaging","10":"product_tag-pink-gold-paper-canister","11":"product_tag-serum-bottle-paper-tube","12":"product_tag-wholesale-custom-tube-packaging","14":"first","15":"instock","16":"shipping-taxable","17":"product-type-simple"},"_links":{"self":[{"href":"https:\/\/custompapertubeboxes.com\/de\/wp-json\/wp\/v2\/product\/585","targetHints":{"allow":["GET"]}}],"collection":[{"href":"https:\/\/custompapertubeboxes.com\/de\/wp-json\/wp\/v2\/product"}],"about":[{"href":"https:\/\/custompapertubeboxes.com\/de\/wp-json\/wp\/v2\/types\/product"}],"wp:featuredmedia":[{"embeddable":true,"href":"https:\/\/custompapertubeboxes.com\/de\/wp-json\/wp\/v2\/media\/587"}],"wp:attachment":[{"href":"https:\/\/custompapertubeboxes.com\/de\/wp-json\/wp\/v2\/media?parent=585"}],"wp:term":[{"taxonomy":"product_brand","embeddable":true,"href":"https:\/\/custompapertubeboxes.com\/de\/wp-json\/wp\/v2\/product_brand?post=585"},{"taxonomy":"product_cat","embeddable":true,"href":"https:\/\/custompapertubeboxes.com\/de\/wp-json\/wp\/v2\/product_cat?post=585"},{"taxonomy":"product_tag","embeddable":true,"href":"https:\/\/custompapertubeboxes.com\/de\/wp-json\/wp\/v2\/product_tag?post=585"}],"curies":[{"name":"wp","href":"https:\/\/api.w.org\/{rel}","templated":true}]}}