{"id":631,"date":"2025-12-29T09:21:23","date_gmt":"2025-12-29T09:21:23","guid":{"rendered":"https:\/\/custompapertubeboxes.com\/?post_type=product&#038;p=631"},"modified":"2025-12-29T09:21:23","modified_gmt":"2025-12-29T09:21:23","slug":"medlar-tea-paper-cardboard-tea-tube-container-packaging","status":"publish","type":"product","link":"https:\/\/custompapertubeboxes.com\/de\/medlar-tea-paper-cardboard-tea-tube-container-packaging\/","title":{"rendered":"Mispel Tee Papier Pappe Tee Tube Verpackung"},"content":{"rendered":"<p>Die Mispel-Tee-Verpackung aus Pappkarton ist f\u00fcr Marken gedacht, die Wert auf Frische und Verarbeitung legen. Der lebensmittelechte Korpus ist mit einer Aluminiumfolie ausgekleidet, die Feuchtigkeit und Ger\u00fcche abh\u00e4lt und daf\u00fcr sorgt, dass empfindlicher Fr\u00fcchtetee nicht austrocknet. Der saubere, hochaufl\u00f6sende Druck macht die Tube zu einem Ausstellungsst\u00fcck in Regalen oder Geschenksets. Verwenden Sie sie f\u00fcr lose Bl\u00e4tter, Mispeln, Kr\u00e4uter oder Probesets - und verwenden Sie den Kanister dann als Vorratsbeh\u00e4lter weiter.<\/p>","protected":false},"excerpt":{"rendered":"<p>Die Mispel-Tee-Papier-Verpackung f\u00fcr Teer\u00f6hrchen aus Pappe h\u00e4lt den Tee mit einer Auskleidung aus Aluminiumfolie und stabilen Metallenden knackig. Die lebensmittelechte Konstruktion und der hochaufl\u00f6sende Druck sorgen f\u00fcr eine ansprechende Optik im Regal.<\/p>","protected":false},"featured_media":633,"template":"","meta":{"_gspb_post_css":""},"product_brand":[],"product_cat":[20,22],"product_tag":[416,229,417,349,415,414],"class_list":{"0":"post-631","1":"product","2":"type-product","3":"status-publish","4":"has-post-thumbnail","6":"product_cat-food-paper-tubes","7":"product_cat-tea-paper-tubes","8":"product_tag-aluminum-foil-lining","9":"product_tag-custom-printed-cardboard-tube","10":"product_tag-food-grade-tea-container","11":"product_tag-metal-lid-paper-tube","12":"product_tag-paper-canister-tube","13":"product_tag-tea-tube-packaging","15":"first","16":"instock","17":"shipping-taxable","18":"product-type-simple"},"_links":{"self":[{"href":"https:\/\/custompapertubeboxes.com\/de\/wp-json\/wp\/v2\/product\/631","targetHints":{"allow":["GET"]}}],"collection":[{"href":"https:\/\/custompapertubeboxes.com\/de\/wp-json\/wp\/v2\/product"}],"about":[{"href":"https:\/\/custompapertubeboxes.com\/de\/wp-json\/wp\/v2\/types\/product"}],"wp:featuredmedia":[{"embeddable":true,"href":"https:\/\/custompapertubeboxes.com\/de\/wp-json\/wp\/v2\/media\/633"}],"wp:attachment":[{"href":"https:\/\/custompapertubeboxes.com\/de\/wp-json\/wp\/v2\/media?parent=631"}],"wp:term":[{"taxonomy":"product_brand","embeddable":true,"href":"https:\/\/custompapertubeboxes.com\/de\/wp-json\/wp\/v2\/product_brand?post=631"},{"taxonomy":"product_cat","embeddable":true,"href":"https:\/\/custompapertubeboxes.com\/de\/wp-json\/wp\/v2\/product_cat?post=631"},{"taxonomy":"product_tag","embeddable":true,"href":"https:\/\/custompapertubeboxes.com\/de\/wp-json\/wp\/v2\/product_tag?post=631"}],"curies":[{"name":"wp","href":"https:\/\/api.w.org\/{rel}","templated":true}]}}