{"id":636,"date":"2025-12-29T09:24:52","date_gmt":"2025-12-29T09:24:52","guid":{"rendered":"https:\/\/custompapertubeboxes.com\/?post_type=product&#038;p=636"},"modified":"2025-12-29T09:24:53","modified_gmt":"2025-12-29T09:24:53","slug":"flat-edge-custom-perfume-paper-cylinder-box-tube-packaging","status":"publish","type":"product","link":"https:\/\/custompapertubeboxes.com\/de\/flat-edge-custom-perfume-paper-cylinder-box-tube-packaging\/","title":{"rendered":"Flache Kante benutzerdefinierte Parf\u00fcm Papier Zylinder Box Tube Verpackung"},"content":{"rendered":"<p>Der schwarze Kartonk\u00f6rper verleiht der Tube Struktur und ein modernes, mattes Aussehen, w\u00e4hrend die silberne Hei\u00dffolienpr\u00e4gung unter Licht eine klare, hochwertige Signatur verleiht. Die flachen Kanten an der Ober- und Unterseite sorgen daf\u00fcr, dass die Tube ordentlich auf der Theke und in Geschenksets liegt, ohne zu wackeln. Im Inneren polstert ein angepasster Schaumstoffhalter den Flakon und reduziert so Bewegungen und St\u00f6\u00dfe w\u00e4hrend des Transports. Die Verpackung ist ideal f\u00fcr Extraits, Eau de Parfum oder limitierte Editionen und l\u00e4sst sich in Bezug auf Gr\u00f6\u00dfe, Grafik und Veredelungsdetails vollst\u00e4ndig an Ihre Markengeschichte anpassen.<\/p>","protected":false},"excerpt":{"rendered":"<p>Die flache Kante der kundenspezifischen Parf\u00fcm-Papier-Zylinderkarton-R\u00f6hrenverpackung kombiniert schwarzen Karton mit Silberfolien-Akzenten und einem Schaumstoffhalter, der die Flaschen sicher h\u00e4lt und im Regal elegant aussieht.<\/p>","protected":false},"featured_media":639,"template":"","meta":{"_gspb_post_css":""},"product_brand":[],"product_cat":[18],"product_tag":[354,420,182,419,418,353],"class_list":{"0":"post-636","1":"product","2":"type-product","3":"status-publish","4":"has-post-thumbnail","6":"product_cat-perfume-paper-tubes","7":"product_tag-black-cardboard-tube","8":"product_tag-flat-edge-paper-tube","9":"product_tag-foam-insert-packaging","10":"product_tag-paper-cylinder-box","11":"product_tag-perfume-tube-packaging","12":"product_tag-silver-foil-stamping","14":"first","15":"instock","16":"shipping-taxable","17":"product-type-simple"},"_links":{"self":[{"href":"https:\/\/custompapertubeboxes.com\/de\/wp-json\/wp\/v2\/product\/636","targetHints":{"allow":["GET"]}}],"collection":[{"href":"https:\/\/custompapertubeboxes.com\/de\/wp-json\/wp\/v2\/product"}],"about":[{"href":"https:\/\/custompapertubeboxes.com\/de\/wp-json\/wp\/v2\/types\/product"}],"wp:featuredmedia":[{"embeddable":true,"href":"https:\/\/custompapertubeboxes.com\/de\/wp-json\/wp\/v2\/media\/639"}],"wp:attachment":[{"href":"https:\/\/custompapertubeboxes.com\/de\/wp-json\/wp\/v2\/media?parent=636"}],"wp:term":[{"taxonomy":"product_brand","embeddable":true,"href":"https:\/\/custompapertubeboxes.com\/de\/wp-json\/wp\/v2\/product_brand?post=636"},{"taxonomy":"product_cat","embeddable":true,"href":"https:\/\/custompapertubeboxes.com\/de\/wp-json\/wp\/v2\/product_cat?post=636"},{"taxonomy":"product_tag","embeddable":true,"href":"https:\/\/custompapertubeboxes.com\/de\/wp-json\/wp\/v2\/product_tag?post=636"}],"curies":[{"name":"wp","href":"https:\/\/api.w.org\/{rel}","templated":true}]}}