{"id":677,"date":"2025-12-29T10:17:23","date_gmt":"2025-12-29T10:17:23","guid":{"rendered":"https:\/\/custompapertubeboxes.com\/?post_type=product&#038;p=677"},"modified":"2025-12-29T10:17:23","modified_gmt":"2025-12-29T10:17:23","slug":"peelable-lid-paper-canister-aluminum-foil-lining-paper-cans","status":"publish","type":"product","link":"https:\/\/custompapertubeboxes.com\/de\/peelable-lid-paper-canister-aluminum-foil-lining-paper-cans\/","title":{"rendered":"Abziehbarer Deckel Papierkanister Aluminiumfolie Auskleidung Papierdosen"},"content":{"rendered":"<p>Papierdosen mit abziehbarem Deckel, die mit Aluminiumfolie ausgekleidet sind, verleihen Ihrem Produkt ein hochwertiges Regalgef\u00fchl, ohne dabei an Schutz zu verlieren. Der starre Zylinder aus lebensmittelechtem Karton ist resistent gegen Quetschungen beim Transport und l\u00e4sst sich in der Auslage sauber stapeln. Der abziehbare Deckel l\u00e4sst sich f\u00fcr den Kunden leicht \u00f6ffnen, w\u00e4hrend die Folienbarriere Feuchtigkeit, Sauerstoff und Aromen abh\u00e4lt und den Inhalt frisch h\u00e4lt. Das luxuri\u00f6se goldene \u00c4u\u00dfere ist bereit f\u00fcr einen individuellen Druck, eine Pr\u00e4gung oder Hei\u00dffolienakzente. W\u00e4hlen Sie Gr\u00f6\u00dfen, Eins\u00e4tze und Oberfl\u00e4chen, die zu Pulvern, Kapseln, Tee oder Snacks passen. F\u00fcgen Sie Originalit\u00e4tssiegel, Innenschalen oder Kraftliner hinzu, um die Einhaltung von Vorschriften und ein sauberes Unboxing zu unterst\u00fctzen.<\/p>","protected":false},"excerpt":{"rendered":"<p>Luxuri\u00f6ser goldener Papierkanister mit leicht abziehbarem Deckel und Alufolienauskleidung. H\u00e4lt Proteine, Tee, Snacks oder Pulver frisch, trocken und sicher aufbewahrt. Individuelle Bedruckung und Gr\u00f6\u00dfen erh\u00e4ltlich.<\/p>","protected":false},"featured_media":679,"template":"","meta":{"_gspb_post_css":""},"product_brand":[],"product_cat":[20,21],"product_tag":[207,172,446,447,342,448],"class_list":{"0":"post-677","1":"product","2":"type-product","3":"status-publish","4":"has-post-thumbnail","6":"product_cat-food-paper-tubes","7":"product_cat-protein-powder-paper-tubes","8":"product_tag-aluminum-foil-lining-tube","9":"product_tag-custom-printed-paper-tube","10":"product_tag-food-grade-paper-cans","11":"product_tag-gold-cylinder-packaging","12":"product_tag-peelable-lid-paper-canister","13":"product_tag-recyclable-canister-packaging","15":"first","16":"instock","17":"shipping-taxable","18":"product-type-simple"},"_links":{"self":[{"href":"https:\/\/custompapertubeboxes.com\/de\/wp-json\/wp\/v2\/product\/677","targetHints":{"allow":["GET"]}}],"collection":[{"href":"https:\/\/custompapertubeboxes.com\/de\/wp-json\/wp\/v2\/product"}],"about":[{"href":"https:\/\/custompapertubeboxes.com\/de\/wp-json\/wp\/v2\/types\/product"}],"wp:featuredmedia":[{"embeddable":true,"href":"https:\/\/custompapertubeboxes.com\/de\/wp-json\/wp\/v2\/media\/679"}],"wp:attachment":[{"href":"https:\/\/custompapertubeboxes.com\/de\/wp-json\/wp\/v2\/media?parent=677"}],"wp:term":[{"taxonomy":"product_brand","embeddable":true,"href":"https:\/\/custompapertubeboxes.com\/de\/wp-json\/wp\/v2\/product_brand?post=677"},{"taxonomy":"product_cat","embeddable":true,"href":"https:\/\/custompapertubeboxes.com\/de\/wp-json\/wp\/v2\/product_cat?post=677"},{"taxonomy":"product_tag","embeddable":true,"href":"https:\/\/custompapertubeboxes.com\/de\/wp-json\/wp\/v2\/product_tag?post=677"}],"curies":[{"name":"wp","href":"https:\/\/api.w.org\/{rel}","templated":true}]}}