{"id":734,"date":"2025-12-30T01:45:53","date_gmt":"2025-12-30T01:45:53","guid":{"rendered":"https:\/\/custompapertubeboxes.com\/?post_type=product&#038;p=734"},"modified":"2025-12-30T01:45:53","modified_gmt":"2025-12-30T01:45:53","slug":"water-bottles-paper-tube-packaging-custom-round-cardboard-boxes-for-water-bottles","status":"publish","type":"product","link":"https:\/\/custompapertubeboxes.com\/de\/water-bottles-paper-tube-packaging-custom-round-cardboard-boxes-for-water-bottles\/","title":{"rendered":"Wasserflaschen Papierr\u00f6hrenverpackung, kundenspezifische runde Kartonschachteln f\u00fcr Wasserflaschen"},"content":{"rendered":"<p>wasserflaschen papierh\u00fclsenverpackungen, individuelle runde kartonschachteln f\u00fcr wasserflaschen sch\u00fctzen eine flasche und lassen sie wie ein geschenk wirken. der 800 g\/m\u00b2 starke papierkern verleiht der h\u00fclse echte festigkeit, w\u00e4hrend die 125 g\/m\u00b2 starke kunstpapierh\u00fclle eine glatte oberfl\u00e4che f\u00fcr den offsetdruck schafft - ideal f\u00fcr scharfe logos, feinen text und satte farbbl\u00f6cke wie das rote muster. F\u00fcgen Sie eine Hei\u00dffolienpr\u00e4gung hinzu, um Ihr Zeichen mit einem metallischen Blitz zum Leben zu erwecken, und veredeln Sie es dann mit einer matten Laminierung f\u00fcr einen weichen, modernen Touch, der unempfindlich gegen Fingerabdr\u00fccke ist. Mit einer Gr\u00f6\u00dfe von 6\u00d715 cm l\u00e4sst sich die Teleskoptube sauber \u00f6ffnen und f\u00fcr den Einzelhandel oder zum Verschenken sicher verschlie\u00dfen.<\/p>","protected":false},"excerpt":{"rendered":"<p>Verpackungen f\u00fcr Wasserflaschen aus Papierr\u00f6hren, individuelle runde Kartons f\u00fcr Wasserflaschen: 6\u00d715 cm gro\u00dfe starre H\u00fclse mit matter Laminierung, sauberem Offsetdruck und Hei\u00dffolienlogo f\u00fcr ein gl\u00e4nzendes, geschenkfertiges Aussehen.<\/p>","protected":false},"featured_media":741,"template":"","meta":{"_gspb_post_css":""},"product_brand":[],"product_cat":[20,26],"product_tag":[179,274,493,496,495,494],"class_list":{"0":"post-734","1":"product","2":"type-product","3":"status-publish","4":"has-post-thumbnail","6":"product_cat-food-paper-tubes","7":"product_cat-spirits-wine-paper-tubes","8":"product_tag-custom-cylinder-packaging","9":"product_tag-hot-foil-stamped-tube","10":"product_tag-matte-laminated-tube-box","11":"product_tag-rigid-paper-tube-packaging","12":"product_tag-round-cardboard-bottle-box","13":"product_tag-water-bottle-paper-tube","15":"first","16":"instock","17":"shipping-taxable","18":"product-type-simple"},"_links":{"self":[{"href":"https:\/\/custompapertubeboxes.com\/de\/wp-json\/wp\/v2\/product\/734","targetHints":{"allow":["GET"]}}],"collection":[{"href":"https:\/\/custompapertubeboxes.com\/de\/wp-json\/wp\/v2\/product"}],"about":[{"href":"https:\/\/custompapertubeboxes.com\/de\/wp-json\/wp\/v2\/types\/product"}],"wp:featuredmedia":[{"embeddable":true,"href":"https:\/\/custompapertubeboxes.com\/de\/wp-json\/wp\/v2\/media\/741"}],"wp:attachment":[{"href":"https:\/\/custompapertubeboxes.com\/de\/wp-json\/wp\/v2\/media?parent=734"}],"wp:term":[{"taxonomy":"product_brand","embeddable":true,"href":"https:\/\/custompapertubeboxes.com\/de\/wp-json\/wp\/v2\/product_brand?post=734"},{"taxonomy":"product_cat","embeddable":true,"href":"https:\/\/custompapertubeboxes.com\/de\/wp-json\/wp\/v2\/product_cat?post=734"},{"taxonomy":"product_tag","embeddable":true,"href":"https:\/\/custompapertubeboxes.com\/de\/wp-json\/wp\/v2\/product_tag?post=734"}],"curies":[{"name":"wp","href":"https:\/\/api.w.org\/{rel}","templated":true}]}}