{"id":862,"date":"2025-12-30T02:47:40","date_gmt":"2025-12-30T02:47:40","guid":{"rendered":"https:\/\/custompapertubeboxes.com\/?post_type=product&#038;p=862"},"modified":"2025-12-30T02:47:40","modified_gmt":"2025-12-30T02:47:40","slug":"luxury-round-skincare-essence-cosmetics-cardboard-tube-boxes","status":"publish","type":"product","link":"https:\/\/custompapertubeboxes.com\/de\/luxury-round-skincare-essence-cosmetics-cardboard-tube-boxes\/","title":{"rendered":"Luxus Runde Hautpflege Essenz Kosmetik Karton Tube Boxen"},"content":{"rendered":"<p>luxuri\u00f6se runde hautpflegeboxen aus kosmetikkarton von essence sind f\u00fcr hautpflegeprodukte gedacht, die nicht nur gesch\u00fctzt werden m\u00fcssen, sondern auch einen gl\u00e4nzenden ersten eindruck hinterlassen sollen. der umweltfreundliche karton f\u00fchlt sich stabil an, w\u00e4hrend die matte kaschierung einen weichen, samtigen griff verleiht, der unempfindlich gegen fingerabdr\u00fccke ist. mit dem pantone-farbdruck k\u00f6nnen sie die markent\u00f6ne genau abstimmen - wie die hier gezeigten frischen mint- und korallt\u00f6ne - so dass ihre verpackung bei jeder vermarktung einheitlich aussieht. Im Inneren st\u00fctzt ein Kartonhalter den Flakon, der ihn aufrecht h\u00e4lt und Bewegungen w\u00e4hrend des Versands reduziert. Die zweiteilige Tube l\u00e4sst sich leicht \u00f6ffnen und schlie\u00dft passgenau, so dass sich das Auspacken wie ein Geschenk anf\u00fchlt. Passen Sie Gr\u00f6\u00dfe, Deckeltiefe, Eins\u00e4tze und Oberfl\u00e4chen f\u00fcr Essenzen, Seren oder Sets an.<\/p>","protected":false},"excerpt":{"rendered":"<p>Luxuri\u00f6se runde Hautpflege-Essenz-Kosmetikkartonr\u00f6hrchen: umweltfreundliches R\u00f6hrchen mit Pantone-Farbdruck, matter Laminierung und einem Kartonhalter, der die Flaschen in der Mitte h\u00e4lt und ein sauberes, hochwertiges Erscheinungsbild bietet.<\/p>","protected":false},"featured_media":865,"template":"","meta":{"_gspb_post_css":""},"product_brand":[],"product_cat":[15],"product_tag":[562,558,559,561,560,557],"class_list":{"0":"post-862","1":"product","2":"type-product","3":"status-publish","4":"has-post-thumbnail","6":"product_cat-cosmetics-paper-tubes","7":"product_tag-cardboard-insert-tube-box","8":"product_tag-cosmetic-cardboard-tube-box","9":"product_tag-luxury-round-paper-tube","10":"product_tag-matte-laminated-cosmetic-tube","11":"product_tag-pantone-printed-tube-box","12":"product_tag-skincare-tube-packaging","14":"first","15":"instock","16":"shipping-taxable","17":"product-type-simple"},"_links":{"self":[{"href":"https:\/\/custompapertubeboxes.com\/de\/wp-json\/wp\/v2\/product\/862","targetHints":{"allow":["GET"]}}],"collection":[{"href":"https:\/\/custompapertubeboxes.com\/de\/wp-json\/wp\/v2\/product"}],"about":[{"href":"https:\/\/custompapertubeboxes.com\/de\/wp-json\/wp\/v2\/types\/product"}],"wp:featuredmedia":[{"embeddable":true,"href":"https:\/\/custompapertubeboxes.com\/de\/wp-json\/wp\/v2\/media\/865"}],"wp:attachment":[{"href":"https:\/\/custompapertubeboxes.com\/de\/wp-json\/wp\/v2\/media?parent=862"}],"wp:term":[{"taxonomy":"product_brand","embeddable":true,"href":"https:\/\/custompapertubeboxes.com\/de\/wp-json\/wp\/v2\/product_brand?post=862"},{"taxonomy":"product_cat","embeddable":true,"href":"https:\/\/custompapertubeboxes.com\/de\/wp-json\/wp\/v2\/product_cat?post=862"},{"taxonomy":"product_tag","embeddable":true,"href":"https:\/\/custompapertubeboxes.com\/de\/wp-json\/wp\/v2\/product_tag?post=862"}],"curies":[{"name":"wp","href":"https:\/\/api.w.org\/{rel}","templated":true}]}}