{"id":919,"date":"2025-12-30T03:20:14","date_gmt":"2025-12-30T03:20:14","guid":{"rendered":"https:\/\/custompapertubeboxes.com\/?post_type=product&#038;p=919"},"modified":"2025-12-30T03:20:15","modified_gmt":"2025-12-30T03:20:15","slug":"usa-certificated-child-resistant-vape-cartridge-paper-tube-packaging-cardboard-tube-boxes","status":"publish","type":"product","link":"https:\/\/custompapertubeboxes.com\/de\/usa-certificated-child-resistant-vape-cartridge-paper-tube-packaging-cardboard-tube-boxes\/","title":{"rendered":"USA zertifizierte kindersichere Vape Patrone Papierrohr Verpackung Karton Rohr Boxen"},"content":{"rendered":"<p>usa-zertifizierte, kindersichere Vape-Cartridge-Papierh\u00fclsen-Verpackungen aus Papph\u00fclsen (Compliance-Ready-Design) sind f\u00fcr Marken gedacht, die Sicherheit ben\u00f6tigen, ohne dabei an Attraktivit\u00e4t im Regal zu verlieren. Die 3\u00d710 cm gro\u00dfe H\u00fclse besteht aus 800 g\/m\u00b2 festem Papier, das mit 125 g\/m\u00b2 Kunstdruckpapier umwickelt und anschlie\u00dfend mit einer matten Laminierung versehen wurde, um einen weichen, hochwertigen Eindruck zu vermitteln. Ein Druckknopfverschluss sorgt f\u00fcr eine kindersichere \u00d6ffnung, die sich auch f\u00fcr Erwachsene noch gut anf\u00fchlt. Der Offsetdruck sorgt f\u00fcr kr\u00e4ftige Farben; die Hei\u00dffolienpr\u00e4gung setzt einen scharfen Akzent f\u00fcr Logos oder Chargenkennzeichnungen. Optionale Eins\u00e4tze halten die Patronen w\u00e4hrend des Versands aufrecht. Individuelle Gestaltung f\u00fcr den Gro\u00dfhandel m\u00f6glich, schnell. W\u00e4hlen Sie Kraftpapier, Schwarz oder pantonefarbene Verpackungen.<\/p>","protected":false},"excerpt":{"rendered":"<p>Schlanke 3\u00d710 cm gro\u00dfe Papph\u00fclse mit kindersicherem Knopfverschluss zum Schutz von Vape-Patronen. Offsetdruck + Hei\u00dffolie, matt laminierte Oberfl\u00e4che, mit Platz f\u00fcr individuelles Branding und Einlagen.<\/p>","protected":false},"featured_media":926,"template":"","meta":{"_gspb_post_css":""},"product_brand":[],"product_cat":[29],"product_tag":[403,72,246,110,428,203],"class_list":{"0":"post-919","1":"product","2":"type-product","3":"status-publish","4":"has-post-thumbnail","6":"product_cat-child-resistant-paper-tubes","7":"product_tag-cardboard-cylinder-box","8":"product_tag-child-resistant-paper-tube","9":"product_tag-custom-printed-tube-box","10":"product_tag-hot-foil-stamping","11":"product_tag-matte-laminated-tube","12":"product_tag-vape-cartridge-packaging","14":"first","15":"instock","16":"shipping-taxable","17":"product-type-simple"},"_links":{"self":[{"href":"https:\/\/custompapertubeboxes.com\/de\/wp-json\/wp\/v2\/product\/919","targetHints":{"allow":["GET"]}}],"collection":[{"href":"https:\/\/custompapertubeboxes.com\/de\/wp-json\/wp\/v2\/product"}],"about":[{"href":"https:\/\/custompapertubeboxes.com\/de\/wp-json\/wp\/v2\/types\/product"}],"wp:featuredmedia":[{"embeddable":true,"href":"https:\/\/custompapertubeboxes.com\/de\/wp-json\/wp\/v2\/media\/926"}],"wp:attachment":[{"href":"https:\/\/custompapertubeboxes.com\/de\/wp-json\/wp\/v2\/media?parent=919"}],"wp:term":[{"taxonomy":"product_brand","embeddable":true,"href":"https:\/\/custompapertubeboxes.com\/de\/wp-json\/wp\/v2\/product_brand?post=919"},{"taxonomy":"product_cat","embeddable":true,"href":"https:\/\/custompapertubeboxes.com\/de\/wp-json\/wp\/v2\/product_cat?post=919"},{"taxonomy":"product_tag","embeddable":true,"href":"https:\/\/custompapertubeboxes.com\/de\/wp-json\/wp\/v2\/product_tag?post=919"}],"curies":[{"name":"wp","href":"https:\/\/api.w.org\/{rel}","templated":true}]}}