{"id":983,"date":"2025-12-30T03:56:35","date_gmt":"2025-12-30T03:56:35","guid":{"rendered":"https:\/\/custompapertubeboxes.com\/?post_type=product&#038;p=983"},"modified":"2025-12-30T03:56:35","modified_gmt":"2025-12-30T03:56:35","slug":"custom-printed-cardboard-tube-candles-box-eco-friendly-candle-jar-paper-tube-box-packaging","status":"publish","type":"product","link":"https:\/\/custompapertubeboxes.com\/de\/custom-printed-cardboard-tube-candles-box-eco-friendly-candle-jar-paper-tube-box-packaging\/","title":{"rendered":"Individuell bedruckte Pappr\u00f6hre Kerzen Box, umweltfreundliche Kerze Jar Papier Tube Box Verpackung"},"content":{"rendered":"<p>individuell bedruckte kerzenschachtel aus karton, umweltfreundliche kerzenschachtel aus papier gibt ihrer kerze ein \u201ckeep it\u201d unboxing, nicht einen wegwerfbaren karton. der 800 g\/qm starke papierkern sch\u00fctzt glasgef\u00e4\u00dfe beim versand und beim verschenken, w\u00e4hrend 125 g\/qm kunstpapier einen scharfen offsetdruck f\u00fcr fotografische verpackungen und markenzeichen liefert. Die Hei\u00dffolienpr\u00e4gung sorgt f\u00fcr ein raffiniertes Highlight, und die matte Laminierung hinterl\u00e4sst eine glatte Oberfl\u00e4che, die Fingerabdr\u00fccke und Kratzer verbirgt. Die runde R\u00f6hrenform l\u00e4sst sich gut stapeln, sieht im Regal hochwertig aus und vermittelt beim \u00d6ffnen das Gef\u00fchl, etwas Besonderes zu \u00f6ffnen. Gr\u00f6\u00dfe: 7*12 cm, ideal f\u00fcr Kerzengl\u00e4ser und Sets.<\/p>","protected":false},"excerpt":{"rendered":"<p>Premium-Papierschachtel f\u00fcr Kerzengl\u00e4ser mit auff\u00e4lliger Wrap-Grafik und einem Rand aus nat\u00fcrlichem Kraftpapier. Hergestellt aus 800 g\/m\u00b2 festem Papier, Art-Wrap, matter Laminierung sowie Offsetdruck und Foliendetails. 7\u00d712 cm.<\/p>","protected":false},"featured_media":986,"template":"","meta":{"_gspb_post_css":""},"product_brand":[],"product_cat":[17],"product_tag":[619,621,620,110,622,496],"class_list":{"0":"post-983","1":"product","2":"type-product","3":"status-publish","4":"has-post-thumbnail","6":"product_cat-candle-paper-tubes","7":"product_tag-candle-jar-paper-tube-box","8":"product_tag-cardboard-cylinder-gift-box","9":"product_tag-custom-printed-candle-packaging","10":"product_tag-hot-foil-stamping","11":"product_tag-matt-laminated-tube-box","12":"product_tag-rigid-paper-tube-packaging","14":"first","15":"instock","16":"shipping-taxable","17":"product-type-simple"},"_links":{"self":[{"href":"https:\/\/custompapertubeboxes.com\/de\/wp-json\/wp\/v2\/product\/983","targetHints":{"allow":["GET"]}}],"collection":[{"href":"https:\/\/custompapertubeboxes.com\/de\/wp-json\/wp\/v2\/product"}],"about":[{"href":"https:\/\/custompapertubeboxes.com\/de\/wp-json\/wp\/v2\/types\/product"}],"wp:featuredmedia":[{"embeddable":true,"href":"https:\/\/custompapertubeboxes.com\/de\/wp-json\/wp\/v2\/media\/986"}],"wp:attachment":[{"href":"https:\/\/custompapertubeboxes.com\/de\/wp-json\/wp\/v2\/media?parent=983"}],"wp:term":[{"taxonomy":"product_brand","embeddable":true,"href":"https:\/\/custompapertubeboxes.com\/de\/wp-json\/wp\/v2\/product_brand?post=983"},{"taxonomy":"product_cat","embeddable":true,"href":"https:\/\/custompapertubeboxes.com\/de\/wp-json\/wp\/v2\/product_cat?post=983"},{"taxonomy":"product_tag","embeddable":true,"href":"https:\/\/custompapertubeboxes.com\/de\/wp-json\/wp\/v2\/product_tag?post=983"}],"curies":[{"name":"wp","href":"https:\/\/api.w.org\/{rel}","templated":true}]}}