{"id":1087,"date":"2025-12-30T07:09:53","date_gmt":"2025-12-30T07:09:53","guid":{"rendered":"https:\/\/custompapertubeboxes.com\/?post_type=product&#038;p=1087"},"modified":"2025-12-30T07:09:53","modified_gmt":"2025-12-30T07:09:53","slug":"cardboard-tube-cosmetics-packaging-custom-cardboard-cosmetic-tube-packaging-boxes","status":"publish","type":"product","link":"https:\/\/custompapertubeboxes.com\/es\/cardboard-tube-cosmetics-packaging-custom-cardboard-cosmetic-tube-packaging-boxes\/","title":{"rendered":"Envasado de cosm\u00e9ticos en tubo de cart\u00f3n, Cajas de envasado de cosm\u00e9ticos en tubo de cart\u00f3n a medida"},"content":{"rendered":"<p>este envase de cosm\u00e9ticos en tubo de cart\u00f3n protege los sueros, aceites faciales y b\u00e1lsamos a la vez que mantiene la calma y la calidad al abrir la caja. fabricado con papel r\u00edgido de 800 g\/m\u00b2 y envuelto en papel art\u00edstico de 125 g\/m\u00b2, su tacto es firme, suave y listo para regalo. el tama\u00f1o de 5\u00d712 cm se adapta a frascos de 30 ml y cosm\u00e9ticos similares. la impresi\u00f3n offset captura blancos limpios y suaves tonos de acuarela, y la estampaci\u00f3n en caliente a\u00f1ade un brillante anillo met\u00e1lico para centrar el logotipo. acabado con laminado mate, la superficie resiste los ara\u00f1azos y las huellas dactilares, por lo que los estantes se mantienen pulidos desde el almac\u00e9n hasta el tocador. elija inserciones personalizadas, ajuste de la tapa e ilustraciones para que encajen perfectamente con la historia de su marca.<\/p>","protected":false},"excerpt":{"rendered":"<p>elegante caja de tubo de papel r\u00edgido para cosm\u00e9ticos, con un tama\u00f1o de 5\u00d712 cm para proteger aceites y sueros faciales. la impresi\u00f3n offset mantiene los colores n\u00edtidos, el estampado en l\u00e1mina a\u00f1ade brillo y el laminado mate ofrece un tacto suave.<\/p>","protected":false},"featured_media":1094,"template":"","meta":{"_gspb_post_css":""},"product_brand":[],"product_cat":[15],"product_tag":[684,685,686,687,247,357],"class_list":{"0":"post-1087","1":"product","2":"type-product","3":"status-publish","4":"has-post-thumbnail","6":"product_cat-cosmetics-paper-tubes","7":"product_tag-cardboard-tube-cosmetics-packaging","8":"product_tag-custom-cosmetic-tube-boxes","9":"product_tag-facial-oil-tube-packaging","10":"product_tag-foil-stamped-tube-packaging","11":"product_tag-matte-laminated-paper-tube","12":"product_tag-rigid-paper-tube-box","14":"first","15":"instock","16":"shipping-taxable","17":"product-type-simple"},"_links":{"self":[{"href":"https:\/\/custompapertubeboxes.com\/es\/wp-json\/wp\/v2\/product\/1087","targetHints":{"allow":["GET"]}}],"collection":[{"href":"https:\/\/custompapertubeboxes.com\/es\/wp-json\/wp\/v2\/product"}],"about":[{"href":"https:\/\/custompapertubeboxes.com\/es\/wp-json\/wp\/v2\/types\/product"}],"wp:featuredmedia":[{"embeddable":true,"href":"https:\/\/custompapertubeboxes.com\/es\/wp-json\/wp\/v2\/media\/1094"}],"wp:attachment":[{"href":"https:\/\/custompapertubeboxes.com\/es\/wp-json\/wp\/v2\/media?parent=1087"}],"wp:term":[{"taxonomy":"product_brand","embeddable":true,"href":"https:\/\/custompapertubeboxes.com\/es\/wp-json\/wp\/v2\/product_brand?post=1087"},{"taxonomy":"product_cat","embeddable":true,"href":"https:\/\/custompapertubeboxes.com\/es\/wp-json\/wp\/v2\/product_cat?post=1087"},{"taxonomy":"product_tag","embeddable":true,"href":"https:\/\/custompapertubeboxes.com\/es\/wp-json\/wp\/v2\/product_tag?post=1087"}],"curies":[{"name":"wp","href":"https:\/\/api.w.org\/{rel}","templated":true}]}}