{"id":1105,"date":"2025-12-30T07:20:52","date_gmt":"2025-12-30T07:20:52","guid":{"rendered":"https:\/\/custompapertubeboxes.com\/?post_type=product&#038;p=1105"},"modified":"2025-12-30T07:20:52","modified_gmt":"2025-12-30T07:20:52","slug":"popular-high-quality-paper-tube-packaging-cardboard-cylinder-boxes-for-e-liquid-bottle","status":"publish","type":"product","link":"https:\/\/custompapertubeboxes.com\/es\/popular-high-quality-paper-tube-packaging-cardboard-cylinder-boxes-for-e-liquid-bottle\/","title":{"rendered":"Embalaje de tubo de papel de alta calidad popular, cajas cil\u00edndricas de cart\u00f3n para botella de e-l\u00edquido"},"content":{"rendered":"<p>este popular envase de tubo de papel de alta calidad est\u00e1 dise\u00f1ado para que las botellas de e-l\u00edquido resulten m\u00e1s seguras, limpias y de calidad en la mano. el tubo est\u00e1 fabricado con papel r\u00edgido de 800 g\/m\u00b2 y envuelto con papel art\u00edstico de 125 g\/m\u00b2, por lo que mantiene su forma y se imprime con gran belleza. el tama\u00f1o de 4\u00d713 cm se adapta a la mayor\u00eda de las botellas de l\u00edquido para vapear y cuentagotas finas, lo que ayuda a reducir el traqueteo y los da\u00f1os en las estanter\u00edas. la impresi\u00f3n offset mantiene los gr\u00e1ficos n\u00edtidos, la estampaci\u00f3n en caliente a\u00f1ade toques llamativos y el plastificado mate alisa la superficie a la vez que resiste los ara\u00f1azos. a\u00f1ada colores personalizados, advertencias o detalles del lote para que coincidan con su marca y mantenga organizadas todas las l\u00edneas de productos.<\/p>","protected":false},"excerpt":{"rendered":"<p>elegante caja cil\u00edndrica de cart\u00f3n de 4\u00d713 cm dise\u00f1ada para botellas de e-l\u00edquido. su estructura de papel r\u00edgido protege durante el transporte, mientras que la impresi\u00f3n offset, el estampado y el plastificado mate proporcionan un acabado llamativo y listo para la venta.<\/p>","protected":false},"featured_media":1111,"template":"","meta":{"_gspb_post_css":""},"product_brand":[],"product_cat":[19],"product_tag":[403,692,691,693,550,69],"class_list":{"0":"post-1105","1":"product","2":"type-product","3":"status-publish","4":"has-post-thumbnail","6":"product_cat-essential-oil-paper-tubes","7":"product_tag-cardboard-cylinder-box","8":"product_tag-custom-vape-tube-box","9":"product_tag-e-liquid-bottle-packaging","10":"product_tag-foil-stamped-paper-tube","11":"product_tag-matte-laminated-tube-packaging","12":"product_tag-paper-tube-packaging","14":"first","15":"instock","16":"shipping-taxable","17":"product-type-simple"},"_links":{"self":[{"href":"https:\/\/custompapertubeboxes.com\/es\/wp-json\/wp\/v2\/product\/1105","targetHints":{"allow":["GET"]}}],"collection":[{"href":"https:\/\/custompapertubeboxes.com\/es\/wp-json\/wp\/v2\/product"}],"about":[{"href":"https:\/\/custompapertubeboxes.com\/es\/wp-json\/wp\/v2\/types\/product"}],"wp:featuredmedia":[{"embeddable":true,"href":"https:\/\/custompapertubeboxes.com\/es\/wp-json\/wp\/v2\/media\/1111"}],"wp:attachment":[{"href":"https:\/\/custompapertubeboxes.com\/es\/wp-json\/wp\/v2\/media?parent=1105"}],"wp:term":[{"taxonomy":"product_brand","embeddable":true,"href":"https:\/\/custompapertubeboxes.com\/es\/wp-json\/wp\/v2\/product_brand?post=1105"},{"taxonomy":"product_cat","embeddable":true,"href":"https:\/\/custompapertubeboxes.com\/es\/wp-json\/wp\/v2\/product_cat?post=1105"},{"taxonomy":"product_tag","embeddable":true,"href":"https:\/\/custompapertubeboxes.com\/es\/wp-json\/wp\/v2\/product_tag?post=1105"}],"curies":[{"name":"wp","href":"https:\/\/api.w.org\/{rel}","templated":true}]}}