{"id":1201,"date":"2025-12-30T08:09:52","date_gmt":"2025-12-30T08:09:52","guid":{"rendered":"https:\/\/custompapertubeboxes.com\/?post_type=product&#038;p=1201"},"modified":"2025-12-30T08:09:52","modified_gmt":"2025-12-30T08:09:52","slug":"custom-cannabis-flower-paper-tube-packaging-custom-marijuana-cardboard-tube-packaging","status":"publish","type":"product","link":"https:\/\/custompapertubeboxes.com\/es\/custom-cannabis-flower-paper-tube-packaging-custom-marijuana-cardboard-tube-packaging\/","title":{"rendered":"Envasado personalizado en tubo de papel para flores de cannabis, Envasado personalizado en tubo de cart\u00f3n para marihuana"},"content":{"rendered":"<p>este tubo de papel personalizado para flores de cannabis est\u00e1 hecho para productos que necesitan estar frescos, protegidos y con una marca clara. el n\u00facleo de papel r\u00edgido de 800 g\/m\u00b2 a\u00f1ade resistencia al aplastamiento para el transporte y la manipulaci\u00f3n en tiendas, mientras que el papel art\u00edstico de 125 g\/m\u00b2 ofrece una superficie lisa para una impresi\u00f3n offset detallada. con un tama\u00f1o de 6\u00d713 cm, se adapta a muchos tarros de flores, bolsas peque\u00f1as o kits de accesorios, y se cierra con una tapa ajustada para ayudar a mantener el contenido ordenado. la estampaci\u00f3n en caliente a\u00f1ade un realce de primera calidad para los nombres o logotipos de las cepas, y el laminado mate reduce los reflejos y oculta las huellas dactilares. un tubo n\u00edtido y moderno que ayuda a que su l\u00ednea tenga un aspecto organizado e intencionado en la estanter\u00eda.<\/p>","protected":false},"excerpt":{"rendered":"<p>caja tubular de papel personalizada de 6\u00d713 cm para flores de cannabis, fabricada con papel r\u00edgido para una mejor protecci\u00f3n. impresi\u00f3n offset n\u00edtida, detalles en l\u00e1mina y laminado mate crean un aspecto limpio y listo para dispensar.<\/p>","protected":false},"featured_media":1202,"template":"","meta":{"_gspb_post_css":""},"product_brand":[],"product_cat":[19],"product_tag":[574,733,735,732,247,734],"class_list":{"0":"post-1201","1":"product","2":"type-product","3":"status-publish","4":"has-post-thumbnail","6":"product_cat-essential-oil-paper-tubes","7":"product_tag-cannabis-flower-tube-packaging","8":"product_tag-custom-weed-packaging","9":"product_tag-foil-stamped-cannabis-box","10":"product_tag-marijuana-cardboard-tube","11":"product_tag-matte-laminated-paper-tube","12":"product_tag-pre-roll-tube-box","14":"first","15":"instock","16":"shipping-taxable","17":"product-type-simple"},"_links":{"self":[{"href":"https:\/\/custompapertubeboxes.com\/es\/wp-json\/wp\/v2\/product\/1201","targetHints":{"allow":["GET"]}}],"collection":[{"href":"https:\/\/custompapertubeboxes.com\/es\/wp-json\/wp\/v2\/product"}],"about":[{"href":"https:\/\/custompapertubeboxes.com\/es\/wp-json\/wp\/v2\/types\/product"}],"wp:featuredmedia":[{"embeddable":true,"href":"https:\/\/custompapertubeboxes.com\/es\/wp-json\/wp\/v2\/media\/1202"}],"wp:attachment":[{"href":"https:\/\/custompapertubeboxes.com\/es\/wp-json\/wp\/v2\/media?parent=1201"}],"wp:term":[{"taxonomy":"product_brand","embeddable":true,"href":"https:\/\/custompapertubeboxes.com\/es\/wp-json\/wp\/v2\/product_brand?post=1201"},{"taxonomy":"product_cat","embeddable":true,"href":"https:\/\/custompapertubeboxes.com\/es\/wp-json\/wp\/v2\/product_cat?post=1201"},{"taxonomy":"product_tag","embeddable":true,"href":"https:\/\/custompapertubeboxes.com\/es\/wp-json\/wp\/v2\/product_tag?post=1201"}],"curies":[{"name":"wp","href":"https:\/\/api.w.org\/{rel}","templated":true}]}}