{"id":1291,"date":"2025-12-30T09:02:22","date_gmt":"2025-12-30T09:02:22","guid":{"rendered":"https:\/\/custompapertubeboxes.com\/?post_type=product&#038;p=1291"},"modified":"2025-12-30T09:02:22","modified_gmt":"2025-12-30T09:02:22","slug":"premium-crafted-kraft-paper-loose-tea-packaging-tube-boxes","status":"publish","type":"product","link":"https:\/\/custompapertubeboxes.com\/es\/premium-crafted-kraft-paper-loose-tea-packaging-tube-boxes\/","title":{"rendered":"Cajas de tubo de papel kraft de primera calidad para envasar t\u00e9 a granel"},"content":{"rendered":"<p>este tubo de papel kraft de primera calidad para envasar t\u00e9 a granel ofrece una soluci\u00f3n elegante y respetuosa con el medio ambiente para envasar su t\u00e9. fabricado en papel kraft natural con un interior de papel de aluminio, mantiene el t\u00e9 fresco a la vez que garantiza un producto sostenible. la tapa met\u00e1lica de hojalata proporciona un cierre herm\u00e9tico y seguro para mantener el sabor y la frescura. su fabricaci\u00f3n biodegradable garantiza que su envase deje una huella medioambiental m\u00ednima. perfecto para quienes buscan funcionalidad y sostenibilidad, este envase es una opci\u00f3n excelente para los minoristas de t\u00e9 que buscan impresionar con una presentaci\u00f3n de primera calidad.<\/p>","protected":false},"excerpt":{"rendered":"<p>cajas tubo de papel kraft de primera calidad para envasar t\u00e9 a granel, con forro de papel de aluminio para mayor frescura. la tapa met\u00e1lica de hojalata proporciona un cierre seguro. ecol\u00f3gicas y biodegradables, ideales para el t\u00e9.<\/p>","protected":false},"featured_media":1302,"template":"","meta":{"_gspb_post_css":""},"product_brand":[],"product_cat":[20,22],"product_tag":[784,39,580,786,785,783],"class_list":{"0":"post-1291","1":"product","2":"type-product","3":"status-publish","4":"has-post-thumbnail","6":"product_cat-food-paper-tubes","7":"product_cat-tea-paper-tubes","8":"product_tag-biodegradable-tea-packaging","9":"product_tag-eco-friendly-packaging","10":"product_tag-kraft-paper-tube","11":"product_tag-loose-tea-tube-box","12":"product_tag-metal-lid-packaging","13":"product_tag-tea-packaging-tube","15":"first","16":"instock","17":"shipping-taxable","18":"product-type-simple"},"_links":{"self":[{"href":"https:\/\/custompapertubeboxes.com\/es\/wp-json\/wp\/v2\/product\/1291","targetHints":{"allow":["GET"]}}],"collection":[{"href":"https:\/\/custompapertubeboxes.com\/es\/wp-json\/wp\/v2\/product"}],"about":[{"href":"https:\/\/custompapertubeboxes.com\/es\/wp-json\/wp\/v2\/types\/product"}],"wp:featuredmedia":[{"embeddable":true,"href":"https:\/\/custompapertubeboxes.com\/es\/wp-json\/wp\/v2\/media\/1302"}],"wp:attachment":[{"href":"https:\/\/custompapertubeboxes.com\/es\/wp-json\/wp\/v2\/media?parent=1291"}],"wp:term":[{"taxonomy":"product_brand","embeddable":true,"href":"https:\/\/custompapertubeboxes.com\/es\/wp-json\/wp\/v2\/product_brand?post=1291"},{"taxonomy":"product_cat","embeddable":true,"href":"https:\/\/custompapertubeboxes.com\/es\/wp-json\/wp\/v2\/product_cat?post=1291"},{"taxonomy":"product_tag","embeddable":true,"href":"https:\/\/custompapertubeboxes.com\/es\/wp-json\/wp\/v2\/product_tag?post=1291"}],"curies":[{"name":"wp","href":"https:\/\/api.w.org\/{rel}","templated":true}]}}