{"id":1338,"date":"2025-12-30T09:22:04","date_gmt":"2025-12-30T09:22:04","guid":{"rendered":"https:\/\/custompapertubeboxes.com\/?post_type=product&#038;p=1338"},"modified":"2025-12-30T09:22:04","modified_gmt":"2025-12-30T09:22:04","slug":"eco-friendly-kraft-paper-cardboard-tube-box-container-salt-shaker-spice-tube-with-paper-sifter","status":"publish","type":"product","link":"https:\/\/custompapertubeboxes.com\/es\/eco-friendly-kraft-paper-cardboard-tube-box-container-salt-shaker-spice-tube-with-paper-sifter\/","title":{"rendered":"Eco Friendly Kraft Papel Cart\u00f3n Caja Tubo Contenedor Salero, Especia Tubo con Tamiz de Papel"},"content":{"rendered":"<p>esta caja de tubo de papel kraft ecol\u00f3gico es la soluci\u00f3n perfecta para envasar saleros o especias. fabricada con papel r\u00edgido de 800 gsm, es duradera y sostenible. el tama\u00f1o de 3\u00d712 cm ofrece una soluci\u00f3n compacta y pr\u00e1ctica con un colador de papel en la parte inferior para dispensar f\u00e1cilmente las especias o la sal. el plastificado mate a\u00f1ade un acabado suave y de alta calidad a la vez que mejora la durabilidad de la caja. perfecta para marcas que buscan ofrecer un envase ecol\u00f3gico y f\u00e1cil de usar, esta caja de tubo ofrece una opci\u00f3n de envasado elegante a la vez que funcional para sus especias y condimentos.<\/p>","protected":false},"excerpt":{"rendered":"<p>esta caja tubo de papel kraft ecol\u00f3gico est\u00e1 dise\u00f1ada para saleros y especias. incorpora un colador de papel para dispensar f\u00e1cilmente el contenido. duradera, reciclable y fabricada con papel r\u00edgido de 800 g\/m\u00b2.<\/p>","protected":false},"featured_media":1339,"template":"","meta":{"_gspb_post_css":""},"product_brand":[],"product_cat":[20,25],"product_tag":[39,580,808,187,807,806],"class_list":{"0":"post-1338","1":"product","2":"type-product","3":"status-publish","4":"has-post-thumbnail","6":"product_cat-food-paper-tubes","7":"product_cat-spice-salt-paper-tubes","8":"product_tag-eco-friendly-packaging","9":"product_tag-kraft-paper-tube","10":"product_tag-paper-sifter-tube","11":"product_tag-recyclable-packaging","12":"product_tag-salt-shaker-packaging","13":"product_tag-spice-packaging","15":"first","16":"instock","17":"shipping-taxable","18":"product-type-simple"},"_links":{"self":[{"href":"https:\/\/custompapertubeboxes.com\/es\/wp-json\/wp\/v2\/product\/1338","targetHints":{"allow":["GET"]}}],"collection":[{"href":"https:\/\/custompapertubeboxes.com\/es\/wp-json\/wp\/v2\/product"}],"about":[{"href":"https:\/\/custompapertubeboxes.com\/es\/wp-json\/wp\/v2\/types\/product"}],"wp:featuredmedia":[{"embeddable":true,"href":"https:\/\/custompapertubeboxes.com\/es\/wp-json\/wp\/v2\/media\/1339"}],"wp:attachment":[{"href":"https:\/\/custompapertubeboxes.com\/es\/wp-json\/wp\/v2\/media?parent=1338"}],"wp:term":[{"taxonomy":"product_brand","embeddable":true,"href":"https:\/\/custompapertubeboxes.com\/es\/wp-json\/wp\/v2\/product_brand?post=1338"},{"taxonomy":"product_cat","embeddable":true,"href":"https:\/\/custompapertubeboxes.com\/es\/wp-json\/wp\/v2\/product_cat?post=1338"},{"taxonomy":"product_tag","embeddable":true,"href":"https:\/\/custompapertubeboxes.com\/es\/wp-json\/wp\/v2\/product_tag?post=1338"}],"curies":[{"name":"wp","href":"https:\/\/api.w.org\/{rel}","templated":true}]}}