{"id":1459,"date":"2025-12-31T01:15:29","date_gmt":"2025-12-31T01:15:29","guid":{"rendered":"https:\/\/custompapertubeboxes.com\/?post_type=product&#038;p=1459"},"modified":"2025-12-31T01:15:29","modified_gmt":"2025-12-31T01:15:29","slug":"buy-best-custom-cardboard-tube-candles-packaging-boxes-with-candle-jars-holder","status":"publish","type":"product","link":"https:\/\/custompapertubeboxes.com\/es\/buy-best-custom-cardboard-tube-candles-packaging-boxes-with-candle-jars-holder\/","title":{"rendered":"Comprar las mejores cajas de cart\u00f3n personalizadas para envasar velas con portavelas"},"content":{"rendered":"<p>compra el mejor tubo de cart\u00f3n personalizado para velas cajas de embalaje con soporte para tarros de velas est\u00e1 dise\u00f1ado para marcas que desean un desembalaje tranquilo y de primera calidad y menos roturas. fabricado con papel reciclado, el tubo r\u00edgido protege los tarros de cristal de velas de los golpes, mientras que un soporte interior mantiene el tarro centrado para que no suene. elija tama\u00f1os personalizados que se adapten a la altura y el di\u00e1metro de su tarro y a\u00f1ada impresiones personalizadas para dar vida a su historia olfativa: degradados m\u00ednimos, logotipos llamativos o ilustraciones completas. su forma redonda destaca en las estanter\u00edas y se apila perfectamente para guardarlo. es un envase resistente y reutilizable que parece listo para regalo y apoya un mensaje ecol\u00f3gico al mejor precio.<\/p>","protected":false},"excerpt":{"rendered":"<p>envase tubular de papel reciclado para velas con portafrascos interior para un ajuste perfecto. los tama\u00f1os personalizados y la impresi\u00f3n personalizada crean un aspecto de primera calidad, listo para regalo, a la vez que ayudan a proteger los tarros durante el env\u00edo.<\/p>","protected":false},"featured_media":1462,"template":"","meta":{"_gspb_post_css":""},"product_brand":[],"product_cat":[17],"product_tag":[854,113,51,400,855,856],"class_list":{"0":"post-1459","1":"product","2":"type-product","3":"status-publish","4":"has-post-thumbnail","6":"product_cat-candle-paper-tubes","7":"product_tag-candle-jar-holder","8":"product_tag-candle-tube-packaging","9":"product_tag-cardboard-tube-box","10":"product_tag-custom-printed-tube","11":"product_tag-recycled-paper-packaging","12":"product_tag-round-gift-tube-box","14":"first","15":"instock","16":"shipping-taxable","17":"product-type-simple"},"_links":{"self":[{"href":"https:\/\/custompapertubeboxes.com\/es\/wp-json\/wp\/v2\/product\/1459","targetHints":{"allow":["GET"]}}],"collection":[{"href":"https:\/\/custompapertubeboxes.com\/es\/wp-json\/wp\/v2\/product"}],"about":[{"href":"https:\/\/custompapertubeboxes.com\/es\/wp-json\/wp\/v2\/types\/product"}],"wp:featuredmedia":[{"embeddable":true,"href":"https:\/\/custompapertubeboxes.com\/es\/wp-json\/wp\/v2\/media\/1462"}],"wp:attachment":[{"href":"https:\/\/custompapertubeboxes.com\/es\/wp-json\/wp\/v2\/media?parent=1459"}],"wp:term":[{"taxonomy":"product_brand","embeddable":true,"href":"https:\/\/custompapertubeboxes.com\/es\/wp-json\/wp\/v2\/product_brand?post=1459"},{"taxonomy":"product_cat","embeddable":true,"href":"https:\/\/custompapertubeboxes.com\/es\/wp-json\/wp\/v2\/product_cat?post=1459"},{"taxonomy":"product_tag","embeddable":true,"href":"https:\/\/custompapertubeboxes.com\/es\/wp-json\/wp\/v2\/product_tag?post=1459"}],"curies":[{"name":"wp","href":"https:\/\/api.w.org\/{rel}","templated":true}]}}