{"id":1665,"date":"2025-12-31T03:21:45","date_gmt":"2025-12-31T03:21:45","guid":{"rendered":"https:\/\/custompapertubeboxes.com\/?post_type=product&#038;p=1665"},"modified":"2025-12-31T03:21:45","modified_gmt":"2025-12-31T03:21:45","slug":"aluminum-foil-tea-paper-tube-packaging-cardboard-cylinder-container-with-metal-lid","status":"publish","type":"product","link":"https:\/\/custompapertubeboxes.com\/es\/aluminum-foil-tea-paper-tube-packaging-cardboard-cylinder-container-with-metal-lid\/","title":{"rendered":"Envase de papel de aluminio para t\u00e9 Envase cil\u00edndrico de cart\u00f3n con tapa met\u00e1lica"},"content":{"rendered":"<p>el envase de tubo de papel de aluminio para t\u00e9 mantiene el t\u00e9 fresco y ofrece un aspecto tranquilo y de calidad en el estante. el cilindro de cart\u00f3n de 5\u00d713 cm est\u00e1 fabricado con papel r\u00edgido de 800 g\/m\u00b2 para ofrecer un cuerpo resistente y, a continuaci\u00f3n, se envuelve en papel art\u00edstico de 125 g\/m\u00b2 para ofrecer unos gr\u00e1ficos suaves y detallados. en el interior, una capa de papel de aluminio ayuda a ralentizar la transferencia de humedad y olores, protegiendo el aroma y el sabor. La impresi\u00f3n en offset ofrece textos y dise\u00f1os n\u00edtidos, la estampaci\u00f3n en caliente realza la marca y el plastificado mate reduce los ara\u00f1azos. ideal para hojas sueltas, sobres o mezclas.<\/p>","protected":false},"excerpt":{"rendered":"<p>Envase de tubo de papel de t\u00e9 de 5\u00d713 cm con tapa met\u00e1lica y forro de papel de aluminio. Fabricado con papel r\u00edgido de 800 g\/m\u00b2, envuelto en papel art\u00edstico de 125 g\/m\u00b2, impreso en offset, estampado en l\u00e1mina, acabado mate.<\/p>","protected":false},"featured_media":1672,"template":"","meta":{"_gspb_post_css":""},"product_brand":[],"product_cat":[20,22],"product_tag":[169,838,822,493,934,658],"class_list":{"0":"post-1665","1":"product","2":"type-product","3":"status-publish","4":"has-post-thumbnail","6":"product_cat-food-paper-tubes","7":"product_cat-tea-paper-tubes","8":"product_tag-aluminum-foil-lined-tube","9":"product_tag-cardboard-cylinder-container","10":"product_tag-hot-foil-stamped-packaging","11":"product_tag-matte-laminated-tube-box","12":"product_tag-metal-lid-tea-canister","13":"product_tag-tea-paper-tube-packaging","15":"first","16":"instock","17":"shipping-taxable","18":"product-type-simple"},"_links":{"self":[{"href":"https:\/\/custompapertubeboxes.com\/es\/wp-json\/wp\/v2\/product\/1665","targetHints":{"allow":["GET"]}}],"collection":[{"href":"https:\/\/custompapertubeboxes.com\/es\/wp-json\/wp\/v2\/product"}],"about":[{"href":"https:\/\/custompapertubeboxes.com\/es\/wp-json\/wp\/v2\/types\/product"}],"wp:featuredmedia":[{"embeddable":true,"href":"https:\/\/custompapertubeboxes.com\/es\/wp-json\/wp\/v2\/media\/1672"}],"wp:attachment":[{"href":"https:\/\/custompapertubeboxes.com\/es\/wp-json\/wp\/v2\/media?parent=1665"}],"wp:term":[{"taxonomy":"product_brand","embeddable":true,"href":"https:\/\/custompapertubeboxes.com\/es\/wp-json\/wp\/v2\/product_brand?post=1665"},{"taxonomy":"product_cat","embeddable":true,"href":"https:\/\/custompapertubeboxes.com\/es\/wp-json\/wp\/v2\/product_cat?post=1665"},{"taxonomy":"product_tag","embeddable":true,"href":"https:\/\/custompapertubeboxes.com\/es\/wp-json\/wp\/v2\/product_tag?post=1665"}],"curies":[{"name":"wp","href":"https:\/\/api.w.org\/{rel}","templated":true}]}}