{"id":1778,"date":"2025-12-31T06:03:10","date_gmt":"2025-12-31T06:03:10","guid":{"rendered":"https:\/\/custompapertubeboxes.com\/?post_type=product&#038;p=1778"},"modified":"2025-12-31T06:03:11","modified_gmt":"2025-12-31T06:03:11","slug":"aluminum-foil-easy-peel-off-lid-cbd-paper-tube-packaging-paper-cans-paper-canister","status":"publish","type":"product","link":"https:\/\/custompapertubeboxes.com\/es\/aluminum-foil-easy-peel-off-lid-cbd-paper-tube-packaging-paper-cans-paper-canister\/","title":{"rendered":"Papel de aluminio Easy Peel Off Tapa CBD Tubo de papel Embalaje Latas de papel Bote de papel"},"content":{"rendered":"<p>el cuerpo de papel r\u00edgido de 800 g\/m\u00b2 mantiene su forma durante el transporte, mientras que el papel art\u00edstico de 125 g\/m\u00b2 admite una impresi\u00f3n offset n\u00edtida y un estampado en caliente opcional para lograr un aspecto limpio y de primera calidad. en el interior, una tapa de aluminio de f\u00e1cil apertura a\u00f1ade un precinto de seguridad y ayuda a mantener la frescura. a continuaci\u00f3n, la tapa se cierra herm\u00e9ticamente para el transporte diario. acabado con laminado mate, resiste los ara\u00f1azos y las huellas dactilares, por lo que se mantiene listo para la fotograf\u00eda. con un tama\u00f1o de 6\u00d710 cm, es ideal para gominolas, caramelos de menta, c\u00e1psulas o peque\u00f1os suplementos. f\u00e1cil de reutilizar y de abrir.<\/p>","protected":false},"excerpt":{"rendered":"<p>bote compacto de papel mate para gominolas de cbd, fabricado con un n\u00facleo r\u00edgido de 800gsm y un tama\u00f1o de 6\u00d710 cm. cuenta con un sello de papel de aluminio f\u00e1cil de pelar y una tapa ajustada para mayor frescura y para viajes.<\/p>","protected":false},"featured_media":1785,"template":"","meta":{"_gspb_post_css":""},"product_brand":[],"product_cat":[20,23],"product_tag":[980,977,976,978,609,979],"class_list":{"0":"post-1778","1":"product","2":"type-product","3":"status-publish","4":"has-post-thumbnail","6":"product_cat-food-paper-tubes","7":"product_cat-food-supplement-paper-tubes","8":"product_tag-6x10cm-paper-canister","9":"product_tag-aluminum-foil-peel-lid-canister","10":"product_tag-cbd-paper-tube-packaging","11":"product_tag-gummies-paper-can","12":"product_tag-matte-laminated-cylinder-packaging","13":"product_tag-rigid-cardboard-tube-box","15":"first","16":"instock","17":"shipping-taxable","18":"product-type-simple"},"_links":{"self":[{"href":"https:\/\/custompapertubeboxes.com\/es\/wp-json\/wp\/v2\/product\/1778","targetHints":{"allow":["GET"]}}],"collection":[{"href":"https:\/\/custompapertubeboxes.com\/es\/wp-json\/wp\/v2\/product"}],"about":[{"href":"https:\/\/custompapertubeboxes.com\/es\/wp-json\/wp\/v2\/types\/product"}],"wp:featuredmedia":[{"embeddable":true,"href":"https:\/\/custompapertubeboxes.com\/es\/wp-json\/wp\/v2\/media\/1785"}],"wp:attachment":[{"href":"https:\/\/custompapertubeboxes.com\/es\/wp-json\/wp\/v2\/media?parent=1778"}],"wp:term":[{"taxonomy":"product_brand","embeddable":true,"href":"https:\/\/custompapertubeboxes.com\/es\/wp-json\/wp\/v2\/product_brand?post=1778"},{"taxonomy":"product_cat","embeddable":true,"href":"https:\/\/custompapertubeboxes.com\/es\/wp-json\/wp\/v2\/product_cat?post=1778"},{"taxonomy":"product_tag","embeddable":true,"href":"https:\/\/custompapertubeboxes.com\/es\/wp-json\/wp\/v2\/product_tag?post=1778"}],"curies":[{"name":"wp","href":"https:\/\/api.w.org\/{rel}","templated":true}]}}