{"id":199,"date":"2025-12-27T10:56:42","date_gmt":"2025-12-27T10:56:42","guid":{"rendered":"https:\/\/custompapertubeboxes.com\/?post_type=product&#038;p=199"},"modified":"2025-12-29T07:39:14","modified_gmt":"2025-12-29T07:39:14","slug":"custom-logo-whisky-champagne-bottle-paper-round-tube-package","status":"publish","type":"product","link":"https:\/\/custompapertubeboxes.com\/es\/custom-logo-whisky-champagne-bottle-paper-round-tube-package\/","title":{"rendered":"Logotipo personalizado Whisky Champ\u00e1n Botella de papel Tubo redondo Paquete"},"content":{"rendered":"<p>el envase de tubo redondo de papel con logotipo personalizado para botellas de whisky y champ\u00e1n est\u00e1 pensado para proteger una sola botella y, al mismo tiempo, hacer que el momento sea de primera calidad. el n\u00facleo de papel r\u00edgido de 800 g\/m\u00b2 proporciona resistencia al tubo, envuelto en papel art\u00edstico liso de 125 g\/m\u00b2 para una impresi\u00f3n offset limpia. El formato de 8\u00d716 cm se adapta a muchas botellas est\u00e1ndar de licores y espumosos, y la tapa ajustada mantiene todo firme durante el env\u00edo, el regalo y la exposici\u00f3n en el punto de venta. elija los colores, los accesorios interiores y las tapas para que se adapten perfectamente a la historia de su marca.<\/p>","protected":false},"excerpt":{"rendered":"<p>envase de tubo redondo de papel con logotipo personalizado para botella de champ\u00e1n y whisky fabricado con cart\u00f3n r\u00edgido de 800 g\/m\u00b2 y papel art\u00edstico de 125 g\/m\u00b2, impresi\u00f3n offset, detalles en caliente y plastificado mate en un elegante tama\u00f1o de 8\u00d716 cm.<\/p>","protected":false},"featured_media":202,"template":"","meta":{"_gspb_post_css":""},"product_brand":[],"product_cat":[20,26],"product_tag":[338,341,110,340,69,339],"class_list":{"0":"post-199","1":"product","2":"type-product","3":"status-publish","4":"has-post-thumbnail","6":"product_cat-food-paper-tubes","7":"product_cat-spirits-wine-paper-tubes","8":"product_tag-bottle-paper-tube-box","9":"product_tag-custom-logo-packaging","10":"product_tag-hot-foil-stamping","11":"product_tag-matte-lamination","12":"product_tag-paper-tube-packaging","13":"product_tag-rigid-paper-cylinder","15":"first","16":"instock","17":"shipping-taxable","18":"product-type-simple"},"_links":{"self":[{"href":"https:\/\/custompapertubeboxes.com\/es\/wp-json\/wp\/v2\/product\/199","targetHints":{"allow":["GET"]}}],"collection":[{"href":"https:\/\/custompapertubeboxes.com\/es\/wp-json\/wp\/v2\/product"}],"about":[{"href":"https:\/\/custompapertubeboxes.com\/es\/wp-json\/wp\/v2\/types\/product"}],"wp:featuredmedia":[{"embeddable":true,"href":"https:\/\/custompapertubeboxes.com\/es\/wp-json\/wp\/v2\/media\/202"}],"wp:attachment":[{"href":"https:\/\/custompapertubeboxes.com\/es\/wp-json\/wp\/v2\/media?parent=199"}],"wp:term":[{"taxonomy":"product_brand","embeddable":true,"href":"https:\/\/custompapertubeboxes.com\/es\/wp-json\/wp\/v2\/product_brand?post=199"},{"taxonomy":"product_cat","embeddable":true,"href":"https:\/\/custompapertubeboxes.com\/es\/wp-json\/wp\/v2\/product_cat?post=199"},{"taxonomy":"product_tag","embeddable":true,"href":"https:\/\/custompapertubeboxes.com\/es\/wp-json\/wp\/v2\/product_tag?post=199"}],"curies":[{"name":"wp","href":"https:\/\/api.w.org\/{rel}","templated":true}]}}