{"id":253,"date":"2025-12-27T13:14:42","date_gmt":"2025-12-27T13:14:42","guid":{"rendered":"https:\/\/custompapertubeboxes.com\/?post_type=product&#038;p=253"},"modified":"2025-12-29T07:26:02","modified_gmt":"2025-12-29T07:26:02","slug":"food-grade-biodegradable-cbd-cannabis-gummies-paper-tube-box","status":"publish","type":"product","link":"https:\/\/custompapertubeboxes.com\/es\/food-grade-biodegradable-cbd-cannabis-gummies-paper-tube-box\/","title":{"rendered":"Gominolas de Cannabis CBD Biodegradables de Calidad Alimentaria en Tubo de Papel"},"content":{"rendered":"<p>dise\u00f1ado para las marcas modernas de productos comestibles, este tubo de papel mantiene las gominolas protegidas desde el momento en que se envasan hasta que se abren. el cuerpo utiliza cart\u00f3n biodegradable y un revestimiento de papel encerado apto para uso alimentario que reduce las marcas de grasa y ayuda a controlar el olor. el plastificado brillante proporciona a los gr\u00e1ficos un brillo limpio a la vez que mejora la resistencia a las rozaduras durante el transporte. un tap\u00f3n a prueba de ni\u00f1os a\u00f1ade una pr\u00e1ctica capa de seguridad para el comercio minorista. personalice el tama\u00f1o, la impresi\u00f3n y el acabado y, a continuaci\u00f3n, a\u00f1ada una bandeja o bolsa interior para una mayor frescura. sin a\u00f1adir volumen de pl\u00e1stico adicional.<\/p>","protected":false},"excerpt":{"rendered":"<p>tubo de papel biodegradable y apto para uso alimentario para gominolas de cbd\/cannabis. el interior recubierto de papel encerado ayuda a bloquear el aceite y los olores, el laminado brillante potencia el estante y el tap\u00f3n a prueba de ni\u00f1os a\u00f1ade seguridad.<\/p>","protected":false},"featured_media":258,"template":"","meta":{"_gspb_post_css":""},"product_brand":[],"product_cat":[30],"product_tag":[316,315,72,319,318,317],"class_list":{"0":"post-253","1":"product","2":"type-product","3":"status-publish","4":"has-post-thumbnail","6":"product_cat-cannabis-paper-tubes","7":"product_tag-biodegradable-food-grade-packaging","8":"product_tag-cbd-gummy-paper-tube-box","9":"product_tag-child-resistant-paper-tube","10":"product_tag-custom-printed-gummy-tube","11":"product_tag-glossy-laminated-tube-packaging","12":"product_tag-wax-coated-inner-liner-tube","14":"first","15":"instock","16":"shipping-taxable","17":"product-type-simple"},"_links":{"self":[{"href":"https:\/\/custompapertubeboxes.com\/es\/wp-json\/wp\/v2\/product\/253","targetHints":{"allow":["GET"]}}],"collection":[{"href":"https:\/\/custompapertubeboxes.com\/es\/wp-json\/wp\/v2\/product"}],"about":[{"href":"https:\/\/custompapertubeboxes.com\/es\/wp-json\/wp\/v2\/types\/product"}],"wp:featuredmedia":[{"embeddable":true,"href":"https:\/\/custompapertubeboxes.com\/es\/wp-json\/wp\/v2\/media\/258"}],"wp:attachment":[{"href":"https:\/\/custompapertubeboxes.com\/es\/wp-json\/wp\/v2\/media?parent=253"}],"wp:term":[{"taxonomy":"product_brand","embeddable":true,"href":"https:\/\/custompapertubeboxes.com\/es\/wp-json\/wp\/v2\/product_brand?post=253"},{"taxonomy":"product_cat","embeddable":true,"href":"https:\/\/custompapertubeboxes.com\/es\/wp-json\/wp\/v2\/product_cat?post=253"},{"taxonomy":"product_tag","embeddable":true,"href":"https:\/\/custompapertubeboxes.com\/es\/wp-json\/wp\/v2\/product_tag?post=253"}],"curies":[{"name":"wp","href":"https:\/\/api.w.org\/{rel}","templated":true}]}}