{"id":4157,"date":"2026-04-30T11:10:41","date_gmt":"2026-04-30T11:10:41","guid":{"rendered":"https:\/\/custompapertubeboxes.com\/?post_type=product&#038;p=4157"},"modified":"2026-04-30T11:12:14","modified_gmt":"2026-04-30T11:12:14","slug":"custom-printed-paper-tube-packaging-for-skincare-mist-oils","status":"publish","type":"product","link":"https:\/\/custompapertubeboxes.com\/es\/custom-printed-paper-tube-packaging-for-skincare-mist-oils\/","title":{"rendered":"Envasado en tubo de papel impreso personalizado para aceites nebulizados para el cuidado de la piel"},"content":{"rendered":"<p>Este envase de tubo de papel impreso personalizado est\u00e1 dise\u00f1ado para productos cosm\u00e9ticos, de cuidado de la piel y de bienestar, como brumas faciales, aceites corporales, sueros, aceites esenciales, perfumes y art\u00edculos de belleza a base de hierbas. La estructura cil\u00edndrica confiere al envase un aspecto de primera calidad, al tiempo que ayuda a proteger las botellas de vidrio o pl\u00e1stico durante el almacenamiento, la exposici\u00f3n minorista y el env\u00edo. La muestra presenta un tubo de dos piezas con una tapa ajustada, una superficie lisa impresa en blanco, ilustraciones bot\u00e1nicas naturales y una secci\u00f3n inferior dorada met\u00e1lica para un aspecto de lujo en las estanter\u00edas. Como f\u00e1brica de envases de papel de China, podemos personalizar el di\u00e1metro del tubo, la altura, el grosor del papel, el estilo de la tapa, el soporte interior, el color, el logotipo, las ilustraciones, el laminado mate o brillante, el estampado, el gofrado, el grabado en relieve y los efectos UV puntuales. Este tubo de cart\u00f3n ecol\u00f3gico es adecuado para marcas de belleza que desean un envase reciclable, ligero y atractivo. Es ideal para el lanzamiento de productos, lotes de regalo, l\u00edneas de cuidado de la piel y envases de comercio electr\u00f3nico. Las cantidades m\u00ednimas de pedido y la producci\u00f3n a granel est\u00e1n disponibles en todo el mundo.<\/p>","protected":false},"excerpt":{"rendered":"<p>Envases de tubo de papel personalizados de alta calidad para brumas, aceites, sueros y productos de belleza para el cuidado de la piel. El cart\u00f3n redondo duradero, la impresi\u00f3n a todo color, los detalles de estilo folio y el tap\u00f3n ajustado ayudan a proteger los frascos a la vez que presentan una imagen de marca natural y de lujo para las necesidades de exposici\u00f3n en comercios minoristas, regalos y comercio electr\u00f3nico de todo el mundo.<\/p>","protected":false},"featured_media":4166,"template":"","meta":{"_gspb_post_css":""},"product_brand":[],"product_cat":[15],"product_tag":[584,369,1470,1489,1488,1487],"class_list":{"0":"post-4157","1":"product","2":"type-product","3":"status-publish","4":"has-post-thumbnail","6":"product_cat-cosmetics-paper-tubes","7":"product_tag-cosmetic-paper-tube-box","8":"product_tag-custom-paper-tube-packaging","9":"product_tag-eco-friendly-paper-packaging","10":"product_tag-luxury-beauty-packaging","11":"product_tag-printed-cardboard-tube","12":"product_tag-skincare-mist-packaging","14":"first","15":"instock","16":"shipping-taxable","17":"product-type-simple"},"_links":{"self":[{"href":"https:\/\/custompapertubeboxes.com\/es\/wp-json\/wp\/v2\/product\/4157","targetHints":{"allow":["GET"]}}],"collection":[{"href":"https:\/\/custompapertubeboxes.com\/es\/wp-json\/wp\/v2\/product"}],"about":[{"href":"https:\/\/custompapertubeboxes.com\/es\/wp-json\/wp\/v2\/types\/product"}],"wp:featuredmedia":[{"embeddable":true,"href":"https:\/\/custompapertubeboxes.com\/es\/wp-json\/wp\/v2\/media\/4166"}],"wp:attachment":[{"href":"https:\/\/custompapertubeboxes.com\/es\/wp-json\/wp\/v2\/media?parent=4157"}],"wp:term":[{"taxonomy":"product_brand","embeddable":true,"href":"https:\/\/custompapertubeboxes.com\/es\/wp-json\/wp\/v2\/product_brand?post=4157"},{"taxonomy":"product_cat","embeddable":true,"href":"https:\/\/custompapertubeboxes.com\/es\/wp-json\/wp\/v2\/product_cat?post=4157"},{"taxonomy":"product_tag","embeddable":true,"href":"https:\/\/custompapertubeboxes.com\/es\/wp-json\/wp\/v2\/product_tag?post=4157"}],"curies":[{"name":"wp","href":"https:\/\/api.w.org\/{rel}","templated":true}]}}