{"id":490,"date":"2025-12-29T03:54:50","date_gmt":"2025-12-29T03:54:50","guid":{"rendered":"https:\/\/custompapertubeboxes.com\/?post_type=product&#038;p=490"},"modified":"2025-12-29T06:03:08","modified_gmt":"2025-12-29T06:03:08","slug":"airtight-composite-hot-chocolate-powder-paper-tube-packaging","status":"publish","type":"product","link":"https:\/\/custompapertubeboxes.com\/es\/airtight-composite-hot-chocolate-powder-paper-tube-packaging\/","title":{"rendered":"Tubo de papel herm\u00e9tico compuesto para chocolate caliente en polvo"},"content":{"rendered":"<p>el envase herm\u00e9tico de tubo de papel compuesto para chocolate caliente en polvo combina la funcionalidad con un dise\u00f1o refinado. fabricado con materiales aptos para uso alimentario, este envase de papel compuesto garantiza un contacto seguro con las bebidas en polvo, al tiempo que preserva el aroma y la frescura. su estructura herm\u00e9tica protege el contenido de la humedad y el aire, prolongando su vida \u00fatil de forma natural. su superficie lisa y su impresi\u00f3n limpia realzan su atractivo en el lineal, por lo que resulta ideal para cacao de primera calidad, mezclas de bebidas y colecciones para regalo. totalmente reciclable y fabricado pensando en la sostenibilidad, este envase de tubo de papel ofrece una alternativa moderna a los envases de pl\u00e1stico, ofreciendo tanto responsabilidad medioambiental como una experiencia reconfortante y de alta calidad para el consumidor.<\/p>","protected":false},"excerpt":{"rendered":"<p>Dise\u00f1ado para ofrecer calidez y frescura, este tubo herm\u00e9tico de papel compuesto mantiene protegido el chocolate caliente en polvo a la vez que ofrece un aspecto suave y de primera calidad utilizando materiales sostenibles de calidad alimentaria.<\/p>","protected":false},"featured_media":491,"template":"","meta":{"_gspb_post_css":""},"product_brand":[],"product_cat":[20,23],"product_tag":[195,194,104,193,69,196],"class_list":{"0":"post-490","1":"product","2":"type-product","3":"status-publish","4":"has-post-thumbnail","6":"product_cat-food-paper-tubes","7":"product_cat-food-supplement-paper-tubes","8":"product_tag-airtight-paper-canister","9":"product_tag-composite-paper-tube","10":"product_tag-food-grade-packaging","11":"product_tag-hot-chocolate-canister","12":"product_tag-paper-tube-packaging","13":"product_tag-recyclable-paper-box","15":"first","16":"instock","17":"shipping-taxable","18":"product-type-simple"},"_links":{"self":[{"href":"https:\/\/custompapertubeboxes.com\/es\/wp-json\/wp\/v2\/product\/490","targetHints":{"allow":["GET"]}}],"collection":[{"href":"https:\/\/custompapertubeboxes.com\/es\/wp-json\/wp\/v2\/product"}],"about":[{"href":"https:\/\/custompapertubeboxes.com\/es\/wp-json\/wp\/v2\/types\/product"}],"wp:featuredmedia":[{"embeddable":true,"href":"https:\/\/custompapertubeboxes.com\/es\/wp-json\/wp\/v2\/media\/491"}],"wp:attachment":[{"href":"https:\/\/custompapertubeboxes.com\/es\/wp-json\/wp\/v2\/media?parent=490"}],"wp:term":[{"taxonomy":"product_brand","embeddable":true,"href":"https:\/\/custompapertubeboxes.com\/es\/wp-json\/wp\/v2\/product_brand?post=490"},{"taxonomy":"product_cat","embeddable":true,"href":"https:\/\/custompapertubeboxes.com\/es\/wp-json\/wp\/v2\/product_cat?post=490"},{"taxonomy":"product_tag","embeddable":true,"href":"https:\/\/custompapertubeboxes.com\/es\/wp-json\/wp\/v2\/product_tag?post=490"}],"curies":[{"name":"wp","href":"https:\/\/api.w.org\/{rel}","templated":true}]}}