{"id":607,"date":"2025-12-29T08:52:14","date_gmt":"2025-12-29T08:52:14","guid":{"rendered":"https:\/\/custompapertubeboxes.com\/?post_type=product&#038;p=607"},"modified":"2025-12-29T09:02:51","modified_gmt":"2025-12-29T09:02:51","slug":"jigsaw-paper-tube-packaging-puzzle-cardboard-cylinder-boxes","status":"publish","type":"product","link":"https:\/\/custompapertubeboxes.com\/es\/jigsaw-paper-tube-packaging-puzzle-cardboard-cylinder-boxes\/","title":{"rendered":"Jigsaw Tubo de papel Embalaje Puzzle Cajas cil\u00edndricas de cart\u00f3n"},"content":{"rendered":"<p>el tubo r\u00edgido resiste el aplastamiento, mientras que el plastificado mate mantiene las ilustraciones limpias a pesar de las manos ocupadas y el juego repetido. la impresi\u00f3n de alta calidad hace que su marca o ilustraci\u00f3n tenga un aspecto n\u00edtido, desde la estanter\u00eda hasta el papel de regalo. un asa de cuerda suave convierte el almacenamiento en una bolsa de transporte para viajes, aulas y fines de semana en casa de la abuela. en el interior, la pared lisa ayuda a que las piezas salgan sin engancharse en las esquinas. personaliza los colores, los dibujos y los cierres para que encajen con la historia de tu puzzle. se apila perfectamente para exponerlo de forma ordenada.<\/p>","protected":false},"excerpt":{"rendered":"<p>caja de rompecabezas para ni\u00f1os con cart\u00f3n resistente, acabado mate y brillantes impresiones en offset. el asa de cuerda facilita su transporte, mientras que el cilindro r\u00edgido mantiene las piezas seguras y ordenadas para regalo o viaje.<\/p>","protected":false},"featured_media":609,"template":"","meta":{"_gspb_post_css":""},"product_brand":[],"product_cat":[28],"product_tag":[403,400,402,340,55,404],"class_list":{"0":"post-607","1":"product","2":"type-product","3":"status-publish","4":"has-post-thumbnail","6":"product_cat-apparel-paper-tubes","7":"product_tag-cardboard-cylinder-box","8":"product_tag-custom-printed-tube","9":"product_tag-jigsaw-puzzle-packaging","10":"product_tag-matte-lamination","11":"product_tag-paper-tube-box","12":"product_tag-rope-handle-packaging","14":"first","15":"instock","16":"shipping-taxable","17":"product-type-simple"},"_links":{"self":[{"href":"https:\/\/custompapertubeboxes.com\/es\/wp-json\/wp\/v2\/product\/607","targetHints":{"allow":["GET"]}}],"collection":[{"href":"https:\/\/custompapertubeboxes.com\/es\/wp-json\/wp\/v2\/product"}],"about":[{"href":"https:\/\/custompapertubeboxes.com\/es\/wp-json\/wp\/v2\/types\/product"}],"wp:featuredmedia":[{"embeddable":true,"href":"https:\/\/custompapertubeboxes.com\/es\/wp-json\/wp\/v2\/media\/609"}],"wp:attachment":[{"href":"https:\/\/custompapertubeboxes.com\/es\/wp-json\/wp\/v2\/media?parent=607"}],"wp:term":[{"taxonomy":"product_brand","embeddable":true,"href":"https:\/\/custompapertubeboxes.com\/es\/wp-json\/wp\/v2\/product_brand?post=607"},{"taxonomy":"product_cat","embeddable":true,"href":"https:\/\/custompapertubeboxes.com\/es\/wp-json\/wp\/v2\/product_cat?post=607"},{"taxonomy":"product_tag","embeddable":true,"href":"https:\/\/custompapertubeboxes.com\/es\/wp-json\/wp\/v2\/product_tag?post=607"}],"curies":[{"name":"wp","href":"https:\/\/api.w.org\/{rel}","templated":true}]}}