{"id":636,"date":"2025-12-29T09:24:52","date_gmt":"2025-12-29T09:24:52","guid":{"rendered":"https:\/\/custompapertubeboxes.com\/?post_type=product&#038;p=636"},"modified":"2025-12-29T09:24:53","modified_gmt":"2025-12-29T09:24:53","slug":"flat-edge-custom-perfume-paper-cylinder-box-tube-packaging","status":"publish","type":"product","link":"https:\/\/custompapertubeboxes.com\/es\/flat-edge-custom-perfume-paper-cylinder-box-tube-packaging\/","title":{"rendered":"Cilindro de papel para perfumer\u00eda con bordes planos"},"content":{"rendered":"<p>el envase de tubo cil\u00edndrico de papel para perfumes personalizado con borde plano est\u00e1 dise\u00f1ado para ofrecer una sensaci\u00f3n de calidad en la mano y fiabilidad durante el transporte. el cuerpo de cart\u00f3n negro confiere al tubo estructura y un aspecto moderno y mate, mientras que el estampado en caliente plateado a\u00f1ade una firma n\u00edtida y de alta gama bajo la luz. los bordes planos de la parte superior e inferior ayudan a que el tubo se asiente perfectamente en mostradores y estuches de regalo sin tambalearse. en el interior, un soporte de espuma amortigua el frasco, reduciendo el movimiento y el impacto durante el env\u00edo. ideal para extrait, eau de parfum o ediciones limitadas, es totalmente personalizable con tama\u00f1o, ilustraciones y detalles de acabado para adaptarse a la historia de su marca.<\/p>","protected":false},"excerpt":{"rendered":"<p>El envase de tubo cil\u00edndrico de papel para perfumes personalizado con borde plano combina cart\u00f3n negro con detalles de papel de plata y un soporte de espuma, que mantiene los frascos seguros a la vez que ofrece un aspecto elegante en la estanter\u00eda.<\/p>","protected":false},"featured_media":639,"template":"","meta":{"_gspb_post_css":""},"product_brand":[],"product_cat":[18],"product_tag":[354,420,182,419,418,353],"class_list":{"0":"post-636","1":"product","2":"type-product","3":"status-publish","4":"has-post-thumbnail","6":"product_cat-perfume-paper-tubes","7":"product_tag-black-cardboard-tube","8":"product_tag-flat-edge-paper-tube","9":"product_tag-foam-insert-packaging","10":"product_tag-paper-cylinder-box","11":"product_tag-perfume-tube-packaging","12":"product_tag-silver-foil-stamping","14":"first","15":"instock","16":"shipping-taxable","17":"product-type-simple"},"_links":{"self":[{"href":"https:\/\/custompapertubeboxes.com\/es\/wp-json\/wp\/v2\/product\/636","targetHints":{"allow":["GET"]}}],"collection":[{"href":"https:\/\/custompapertubeboxes.com\/es\/wp-json\/wp\/v2\/product"}],"about":[{"href":"https:\/\/custompapertubeboxes.com\/es\/wp-json\/wp\/v2\/types\/product"}],"wp:featuredmedia":[{"embeddable":true,"href":"https:\/\/custompapertubeboxes.com\/es\/wp-json\/wp\/v2\/media\/639"}],"wp:attachment":[{"href":"https:\/\/custompapertubeboxes.com\/es\/wp-json\/wp\/v2\/media?parent=636"}],"wp:term":[{"taxonomy":"product_brand","embeddable":true,"href":"https:\/\/custompapertubeboxes.com\/es\/wp-json\/wp\/v2\/product_brand?post=636"},{"taxonomy":"product_cat","embeddable":true,"href":"https:\/\/custompapertubeboxes.com\/es\/wp-json\/wp\/v2\/product_cat?post=636"},{"taxonomy":"product_tag","embeddable":true,"href":"https:\/\/custompapertubeboxes.com\/es\/wp-json\/wp\/v2\/product_tag?post=636"}],"curies":[{"name":"wp","href":"https:\/\/api.w.org\/{rel}","templated":true}]}}