{"id":677,"date":"2025-12-29T10:17:23","date_gmt":"2025-12-29T10:17:23","guid":{"rendered":"https:\/\/custompapertubeboxes.com\/?post_type=product&#038;p=677"},"modified":"2025-12-29T10:17:23","modified_gmt":"2025-12-29T10:17:23","slug":"peelable-lid-paper-canister-aluminum-foil-lining-paper-cans","status":"publish","type":"product","link":"https:\/\/custompapertubeboxes.com\/es\/peelable-lid-paper-canister-aluminum-foil-lining-paper-cans\/","title":{"rendered":"Bote de papel con tapa pelable Forro de papel de aluminio Latas de papel"},"content":{"rendered":"<p>Los botes de papel con tapa pelable y revestimiento de papel de aluminio dan a su producto una sensaci\u00f3n de calidad en el estante sin sacrificar la protecci\u00f3n. Fabricado con cart\u00f3n apto para uso alimentario, el cilindro r\u00edgido resiste el aplastamiento durante el transporte y se apila limpiamente en los expositores de los comercios. La parte superior se abre f\u00e1cilmente para los clientes, mientras que la barrera de aluminio ayuda a bloquear la humedad, el ox\u00edgeno y la transferencia de aromas para mantener fresco el contenido. El lujoso exterior dorado est\u00e1 listo para impresi\u00f3n personalizada, relieve o detalles en caliente. Elija tama\u00f1os, opciones de inserci\u00f3n y acabados para combinar con polvos, c\u00e1psulas, t\u00e9 o aperitivos. A\u00f1ada precintos, bandejas interiores o forros de papel kraft para facilitar el cumplimiento de la normativa y un desembalaje limpio.<\/p>","protected":false},"excerpt":{"rendered":"<p>Lujoso bote de papel dorado con tapa f\u00e1cil de despegar y forro de papel de aluminio. Mantiene las prote\u00ednas, el t\u00e9, los aperitivos o los polvos frescos, secos y seguros. Impresi\u00f3n y tama\u00f1os personalizados disponibles.<\/p>","protected":false},"featured_media":679,"template":"","meta":{"_gspb_post_css":""},"product_brand":[],"product_cat":[20,21],"product_tag":[207,172,446,447,342,448],"class_list":{"0":"post-677","1":"product","2":"type-product","3":"status-publish","4":"has-post-thumbnail","6":"product_cat-food-paper-tubes","7":"product_cat-protein-powder-paper-tubes","8":"product_tag-aluminum-foil-lining-tube","9":"product_tag-custom-printed-paper-tube","10":"product_tag-food-grade-paper-cans","11":"product_tag-gold-cylinder-packaging","12":"product_tag-peelable-lid-paper-canister","13":"product_tag-recyclable-canister-packaging","15":"first","16":"instock","17":"shipping-taxable","18":"product-type-simple"},"_links":{"self":[{"href":"https:\/\/custompapertubeboxes.com\/es\/wp-json\/wp\/v2\/product\/677","targetHints":{"allow":["GET"]}}],"collection":[{"href":"https:\/\/custompapertubeboxes.com\/es\/wp-json\/wp\/v2\/product"}],"about":[{"href":"https:\/\/custompapertubeboxes.com\/es\/wp-json\/wp\/v2\/types\/product"}],"wp:featuredmedia":[{"embeddable":true,"href":"https:\/\/custompapertubeboxes.com\/es\/wp-json\/wp\/v2\/media\/679"}],"wp:attachment":[{"href":"https:\/\/custompapertubeboxes.com\/es\/wp-json\/wp\/v2\/media?parent=677"}],"wp:term":[{"taxonomy":"product_brand","embeddable":true,"href":"https:\/\/custompapertubeboxes.com\/es\/wp-json\/wp\/v2\/product_brand?post=677"},{"taxonomy":"product_cat","embeddable":true,"href":"https:\/\/custompapertubeboxes.com\/es\/wp-json\/wp\/v2\/product_cat?post=677"},{"taxonomy":"product_tag","embeddable":true,"href":"https:\/\/custompapertubeboxes.com\/es\/wp-json\/wp\/v2\/product_tag?post=677"}],"curies":[{"name":"wp","href":"https:\/\/api.w.org\/{rel}","templated":true}]}}