{"id":704,"date":"2025-12-30T01:28:06","date_gmt":"2025-12-30T01:28:06","guid":{"rendered":"https:\/\/custompapertubeboxes.com\/?post_type=product&#038;p=704"},"modified":"2025-12-30T01:28:06","modified_gmt":"2025-12-30T01:28:06","slug":"custom-coffee-bean-tube-paper-canister-with-easy-peel-off-lid","status":"publish","type":"product","link":"https:\/\/custompapertubeboxes.com\/es\/custom-coffee-bean-tube-paper-canister-with-easy-peel-off-lid\/","title":{"rendered":"Bote de papel personalizado con tubo para granos de caf\u00e9 y tapa abref\u00e1cil"},"content":{"rendered":"<p>el envase de cart\u00f3n exterior es c\u00e1lido al tacto y se imprime n\u00edtidamente para gr\u00e1ficos llamativos como el de la muestra. en el interior, un forro de papel de aluminio ayuda a bloquear la humedad y los olores, manteniendo el sabor de los granos y los posos tal y como se tostaron. el fondo met\u00e1lico a\u00f1ade rigidez para que el envase se mantenga erguido en las estanter\u00edas y sobreviva a los env\u00edos. los clientes disfrutan abri\u00e9ndolo f\u00e1cilmente y volvi\u00e9ndolo a cerrar con la tapa. el fondo met\u00e1lico a\u00f1ade rigidez para que el envase se mantenga erguido en las estanter\u00edas y sobreviva al transporte. los clientes disfrutan de la sencilla apertura de apertura, que luego se vuelve a cerrar con el tap\u00f3n. elija tama\u00f1os, acabados e inserciones personalizados para tiradas al por mayor. los materiales ecol\u00f3gicos apoyan su historia de sostenibilidad sin sacrificar la protecci\u00f3n de primera calidad hoy mismo.<\/p>","protected":false},"excerpt":{"rendered":"<p>el envase de papel personalizado en forma de tubo para granos de caf\u00e9 con tapa f\u00e1cil de abrir mantiene el aroma a salvo: cart\u00f3n ecol\u00f3gico en el exterior, forro de papel de aluminio en el interior, fondo met\u00e1lico resistente y un satisfactorio cierre f\u00e1cil de abrir que encanta a los clientes. todos los d\u00edas.<\/p>","protected":false},"featured_media":706,"template":"","meta":{"_gspb_post_css":""},"product_brand":[],"product_cat":[20,24],"product_tag":[467,469,468,470,471,472],"class_list":{"0":"post-704","1":"product","2":"type-product","3":"status-publish","4":"has-post-thumbnail","6":"product_cat-food-paper-tubes","7":"product_cat-coffee-paper-tubes","8":"product_tag-coffee-bean-tube-canister","9":"product_tag-custom-paper-canister","10":"product_tag-easy-peel-off-lid-canister","11":"product_tag-foil-lined-tube-packaging","12":"product_tag-metal-bottom-paper-tube","13":"product_tag-wholesale-coffee-packaging","15":"first","16":"instock","17":"shipping-taxable","18":"product-type-simple"},"_links":{"self":[{"href":"https:\/\/custompapertubeboxes.com\/es\/wp-json\/wp\/v2\/product\/704","targetHints":{"allow":["GET"]}}],"collection":[{"href":"https:\/\/custompapertubeboxes.com\/es\/wp-json\/wp\/v2\/product"}],"about":[{"href":"https:\/\/custompapertubeboxes.com\/es\/wp-json\/wp\/v2\/types\/product"}],"wp:featuredmedia":[{"embeddable":true,"href":"https:\/\/custompapertubeboxes.com\/es\/wp-json\/wp\/v2\/media\/706"}],"wp:attachment":[{"href":"https:\/\/custompapertubeboxes.com\/es\/wp-json\/wp\/v2\/media?parent=704"}],"wp:term":[{"taxonomy":"product_brand","embeddable":true,"href":"https:\/\/custompapertubeboxes.com\/es\/wp-json\/wp\/v2\/product_brand?post=704"},{"taxonomy":"product_cat","embeddable":true,"href":"https:\/\/custompapertubeboxes.com\/es\/wp-json\/wp\/v2\/product_cat?post=704"},{"taxonomy":"product_tag","embeddable":true,"href":"https:\/\/custompapertubeboxes.com\/es\/wp-json\/wp\/v2\/product_tag?post=704"}],"curies":[{"name":"wp","href":"https:\/\/api.w.org\/{rel}","templated":true}]}}