{"id":709,"date":"2025-12-30T01:33:32","date_gmt":"2025-12-30T01:33:32","guid":{"rendered":"https:\/\/custompapertubeboxes.com\/?post_type=product&#038;p=709"},"modified":"2025-12-30T01:33:32","modified_gmt":"2025-12-30T01:33:32","slug":"recyclable-water-bottle-cardboard-packaging-cylinder-tube-box","status":"publish","type":"product","link":"https:\/\/custompapertubeboxes.com\/es\/recyclable-water-bottle-cardboard-packaging-cylinder-tube-box\/","title":{"rendered":"Botella de agua reciclable Embalaje de cart\u00f3n Cilindro Tubo Caja"},"content":{"rendered":"<p>la caja cil\u00edndrica de cart\u00f3n reciclable para botellas de agua proporciona a su botella un aspecto limpio y de primera calidad. el grueso cuerpo de cart\u00f3n ofrece una sensaci\u00f3n de solidez, por lo que el producto se mantiene protegido de los golpes, el polvo y el desgaste de los estantes. la impresi\u00f3n de alta calidad mantiene los degradados, los iconos y el texto fino n\u00edtidos, al igual que el dise\u00f1o de la muestra. el cilindro telesc\u00f3pico se abre con suavidad para que pueda abrirlo como si fuera un regalo y se apila de forma ordenada para la venta al por menor. personalice el tama\u00f1o, el color y los insertos para su l\u00ednea de botellas.<\/p>","protected":false},"excerpt":{"rendered":"<p>botella de agua reciclable envase de cart\u00f3n caja de tubo cil\u00edndrico: tubo de cart\u00f3n resistente con impresi\u00f3n viva, laminaci\u00f3n brillante y detalles uv puntuales que resaltan bajo la luz, hecho para proteger e impresionar.<\/p>","protected":false},"featured_media":716,"template":"","meta":{"_gspb_post_css":""},"product_brand":[],"product_cat":[20,26],"product_tag":[474,477,216,475,476,473],"class_list":{"0":"post-709","1":"product","2":"type-product","3":"status-publish","4":"has-post-thumbnail","6":"product_cat-food-paper-tubes","7":"product_cat-spirits-wine-paper-tubes","8":"product_tag-cardboard-cylinder-tube-box","9":"product_tag-custom-printed-cylinder-box","10":"product_tag-glossy-laminated-tube","11":"product_tag-recyclable-bottle-packaging","12":"product_tag-spot-uv-tube-box","13":"product_tag-water-bottle-tube-packaging","15":"first","16":"instock","17":"shipping-taxable","18":"product-type-simple"},"_links":{"self":[{"href":"https:\/\/custompapertubeboxes.com\/es\/wp-json\/wp\/v2\/product\/709","targetHints":{"allow":["GET"]}}],"collection":[{"href":"https:\/\/custompapertubeboxes.com\/es\/wp-json\/wp\/v2\/product"}],"about":[{"href":"https:\/\/custompapertubeboxes.com\/es\/wp-json\/wp\/v2\/types\/product"}],"wp:featuredmedia":[{"embeddable":true,"href":"https:\/\/custompapertubeboxes.com\/es\/wp-json\/wp\/v2\/media\/716"}],"wp:attachment":[{"href":"https:\/\/custompapertubeboxes.com\/es\/wp-json\/wp\/v2\/media?parent=709"}],"wp:term":[{"taxonomy":"product_brand","embeddable":true,"href":"https:\/\/custompapertubeboxes.com\/es\/wp-json\/wp\/v2\/product_brand?post=709"},{"taxonomy":"product_cat","embeddable":true,"href":"https:\/\/custompapertubeboxes.com\/es\/wp-json\/wp\/v2\/product_cat?post=709"},{"taxonomy":"product_tag","embeddable":true,"href":"https:\/\/custompapertubeboxes.com\/es\/wp-json\/wp\/v2\/product_tag?post=709"}],"curies":[{"name":"wp","href":"https:\/\/api.w.org\/{rel}","templated":true}]}}